{"id":97,"date":"2021-08-06T15:19:29","date_gmt":"2021-08-06T08:19:29","guid":{"rendered":"https:\/\/duyanhsms.wordpress.com\/?p=97"},"modified":"2022-12-17T13:55:15","modified_gmt":"2022-12-17T06:55:15","slug":"quan-ly-san-xuat","status":"publish","type":"page","link":"https:\/\/duyanhsms.com\/index.php\/quan-ly-san-xuat\/","title":{"rendered":"Qu\u1ea3n l\u00fd s\u1ea3n xu\u1ea5t"},"content":{"rendered":"\n<p>l\u00e0 h\u1ec7 th\u1ed1ng h\u1ed7 tr\u1ee3 qu\u1ea3n l\u00fd s\u1ea3n xu\u1ea5t m\u1ed9t c\u00e1ch hi\u1ec7u qu\u1ea3 t\u1eeb \u0111\u01a1n \u0111\u1eb7t h\u00e0ng \u0111\u1ebfn khi c\u00f3 th\u00e0nh ph\u1ea9m. H\u1ec7 th\u1ed1ng n\u00e0y c\u00f3 th\u1ec3 t\u00edch h\u1ee3p v\u00e0o h\u1ec7 th\u1ed1ng qu\u1ea3n tr\u1ecb ERP.<\/p>\n\n\n\n<figure class=\"wp-block-image size-large\"><img loading=\"lazy\" decoding=\"async\" width=\"1024\" height=\"768\" src=\"https:\/\/duyanhsms.com\/wp-content\/uploads\/2022\/12\/8.22_banner-quan-ly-san-xuat-02-1024x768.png\" alt=\"\" class=\"wp-image-626\" srcset=\"https:\/\/duyanhsms.com\/wp-content\/uploads\/2022\/12\/8.22_banner-quan-ly-san-xuat-02-1024x768.png 1024w, https:\/\/duyanhsms.com\/wp-content\/uploads\/2022\/12\/8.22_banner-quan-ly-san-xuat-02-300x225.png 300w, https:\/\/duyanhsms.com\/wp-content\/uploads\/2022\/12\/8.22_banner-quan-ly-san-xuat-02-768x576.png 768w, https:\/\/duyanhsms.com\/wp-content\/uploads\/2022\/12\/8.22_banner-quan-ly-san-xuat-02-1536x1152.png 1536w, https:\/\/duyanhsms.com\/wp-content\/uploads\/2022\/12\/8.22_banner-quan-ly-san-xuat-02-2048x1535.png 2048w\" sizes=\"(max-width: 1024px) 100vw, 1024px\" \/><\/figure>\n\n\n\n<p><strong>H\u1ec7 th\u1ed1ng qu\u1ea3n l\u00fd s\u1ea3n xu\u1ea5t DAS<\/strong><\/p>\n\n\n\n<p>N\u1ebfu nh\u01b0 tr\u01b0\u1edbc \u0111\u00e2y, d\u1eef li\u1ec7u s\u1ea3n xu\u1ea5t \u0111\u1ea7u v\u00e0o c\u1ee7a doanh nghi\u1ec7p t\u00f9y thu\u1ed9c v\u00e0o kh\u1ea3 n\u0103ng nh\u1eadp li\u1ec7u c\u1ee7a nh\u00e2n s\u1ef1 trong t\u1eebng kh\u00e2u. Qu\u00e1 tr\u00ecnh nh\u1eadp li\u1ec7u n\u00e0y s\u1ebd d\u1ec5 x\u1ea3y ra sai s\u00f3t l\u00e0m \u1ea3nh h\u01b0\u1edfng tr\u1ef1c ti\u1ebfp \u0111\u1ebfn qu\u00e1 tr\u00ecnh s\u1ea3n xu\u1ea5t kinh doanh. \u0110\u1ec3 kh\u1eafc ph\u1ee5c t\u00ecnh tr\u1ea1ng tr\u00ean, h\u1ec7 th\u1ed1ng qu\u1ea3n l\u00fd s\u1ea3n xu\u1ea5t DAS l\u00e0 m\u1ed9t gi\u1ea3i ph\u00e1p h\u1eefu hi\u1ec7u \u0111\u1eb7c bi\u1ec7t \u0111\u1ed1i v\u1edbi doanh nghi\u1ec7p s\u1ea3n xu\u1ea5t gia c\u00f4ng v\u1eeba v\u00e0 nh\u1ecf, c\u00f3 ph\u1ee5 thu\u1ed9c l\u1edbn v\u00e0o y\u1ebfu t\u1ed1 con ng\u01b0\u1eddi.&nbsp;<\/p>\n\n\n\n<p>H\u1ec7 th\u1ed1ng qu\u1ea3n l\u00fd s\u1ea3n xu\u1ea5t DAS s\u1ebd h\u1ed7 tr\u1ee3 qu\u00e1 tr\u00ecnh qu\u1ea3n l\u00fd s\u1ea3n xu\u1ea5t c\u1ee7a doanh nghi\u1ec7p m\u1ed9t c\u00e1ch hi\u1ec7u qu\u1ea3, theo quy tr\u00ecnh kh\u00e9p k\u00edn ngay t\u1eeb khi b\u1eaft \u0111\u1ea7u c\u00f3 \u0111\u01a1n \u0111\u1eb7t h\u00e0ng \u0111\u1ebfn khi s\u1ea3n ph\u1ea9m \u0111\u01b0\u1ee3c ho\u00e0n th\u00e0nh. Ngo\u00e0i ra h\u1ec7 th\u1ed1ng n\u00e0y c\u00f3 th\u1ec3 t\u00edch h\u1ee3p v\u00e0o h\u1ec7 th\u1ed1ng qu\u1ea3n tr\u1ecb ERP.<\/p>\n\n\n\n<p>Nh\u1edd v\u00e0o h\u1ec7 th\u1ed1ng nh\u1eadp li\u1ec7u \u0111a d\u1ea1ng c\u0169ng nh\u01b0 c\u00f3 s\u1ef1 t\u1ed5ng h\u1ee3p, \u0111\u1ed1i chi\u1ebfu v\u00e0 b\u1ed5 sung cho nhau t\u1eeb ph\u1ea7n c\u1ee9ng, ph\u1ea7n m\u1ec1m c\u0169ng nh\u01b0 s\u1ef1 k\u1ebft n\u1ed1i c\u01a1 s\u1edf d\u1eef li\u1ec7u th\u1ed1ng nh\u1ea5t (h\u1ec7 th\u1ed1ng \u0111i\u1ec7n to\u00e1n \u0111\u00e1m m\u00e2y) v\u1edbi c\u01a1 s\u1edf xung quanh s\u1ebd gi\u00fap doanh nghi\u1ec7p t\u00ecm ra nguy\u00ean nh\u00e2n c\u0169ng nh\u01b0 c\u00e1ch kh\u1eafc ph\u1ee5c ph\u00f9 h\u1ee3p.&nbsp;<\/p>\n\n\n\n<p>H\u1ec7 th\u1ed1ng n\u00e0y s\u1ebd ph\u00e1t hi\u1ec7n \u0111\u01b0\u1ee3c nh\u1eefng sai s\u00f3t c\u0169ng nh\u01b0 s\u1ef1 b\u1ea5t h\u1ee3p l\u00fd trong qu\u00e1 tr\u00ecnh nh\u1eadp li\u1ec7u v\u00e0 cung c\u1ea5p c\u00e1c th\u00f4ng tin li\u00ean quan gi\u00fap ng\u01b0\u1eddi qu\u1ea3n l\u00fd c\u00f3 th\u1ec3 \u0111\u01b0a ra ph\u01b0\u01a1ng \u00e1n \u0111\u1ec3 t\u1ed1i \u01b0u h\u00f3a s\u1ea3n xu\u1ea5t, c\u0169ng nh\u01b0 theo d\u00f5i t\u1ea5t c\u1ea3 c\u00e1c d\u1eef li\u1ec7u trong ho\u1ea1t \u0111\u1ed9ng s\u1ea3n xu\u1ea5t gi\u1eefa c\u00e1c ph\u00f2ng ban ngay t\u1ea1i th\u1eddi \u0111i\u1ec3m \u0111\u00f3.<\/p>\n\n\n\n<p><strong>H\u1ec7 th\u1ed1ng qu\u1ea3n l\u00fd s\u1ea3n xu\u1ea5t DAS<\/strong><strong> g\u1ed3m c\u00f3 nh\u1eefng ch\u1ee9c n\u0103ng ch\u00ednh nh\u01b0 sau:<\/strong><\/p>\n\n\n\n<p><strong>1. Qu\u1ea3n l\u00fd l\u1ec7nh s\u1ea3n xu\u1ea5t:<\/strong><\/p>\n\n\n\n<p>Ch\u1ee9c n\u0103ng n\u00e0y cho ph\u00e9p ng\u01b0\u1eddi d\u00f9ng thi\u1ebft l\u1eadp v\u00e0 qu\u1ea3n l\u00fd c\u00e1c l\u1ec7nh s\u1ea3n xu\u1ea5t v\u1edbi nh\u1eefng th\u00f4ng tin khai b\u00e1o theo y\u00eau c\u1ea7u \u0111\u1eb7c th\u00f9 m\u1ed9t c\u00e1ch d\u1ec5 d\u00e0ng.&nbsp;<\/p>\n\n\n\n<p>Th\u00f4ng tin c\u1ee7a l\u1ec7nh s\u1ea3n xu\u1ea5t \u0111\u01b0\u1ee3c qu\u1ea3n l\u00fd v\u00e0 th\u1ef1c hi\u1ec7n chuy\u1ec3n l\u1ec7nh s\u1ea3n xu\u1ea5t t\u1eeb Ph\u00f2ng Kinh doanh \u0111\u1ebfn Ph\u00f2ng K\u1ef9 thu\u1eadt v\u00e0 c\u00e1c ph\u00f2ng ban li\u00ean quan kh\u00e1c trong su\u1ed1t qu\u00e1 tr\u00ecnh s\u1ea3n xu\u1ea5t. C\u00f3 s\u1ef1 li\u00ean k\u1ebft d\u1eef li\u1ec7u sang c\u00e1c module nh\u01b0 qu\u1ea3n l\u00fd kho, mua h\u00e0ng, b\u00e1n h\u00e0ng V\u00e0 li\u00ean k\u1ebft v\u1edbi module k\u1ebf ho\u1ea1ch s\u1ea3n xu\u1ea5t. T\u1eeb d\u1eef li\u1ec7u QTCN \u0111\u1ec3 l\u1eadp k\u1ebf ho\u1ea1ch s\u1ea3n xu\u1ea5t d\u1eabn \u0111\u1ebfn ti\u1ebfn \u0111\u1ed9 s\u1ea3n xu\u1ea5t c\u00e1c b\u1ed9 ph\u1eadn c\u00f3 th\u1ec3 theo d\u00f5i d\u1ec5 d\u00e0ng. \u0110i\u1ec1u n\u00e0y gi\u00fap doanh nghi\u1ec7p theo d\u00f5i \u0111\u01b0\u1ee3c quy tr\u00ecnh v\u00e0 qu\u1ea3n l\u00fd \u0111\u01b0\u1ee3c ti\u1ebfn \u0111\u1ed9 s\u1ea3n xu\u1ea5t, t\u1eeb \u0111\u00f3 \u0111\u01b0a ra nh\u1eefng chi\u1ebfn l\u01b0\u1ee3c c\u1ee5 th\u1ec3 \u0111\u1ec3 gia t\u0103ng hi\u1ec7u qu\u1ea3 s\u1ea3n xu\u1ea5t c\u1ee7a m\u00ecnh.&nbsp;&nbsp;&nbsp;<\/p>\n\n\n<div class=\"wp-block-image\">\n<figure class=\"aligncenter\"><img decoding=\"async\" src=\"https:\/\/lh4.googleusercontent.com\/3WGfGvWlGW9GtFLxlkUF6jFhwTnwfpRZR589ZXxlNThjTUZ4rLexGVKtsWdniKXaQIc5JzAofqItXsbKj-m4WfeK10fvlKe6uWozqC5W-orXXzUancjf7aLLghOl5vZdmyfMMBMHwOTf3shX6497DedqxkvZuJlGJoGQmKdcvOGNfthjangiM99k39toseIM_2pgGHAkxg\" alt=\"\"\/><figcaption class=\"wp-element-caption\"><em>\u1ee8ng d\u1ee5ng ph\u1ea7n m\u1ec1m QLSX t\u1ea1i C\u00f4ng ty C\u01a1 kh\u00ed Duy Khanh<\/em><\/figcaption><\/figure><\/div>\n\n\n<p><\/p>\n\n\n\n<p><strong>2<\/strong>. Qu\u1ea3n l\u00fd thi\u1ebft k\u1ebf:&nbsp;<\/p>\n\n\n\n<p>Sau khi nh\u1eadn \u0111\u01b0\u1ee3c l\u1ec7nh s\u1ea3n xu\u1ea5t c\u1ee7a Ph\u00f2ng Kinh Doanh, Ph\u00f2ng K\u1ef9 Thu\u1eadt s\u1ebd b\u1ed1 tr\u00ed nh\u00e2n s\u1ef1 tr\u1ef1c ti\u1ebfp th\u1ef1c hi\u1ec7n thi\u1ebft k\u1ebf theo y\u00eau c\u1ea7u c\u1ee7a l\u1ec7nh s\u1ea3n xu\u1ea5t. \u1ede b\u01b0\u1edbc n\u00e0y, b\u1ed9 ph\u1eadn qu\u1ea3n l\u00fd c\u00f3 th\u1ec3 theo d\u00f5i ti\u1ebfn \u0111\u1ed9 c\u00f4ng vi\u1ec7c \u0111\u1ec3 c\u00f3 ph\u01b0\u01a1ng \u00e1n \u0111i\u1ec1u ch\u1ec9nh ph\u00f9 h\u1ee3p.<\/p>\n\n\n<div class=\"wp-block-image\">\n<figure class=\"aligncenter\"><img decoding=\"async\" src=\"https:\/\/lh4.googleusercontent.com\/GVQhjAJFRPhtv8dx38yabt7BoL-GVjO0i08K9Fu1P7CjEkgjxNTs1QsZnssgnrk8ySs48qjth944emdmW3egeeumtqzaRsZ-bsPXNeUw73bn-yOkSzZKSurGRzVvXxAHwCcdTBIvLOC07pLHlC8cpsqkSTpSVJufXDlD7r9GvXb7JedmfBLbKAxO8kEu34yBxdifsboU5Q\" alt=\"\"\/><figcaption class=\"wp-element-caption\"><em>\u1ee8ng d\u1ee5ng ph\u1ea7n m\u1ec1m t\u1ea1i C\u00f4ng ty C\u01a1 kh\u00ed Duy Khanh<\/em><\/figcaption><\/figure><\/div>\n\n\n<p><\/p>\n\n\n\n<p><strong>3<\/strong>. Ch\u1ee9c n\u0103ng qu\u1ea3n l\u00fd chi ti\u1ebft s\u1ea3n xu\u1ea5t:&nbsp;<\/p>\n\n\n\n<p>Ch\u1ee9c n\u0103ng n\u00e0y gi\u00fap doanh nghi\u1ec7p qu\u1ea3n l\u00fd \u0111\u01b0\u1ee3c danh s\u00e1ch chi ti\u1ebft t\u1eebng \u0111\u1ea7u vi\u1ec7c \u0111\u01b0\u1ee3c t\u1ea1o ra trong qu\u00e1 tr\u00ecnh thi\u1ebft k\u1ebf. Danh s\u00e1ch n\u00e0y s\u1ebd \u0111\u01b0\u1ee3c ph\u00e2n ph\u1ed1i \u0111\u1ebfn c\u00e1c x\u01b0\u1edfng s\u1ea3n xu\u1ea5t \u0111\u1ec3 th\u1ef1c hi\u1ec7n gia c\u00f4ng theo ti\u00eau chu\u1ea9n c\u1ee7a ph\u00f2ng thi\u1ebft k\u1ebf.<\/p>\n\n\n<div class=\"wp-block-image\">\n<figure class=\"aligncenter\"><img decoding=\"async\" src=\"https:\/\/lh4.googleusercontent.com\/qeWkk5zvgH6oroQ19S5BIdBGrvfcl45ahJPgZx6k5jmHwHcNCMX7BP1X9YAZHWurcozb3O66v2754S0EWh5uhV8CetJYnKX1SJXLbJuzLfuVcNfRHYut53KT-iedrmFq5CX_kkZJVqb1VAR0llEWBzjxkOBxZO_ymtbf_5h8vxec3GlhmCBhpLBksjXaCS5ZvoVdvq6BPg\" alt=\"\"\/><figcaption class=\"wp-element-caption\"><em>\u1ee8ng d\u1ee5ng ph\u1ea7n m\u1ec1m t\u1ea1i C\u00f4ng ty C\u01a1 kh\u00ed Duy Khanh<\/em><\/figcaption><\/figure><\/div>\n\n\n<p><\/p>\n\n\n\n<p><strong>4<\/strong>. Ch\u1ee9c n\u0103ng qu\u1ea3n l\u00fd nguy\u00ean v\u1eadt li\u1ec7u s\u1ea3n xu\u1ea5t (BOM):&nbsp;<\/p>\n\n\n\n<p>BOM l\u00e0 c\u01a1 s\u1edf, c\u0103n c\u1ee9 quan tr\u1ecdng \u0111\u1ec3 k\u1ebf ho\u1ea1ch h\u00f3a, t\u00ednh to\u00e1n ki\u1ec3m tra v\u00e0 \u0111\u00e1nh gi\u00e1 c\u00e1c ho\u1ea1t \u0111\u1ed9ng s\u1ea3n xu\u1ea5t kinh doanh n\u00f3i chung v\u00e0 ti\u00eau d\u00f9ng nguy\u00ean v\u1eadt li\u1ec7u n\u00f3i ri\u00eang c\u1ee7a doanh nghi\u1ec7p. H\u1ec7 th\u1ed1ng gi\u00fap c\u00e1c doanh nghi\u1ec7p gi\u1ea3i quy\u1ebft \u0111\u01b0\u1ee3c b\u00e0i to\u00e1n v\u1ec1 ngu\u1ed3n nguy\u00ean v\u1eadt li\u1ec7u hi\u1ec7n c\u00f3 b\u1eb1ng c\u00e1ch li\u00ean k\u1ebft v\u1edbi Kho h\u1ed7 tr\u1ee3 qu\u1ea3n l\u00fd danh s\u00e1ch nguy\u00ean v\u1eadt li\u1ec7u Ph\u00f4i t\u01b0\u01a1ng \u1ee9ng v\u1edbi c\u00e1c chi ti\u1ebft c\u1ea7n s\u1ea3n xu\u1ea5t. Qu\u00e1 tr\u00ecnh n\u00e0y gi\u00fap doanh nghi\u1ec7p ti\u1ebft ki\u1ec7m \u0111\u01b0\u1ee3c th\u1eddi gian s\u1ea3n xu\u1ea5t c\u1ee7a m\u00ecnh. Khi Ph\u00f4i c\u00f3 s\u1eb5n th\u00ec c\u00f3 th\u1ec3 \u0111\u01b0a v\u00e0o gia c\u00f4ng ngay m\u00e0 kh\u00f4ng c\u1ea7n ch\u1edd \u0111\u1ee3i nh\u1eadp Ph\u00f4i.<\/p>\n\n\n<div class=\"wp-block-image\">\n<figure class=\"aligncenter\"><img decoding=\"async\" src=\"https:\/\/lh3.googleusercontent.com\/4o929WjNcVcgpMP8r4psnm2mjvsPspo3GH2kTtsZdTW6IJsd542PisHoLaO1tbf6KL7EEE0L7gnvgjgiPNiiJEeIYbYDkQZFECOMVyfHe5pU-APcK0EVJDWgHfWIUko1v3ewDGiHdVPvWBk5hY6URRb_BGz_JDGfKCYHsW19YdjQBATNeSFIirw8A7PLp96wN7VV324nIQ\" alt=\"\"\/><figcaption class=\"wp-element-caption\"><em>\u1ee8ng d\u1ee5ng ph\u1ea7n m\u1ec1m t\u1ea1i C\u00f4ng ty C\u01a1 kh\u00ed Duy Khanh<\/em><\/figcaption><\/figure><\/div>\n\n\n<p><\/p>\n\n\n\n<p><strong>5<\/strong>. Qu\u1ea3n l\u00fd gia c\u00f4ng:&nbsp;<\/p>\n\n\n\n<p>Bao g\u1ed3m ph\u00e2n c\u00f4ng v\u00e0 th\u1ef1c hi\u1ec7n s\u1ea3n xu\u1ea5t theo c\u00e1c chi ti\u1ebft \u0111\u00e3 \u0111\u01b0\u1ee3c Ph\u00f2ng K\u1ef9 thu\u1eadt thi\u1ebft k\u1ebf, l\u1eafp gh\u00e9p chi ti\u1ebft s\u1ea3n xu\u1ea5t \u0111\u1ec3 t\u1ea1o s\u1ea3n ph\u1ea9m ho\u00e0n ch\u1ec9nh. B\u00ean c\u1ea1nh \u0111\u00f3 h\u1ec7 th\u1ed1ng c\u00f2n gi\u00fap qu\u1ea3n l\u00fd doanh nghi\u1ec7p c\u00f3 th\u1ec3 theo d\u00f5i ti\u1ebfn \u0111\u1ed9 th\u1ef1c hi\u1ec7n c\u1ee7a nguy\u00ean c\u00f4ng \u0111\u1ec3 \u0111\u00f4n \u0111\u1ed1c c\u0169ng nh\u01b0 \u0111\u01b0a ra gi\u1ea3i ph\u00e1p ph\u00f9 h\u1ee3p n\u1ebfu c\u00f3 v\u1ea5n \u0111\u1ec1 \u0111\u1ed9t xu\u1ea5t x\u1ea3y ra trong qu\u00e1 tr\u00ecnh gia c\u00f4ng.<\/p>\n\n\n<div class=\"wp-block-image\">\n<figure class=\"aligncenter\"><img decoding=\"async\" src=\"https:\/\/lh5.googleusercontent.com\/xToTvuuvUlypScTFrhwoWFEkz-h7i9LzK3bmNCuZPNGvDOfDpRRGaGLfNQSYFH6rnXjGPH3VJvt-ArnzOFNFdB4BsbDpEn5NrYk2HeJomfYxEtYuITtdMJHGfoGRfkLqFgRcAAT1LzRJ1cHq9bLweltFK6ytdgRt7GY9LcrA7-3FsHc342tEtW5nlk_VRdVmWTPzAPASAw\" alt=\"\"\/><figcaption class=\"wp-element-caption\"><em>\u1ee8ng d\u1ee5ng ph\u1ea7n m\u1ec1m t\u1ea1i C\u00f4ng ty C\u01a1 kh\u00ed Duy Khanh<\/em><\/figcaption><\/figure><\/div>\n\n\n<p><\/p>\n\n\n\n<p><strong>6<\/strong>. Qu\u1ea3n l\u00fd th\u00e0nh ph\u1ea9m:&nbsp;<\/p>\n\n\n\n<p>Ch\u1ee9c n\u0103ng qu\u1ea3n l\u00fd th\u00e0nh ph\u1ea9m s\u1ebd bao g\u1ed3m c\u1ea3 qu\u00e1 tr\u00ecnh ki\u1ec3m tra v\u00e0 ki\u1ec3m so\u00e1t ch\u1ea5t l\u01b0\u1ee3ng th\u00e0nh ph\u1ea9m nh\u1eadp kho tr\u01b0\u1edbc khi giao h\u00e0ng. Giai \u0111o\u1ea1n n\u00e0y, h\u1ec7 th\u1ed1ng c\u00f3 th\u1ec3 ki\u1ec3m tra \u0111\u01b0\u1ee3c th\u00e0nh ph\u1ea9m b\u1ecb l\u1ed7i \u0111\u1ec3 doanh nghi\u1ec7p t\u00ecm ra gi\u1ea3i ph\u00e1p ph\u00f9 h\u1ee3p,&nbsp; tr\u00e1nh \u0111\u01b0\u1ee3c nh\u1eefng sai s\u00f3t l\u00e0m \u1ea3nh h\u01b0\u1edfng tr\u1ef1c ti\u1ebfp&nbsp; t\u1edbi ch\u1ea5t l\u01b0\u1ee3ng s\u1ea3n ph\u1ea9m c\u0169ng nh\u01b0 ti\u1ebfn \u0111\u1ed9 c\u1ee7a c\u1ea3 d\u00e2y chuy\u1ec1n s\u1ea3n xu\u1ea5t.<\/p>\n\n\n<div class=\"wp-block-image\">\n<figure class=\"aligncenter\"><img decoding=\"async\" src=\"https:\/\/lh6.googleusercontent.com\/Kvk8KRlHX2fDjfXGlZNAxkIAGA1w0agvtSfKBbY4lC37629yHt9bOKuzZCO8FeU2akxhbk1n56UjdsPdYSHZMnQIA2a5zRrlmiVaoNf0FOP_5XKuWlPv6idllUs5jzRbTvVlPhvAPx_vAGlPg-R3wpylHH0NHuEo9ry1dnasVkEmLZcT_XG5YTk4i_FZuTy6WjqYUm32wQ\" alt=\"\"\/><figcaption class=\"wp-element-caption\"><em>\u1ee8ng d\u1ee5ng ph\u1ea7n m\u1ec1m t\u1ea1i C\u00f4ng ty C\u01a1 kh\u00ed Duy Khanh<\/em><\/figcaption><\/figure><\/div>\n\n\n<p><\/p>\n\n\n\n<p><strong>\u01afu \u0111i\u1ec3m c\u1ee7a h\u1ec7 th\u1ed1ng qu\u1ea3n l\u00fd DAS<\/strong><\/p>\n\n\n\n<ul>\n<li>T\u1ed1i \u01b0u h\u00f3a quy tr\u00ecnh s\u1ea3n xu\u1ea5t c\u1ee7a doanh nghi\u1ec7p.<\/li>\n\n\n\n<li>T\u1ed1i \u01b0u h\u00f3a hi\u1ec7u qu\u1ea3 l\u00e0m vi\u1ec7c v\u00e0 qu\u1ea3n l\u00fd.<\/li>\n\n\n\n<li>L\u00e0 c\u00f4ng c\u1ee5 gi\u00fap ng\u01b0\u1eddi qu\u1ea3n l\u00fd ki\u1ec3m so\u00e1t \u0111\u01b0\u1ee3c ho\u1ea1t \u0111\u1ed9ng s\u1ea3n xu\u1ea5t c\u1ee7a doanh nghi\u1ec7p.<\/li>\n\n\n\n<li>Gi\u00fap b\u1ed9 m\u00e1y s\u1ea3n xu\u1ea5t ho\u1ea1t \u0111\u1ed9ng hi\u1ec7u qu\u1ea3<\/li>\n<\/ul>\n\n\n\n<p><\/p>\n","protected":false},"excerpt":{"rendered":"<p>l\u00e0 h\u1ec7 th\u1ed1ng h\u1ed7 tr\u1ee3 qu\u1ea3n l\u00fd s\u1ea3n xu\u1ea5t m\u1ed9t c\u00e1ch hi\u1ec7u qu\u1ea3 t\u1eeb \u0111\u01a1n \u0111\u1eb7t h\u00e0ng \u0111\u1ebfn khi c\u00f3 th\u00e0nh ph\u1ea9m. H\u1ec7 th\u1ed1ng n\u00e0y c\u00f3 th\u1ec3 t\u00edch h\u1ee3p v\u00e0o h\u1ec7 th\u1ed1ng qu\u1ea3n tr\u1ecb ERP. H\u1ec7 th\u1ed1ng qu\u1ea3n l\u00fd s\u1ea3n xu\u1ea5t DAS N\u1ebfu nh\u01b0 tr\u01b0\u1edbc \u0111\u00e2y, d\u1eef li\u1ec7u s\u1ea3n xu\u1ea5t \u0111\u1ea7u v\u00e0o c\u1ee7a doanh nghi\u1ec7p &#8230; <a title=\"Qu\u1ea3n l\u00fd s\u1ea3n xu\u1ea5t\" class=\"read-more\" href=\"https:\/\/duyanhsms.com\/index.php\/quan-ly-san-xuat\/\" aria-label=\"More on Qu\u1ea3n l\u00fd s\u1ea3n xu\u1ea5t\">\u0110\u1ecdc ti\u1ebfp<\/a><\/p>\n","protected":false},"author":2,"featured_media":252,"parent":0,"menu_order":0,"comment_status":"closed","ping_status":"closed","template":"","meta":{"footnotes":""},"_links":{"self":[{"href":"https:\/\/duyanhsms.com\/index.php\/wp-json\/wp\/v2\/pages\/97"}],"collection":[{"href":"https:\/\/duyanhsms.com\/index.php\/wp-json\/wp\/v2\/pages"}],"about":[{"href":"https:\/\/duyanhsms.com\/index.php\/wp-json\/wp\/v2\/types\/page"}],"author":[{"embeddable":true,"href":"https:\/\/duyanhsms.com\/index.php\/wp-json\/wp\/v2\/users\/2"}],"replies":[{"embeddable":true,"href":"https:\/\/duyanhsms.com\/index.php\/wp-json\/wp\/v2\/comments?post=97"}],"version-history":[{"count":4,"href":"https:\/\/duyanhsms.com\/index.php\/wp-json\/wp\/v2\/pages\/97\/revisions"}],"predecessor-version":[{"id":782,"href":"https:\/\/duyanhsms.com\/index.php\/wp-json\/wp\/v2\/pages\/97\/revisions\/782"}],"wp:featuredmedia":[{"embeddable":true,"href":"https:\/\/duyanhsms.com\/index.php\/wp-json\/"}],"wp:attachment":[{"href":"https:\/\/duyanhsms.com\/index.php\/wp-json\/wp\/v2\/media?parent=97"}],"curies":[{"name":"wp","href":"https:\/\/api.w.org\/{rel}","templated":true}]}}