{"id":94,"date":"2021-08-06T15:18:00","date_gmt":"2021-08-06T08:18:00","guid":{"rendered":"https:\/\/duyanhsms.wordpress.com\/?p=94"},"modified":"2022-12-17T13:50:43","modified_gmt":"2022-12-17T06:50:43","slug":"quan-ly-kho","status":"publish","type":"page","link":"https:\/\/duyanhsms.com\/index.php\/quan-ly-kho\/","title":{"rendered":"Qu\u1ea3n l\u00fd kho"},"content":{"rendered":"\n<p><\/p>\n\n\n<div class=\"wp-block-image\">\n<figure class=\"aligncenter size-large\"><img loading=\"lazy\" decoding=\"async\" width=\"1024\" height=\"768\" src=\"https:\/\/duyanhsms.com\/wp-content\/uploads\/2022\/12\/8.22_banner-quan-ly-kho-02-1024x768.png\" alt=\"\" class=\"wp-image-624\" srcset=\"https:\/\/duyanhsms.com\/wp-content\/uploads\/2022\/12\/8.22_banner-quan-ly-kho-02-1024x768.png 1024w, https:\/\/duyanhsms.com\/wp-content\/uploads\/2022\/12\/8.22_banner-quan-ly-kho-02-300x225.png 300w, https:\/\/duyanhsms.com\/wp-content\/uploads\/2022\/12\/8.22_banner-quan-ly-kho-02-768x576.png 768w, https:\/\/duyanhsms.com\/wp-content\/uploads\/2022\/12\/8.22_banner-quan-ly-kho-02-1536x1152.png 1536w, https:\/\/duyanhsms.com\/wp-content\/uploads\/2022\/12\/8.22_banner-quan-ly-kho-02-2048x1536.png 2048w\" sizes=\"(max-width: 1024px) 100vw, 1024px\" \/><\/figure><\/div>\n\n\n<p><strong>H\u1ec7 th\u1ed1ng qu\u1ea3n l\u00fd kho h\u00e0ng DAS<\/strong><\/p>\n\n\n\n<p>\u0110\u1ed1i v\u1edbi m\u1ed9t doanh nghi\u1ec7p, \u0111\u1eb7c bi\u1ec7t l\u00e0 doanh nghi\u1ec7p s\u1ea3n xu\u1ea5t, c\u00e1c nh\u00e0 kho c\u00f3 vai tr\u00f2 r\u1ea5t quan tr\u1ecdng, v\u00ec \u0111\u00f3 l\u00e0 n\u01a1i t\u1eadp trung t\u1ea5t c\u1ea3 c\u00e1c nguy\u00ean li\u1ec7u \u0111\u01b0\u1ee3c s\u1eed d\u1ee5ng cho qu\u00e1 tr\u00ecnh s\u1ea3n xu\u1ea5t t\u1eeb nguy\u00ean li\u1ec7u th\u00f4 \u0111\u1ebfn th\u00e0nh ph\u1ea9m. Tuy nhi\u00ean ph\u1ea7n l\u1edbn c\u00e1c kho h\u00e0ng \u0111\u1ec1u g\u1eb7p ph\u1ea3i v\u1ea5n \u0111\u1ec1 trong qu\u00e1 tr\u00ecnh qu\u1ea3n l\u00fd g\u00e2y th\u1ea5t tho\u00e1t h\u00e0ng h\u00f3a, l\u00e0m \u1ea3nh h\u01b0\u1edfng \u0111\u1ebfn ho\u1ea1t \u0111\u1ed9ng kinh doanh c\u1ee7a doanh nghi\u1ec7p.&nbsp;<\/p>\n\n\n\n<p>V\u00e0 s\u1ef1 ph\u00e1t tri\u1ec3n c\u1ee7a c\u00f4ng ngh\u1ec7 \u0111\u00e3 th\u00fac \u0111\u1ea9y s\u1ef1 \u0111\u1ed5i m\u1edbi, <strong>H\u1ec7 th\u1ed1ng qu\u1ea3n l\u00fd kho h\u00e0ng <\/strong>ra \u0111\u1eddi \u0111\u1ec3 gi\u00fap doanh nghi\u1ec7p t\u1ed1i \u01b0u ho\u00e1 v\u00e0 c\u1ea3i thi\u1ec7n c\u00e1c quy tr\u00ecnh trong qu\u00e1 tr\u00ecnh qu\u1ea3n l\u00fd kho h\u00e0ng c\u1ee7a m\u00ecnh v\u1edbi chi ph\u00ed h\u1ee3p l\u00fd. \u0110\u00e2y l\u00e0 m\u1ed9t ph\u1ea7n m\u1ec1m cho ph\u00e9p doanh nghi\u1ec7p theo d\u00f5i, ki\u1ec3m so\u00e1t, \u0111i\u1ec1u ph\u1ed1i v\u00e0 qu\u1ea3n l\u00fd ho\u1ea1t \u0111\u1ed9ng c\u1ee7a kho t\u1eeb khi h\u00e0ng h\u00f3a ch\u1ec9 l\u00e0 nguy\u00ean li\u1ec7u th\u00f4 cho \u0111\u1ebfn khi tr\u1edf th\u00e0nh th\u00e0nh ph\u1ea9m \u0111\u1ec3 \u0111\u1ebfn tay kh\u00e1ch h\u00e0ng. \u0110\u1ed1i v\u1edbi ng\u01b0\u1eddi d\u00f9ng s\u1eed d\u1ee5ng \u0111i\u1ec7n tho\u1ea1i v\u1eabn c\u00f3 th\u1ec3 thao t\u00e1c xu\u1ea5t nh\u1eadp v\u1eadt t\u01b0 tr\u1ef1c ti\u1ebfp tr\u00ean app m\u00e0 kh\u00f4ng c\u1ea7n ph\u1ea3i m\u1edf m\u00e1y t\u00ednh.<\/p>\n\n\n\n<div class=\"wp-block-columns is-layout-flex wp-container-core-columns-is-layout-2 wp-block-columns-is-layout-flex\">\n<div class=\"wp-block-column is-layout-flow wp-block-column-is-layout-flow\" style=\"flex-basis:100%\">\n<div class=\"wp-block-columns is-layout-flex wp-container-core-columns-is-layout-1 wp-block-columns-is-layout-flex\">\n<div class=\"wp-block-column is-layout-flow wp-block-column-is-layout-flow\"><div class=\"wp-block-image\">\n<figure class=\"aligncenter is-resized\"><img loading=\"lazy\" decoding=\"async\" src=\"https:\/\/lh4.googleusercontent.com\/8lEtqjGCiUktzZYThqrSIXvzBkPOJSDmUY9wX2Bwn4PUKG5_c-jiv5CCRg3_y4wNuO_OP_PARS72AWnV0R7qp9IsTH7QdKMgC8pVWKwMZjsIqx38AiyHzqXcti6_1D81frPHMnRHmR-pIUv5LREjb01yR8cNo574smN8HlRUhdkuG7_eBvHn-Wz6moAIwVBL\" alt=\"\" width=\"388\" height=\"683\"\/><figcaption class=\"wp-element-caption\">App qu\u1ea3n l\u00fd kho tr\u00ean \u0111i\u1ec7n tho\u1ea1i<\/figcaption><\/figure><\/div><\/div>\n\n\n\n<div class=\"wp-block-column is-layout-flow wp-block-column-is-layout-flow\"><div class=\"wp-block-image\">\n<figure class=\"aligncenter\"><img decoding=\"async\" src=\"https:\/\/lh4.googleusercontent.com\/LSHP4T6yYQhxNt68dWr5cszz7p14-WtTKxjNnwYG6fN-10mGO3jFMiSOdf76UxL6bDnGqEE7Wcvpb7Ro39R4CbPO-0Xgrotuqo2u7J2-SRGU6umo-U246BVy7mqB0iDloK7Kg8w69m4Z4pJ-BWI-3_rhc1Bu_M7F58mGCufItv6aD4U7i03oG-Rz3vvv4ATd\" alt=\"\"\/><figcaption class=\"wp-element-caption\"><em>Giao di\u1ec7n ph\u1ea7n m\u1ec1m qu\u1ea3n l\u00fd kho<\/em><\/figcaption><\/figure><\/div><\/div>\n<\/div>\n<\/div>\n<\/div>\n\n\n\n<p><\/p>\n\n\n\n<p><strong>C\u00e1c t\u00ednh n\u0103ng c\u1ee7a h\u1ec7 th\u1ed1ng qu\u1ea3n l\u00fd kho h\u00e0ng th\u00f4ng minh DAS:<\/strong><\/p>\n\n\n\n<p><strong>1<\/strong>. <strong>Qu\u1ea3n l\u00fd danh m\u1ee5c v\u1eadt t\u01b0 h\u00e0ng h\u00f3a<\/strong>: h\u1ec7 th\u1ed1ng s\u1ebd qu\u1ea3n l\u00fd danh s\u00e1ch kho v\u1edbi \u0111\u1ea7y \u0111\u1ee7 t\u1ea5t c\u1ea3 th\u00f4ng tin c\u1ee7a danh m\u1ee5c trong kho nh\u01b0: t\u00ean v\u1eadt t\u01b0 m\u00e0 s\u1ed1 th\u1ebb kho, m\u00f4 t\u1ea3, \u0111\u01a1n gi\u00e1, s\u1ed1 l\u01b0\u1ee3ng, qu\u00e1 tr\u00ecnh nh\u1eadp &#8211; xu\u1ea5t h\u00e0ng h\u00f3a, v\u1ecb tr\u00ed l\u01b0u tr\u1eef&#8230; m\u1ed9t c\u00e1ch ch\u00ednh x\u00e1c \u0111\u1ec3 gi\u00fap qu\u00e1 tr\u00ecnh th\u1ed1ng k\u00ea, qu\u1ea3n l\u00fd h\u00e0ng h\u00f3a hi\u1ec7u qu\u1ea3 h\u01a1n. Ch\u1ee7 doanh nghi\u1ec7p s\u1ebd theo s\u00e1t \u0111\u01b0\u1ee3c t\u00ecnh h\u00ecnh b\u00e1n bu\u00f4n \u2013 t\u1ed3n kho \u0111\u1ec3 c\u00f3 nh\u1eefng chi\u1ebfn l\u01b0\u1ee3c kinh doanh ph\u00f9 h\u1ee3p.<\/p>\n\n\n\n<p><strong>2. Qu\u1ea3n l\u00fd t\u1ed3n kho: <\/strong>h\u1ec7 th\u1ed1ng \u0111\u01b0\u1ee3c thi\u1ebft l\u1eadp \u0111\u1ec3 t\u1ef1 \u0111\u1ed9ng t\u00ednh to\u00e1n \u0111\u01b0\u1ee3c s\u1ed1 l\u01b0\u1ee3ng t\u1ed3n kho, gi\u00e1 tr\u1ecb t\u01b0\u01a1ng \u1ee9ng c\u0169ng nh\u01b0 s\u1ed1 l\u01b0\u1ee3ng v\u1eadt t\u01b0 thi\u1ebft b\u1ecb. Ngo\u00e0i ra trong qu\u00e1 tr\u00ecnh ho\u1ea1t \u0111\u1ed9ng nh\u1eadp xu\u1ea5t ho\u1eb7c m\u01b0\u1ee3n tr\u1ea3 trong kho c\u0169ng \u0111\u01b0\u1ee3c h\u1ec7 th\u1ed1ng t\u1ef1 \u0111\u1ed9ng c\u1eadp nh\u1eadt. V\u1edbi t\u00ednh n\u0103ng n\u00e0y cho ph\u00e9p c\u00e1c nh\u00e0 qu\u1ea3n l\u00fd bi\u1ebft \u0111\u01b0\u1ee3c l\u01b0\u1ee3ng h\u00e0ng c\u00f3 s\u1eb5n v\u00e0 khi n\u00e0o c\u1ea7n ph\u1ea3i d\u1ef1 tr\u1eef l\u1ea1i. \u0110i\u1ec1u n\u00e0y gi\u00fap doanh nghi\u1ec7p \u0111\u1eb7t mua th\u00eam h\u00e0ng v\u00e0o \u0111\u00fang th\u1eddi \u0111i\u1ec3m v\u00e0 \u0111\u00fang s\u1ed1 l\u01b0\u1ee3ng, \u0111\u1ec3 tr\u00e1nh t\u00ecnh tr\u1ea1ng thi\u1ebfu h\u00e0ng v\u00e0 c\u0169ng tr\u00e1nh t\u00ecnh tr\u1ea1ng t\u1ed3n kho qu\u00e1 nhi\u1ec1u. \u0110i\u1ec1u n\u00e0y gi\u00fap ti\u1ebft ki\u1ec7m chi ph\u00ed t\u1ed3n kho v\u00e0 kh\u00f4ng gian cho ph\u00e9p c\u00e1c v\u1eadt li\u1ec7u kh\u00e1c \u0111\u01b0\u1ee3c l\u01b0u tr\u1eef trong kho.<\/p>\n\n\n\n<p><strong>3. Qu\u1ea3n l\u00fd xu\u1ea5t\/nh\u1eadp v\u1eadt t\u01b0:<\/strong> Qu\u1ea3n l\u00fd kho v\u1eadt t\u01b0 theo ph\u01b0\u01a1ng ph\u00e1p truy\u1ec1n th\u1ed1ng, qu\u1ea3n l\u00fd ch\u1ee7 y\u1ebfu th\u00f4ng qua Excel khi\u1ebfn cho doanh nghi\u1ec7p g\u1eb7p nhi\u1ec1u kh\u00f3 kh\u0103n trong c\u00f4ng t\u00e1c theo d\u00f5i. V\u1edbi h\u1ec7 th\u1ed1ng qu\u1ea3n l\u00fd vi\u1ec7c nh\u1eadp h\u00e0ng ho\u1eb7c xu\u1ea5t h\u00e0ng v\u1edbi \u0111\u1ea7y \u0111\u1ee7 c\u00e1c th\u00f4ng tin ng\u00e0y nh\u1eadp xu\u1ea5t h\u00e0ng, gi\u00e1 tr\u1ecb nh\u1eadp xu\u1ea5t, m\u1ee5c \u0111\u00edch nh\u1eadp xu\u1ea5t, ng\u01b0\u1eddi ch\u1ecbu tr\u00e1ch nhi\u1ec7m,&#8230; gi\u00fap cho vi\u1ec7c v\u1eadn h\u00e0nh kho \u0111\u1ea1t hi\u1ec7u qu\u1ea3, t\u1ed1i \u0111a h\u00f3a l\u1ee3i nhu\u1eadn trong vi\u1ec7c ki\u1ec3m so\u00e1t h\u00e0ng h\u00f3a, nguy\u00ean v\u1eadt li\u1ec7u, v\u1eadt t\u01b0 t\u1ed3n kho.<\/p>\n\n\n\n<p><strong>4. Qu\u1ea3n l\u00fd m\u01b0\u1ee3n\/tr\u1ea3 d\u1ee5ng c\u1ee5 thi\u1ebft b\u1ecb: <\/strong>h\u1ec7 th\u1ed1ng h\u1ed7 tr\u1ee3 qu\u1ea3n l\u00fd th\u00f4ng tin cho m\u01b0\u1ee3n v\u00e0 tr\u1ea3 c\u00f4ng c\u1ee5, d\u1ee5ng c\u1ee5 c\u0169ng nh\u01b0 th\u00f4ng tin ng\u01b0\u1eddi m\u01b0\u1ee3n, ng\u00e0y m\u01b0\u1ee3n, ng\u00e0y tr\u1ea3. V\u1edbi t\u00ednh n\u0103ng n\u00e0y c\u00f3 kh\u1ea3 n\u0103ng ph\u00e1t huy \u0111\u01b0\u1ee3c t\u1ed1i \u0111a gi\u00e1 tr\u1ecb, gi\u00fap vi\u1ec7c qu\u1ea3n l\u00fd c\u01a1 s\u1edf v\u1eadt ch\u1ea5t trong doanh nghi\u1ec7p \u0111\u01b0\u1ee3c th\u1ef1c hi\u1ec7n m\u1ed9t c\u00e1ch \u0111\u01a1n gi\u1ea3n, hi\u1ec7u qu\u1ea3 v\u00e0 c\u00f3 \u0111\u1ed9 ch\u00ednh x\u00e1c cao. \u0110\u1ec3 t\u1ed1i \u01b0u cho vi\u1ec7c qu\u1ea3n l\u00fd, h\u1ec7 th\u1ed1ng c\u00f2n \u0111\u01b0\u1ee3c trang b\u1ecb th\u00eam c\u00e1c ch\u1ee9c n\u0103ng h\u1ed7 tr\u1ee3:&nbsp;<\/p>\n\n\n\n<p><strong><em>Ch\u1ee9c n\u0103ng qu\u00e9t m\u00e3 v\u1ea1ch: <\/em><\/strong>\u0111\u1ec3 ng\u01b0\u1eddi qu\u1ea3n l\u00fd kho d\u1ec5 d\u00e0ng nh\u1eadp d\u1eef li\u1ec7u hay tra c\u1ee9u khi th\u1ef1c hi\u1ec7n xu\u1ea5t nh\u1eadp kho ho\u1eb7c m\u01b0\u1ee3n tr\u1ea3 d\u1ee5ng c\u1ee5.<\/p>\n\n\n\n<p><strong><em>Ch\u1ee9c n\u0103ng x\u00e1c th\u1ef1c v\u00e2n tay:<\/em><\/strong> d\u00f9ng \u0111\u1ec3 x\u00e1c th\u1ef1c ng\u01b0\u1eddi nh\u1eadn h\u00e0ng h\u00f3a c\u0169ng nh\u01b0 m\u01b0\u1ee3n tr\u1ea3 d\u1ee5ng c\u1ee5, t\u0103ng t\u00ednh an to\u00e0n khi th\u1ef1c hi\u1ec7n cho vi\u1ec7c xu\u1ea5t nh\u1eadp kho .<\/p>\n\n\n<div class=\"wp-block-image\">\n<figure class=\"aligncenter\"><img decoding=\"async\" src=\"https:\/\/lh3.googleusercontent.com\/sPVW5wiftsU6uTYTFhsL_7bc21-P2zdjmSiM0L6qFnKgXFaYY98E_q2TWzFiGIXv2I6gxmBFIoFXMvjjGJdi5TU7Lvc5k52VwJb99sPRzWknn5KfXqTCoF_5uDvl-NDd1w4yvVDlrvWDlLuThB-ZV00585MIOukqXFi-Yjywitls5-XOmXiBvJlN2w9OSb5cHExjyAmhWA\" alt=\"\"\/><\/figure><\/div>\n\n\n<p><strong>5. Qu\u1ea3n l\u00fd theo 8 lo\u1ea1i kho:<\/strong><\/p>\n\n\n\n<p><strong>*Kho ch\u00ednh nh\u1eadp:<\/strong> T\u1ea5t c\u1ea3 h\u00e0ng h\u00f3a mua v\u1ec1 \u0111\u1ec1u nh\u1eadp v\u00e0 kho ch\u00ednh xu\u1ea5t cho ng\u01b0\u1eddi s\u1eed d\u1ee5ng h\u00e0ng h\u00f3a, s\u1eeda ch\u1eefa (theo l\u1ec7nh s\u1ea3n xu\u1ea5t, theo phi\u1ebfu y\u00eau c\u1ea7u s\u1eeda ch\u1eefa\u2026)<\/p>\n\n\n\n<p><strong>*Kho d\u1ee5ng c\u1ee5 cho m\u01b0\u1ee3n:&nbsp;<\/strong><\/p>\n\n\n\n<p>H\u00e0ng h\u00f3a t\u1eeb kho ch\u00ednh (ho\u1eb7c kho c\u00e1 nh\u00e2n) l\u00e0m phi\u1ebfu xu\u1ea5t nh\u00e1p ho\u1eb7c chuy\u1ec3n kho \u0111\u1ec3 g\u1eedi v\u00e0o l\u01b0u gi\u1eef trong kho d\u1ee5ng c\u1ee5 cho m\u01b0\u1ee3n. Ng\u01b0\u1eddi m\u01b0\u1ee3n d\u1ee5ng c\u1ee5 l\u00e0m th\u1ee7 t\u1ee5c m\u01b0\u1ee3n t\u1eeb kho d\u1ee5ng c\u1ee5 cho m\u01b0\u1ee3n v\u00e0 tr\u1ea3 theo quy \u0111\u1ecbnh.<\/p>\n\n\n\n<p><strong>*H\u1ec7 th\u1ed1ng kho c\u00e1 nh\u00e2n, \u0111\u01a1n v\u1ecb:<\/strong><\/p>\n\n\n\n<p>H\u00e0ng h\u00f3a trong kho c\u00e1 nh\u00e2n \u0111\u01b0\u1ee3c xu\u1ea5t &#8211; nh\u1eadp t\u1eeb kho ch\u00ednh v\u00e0 c\u00f3 th\u1ec3 t\u1eeb kho d\u1ee5ng c\u1ee5 cho m\u01b0\u1ee3n ho\u1eb7c kho th\u00e0nh ph\u1ea9m. Khi xu\u1ea5t hi\u1ec7n th\u00eam m\u1ed9t kho c\u00e1 nh\u00e2n ho\u1eb7c \u0111\u01a1n v\u1ecb th\u00ec c\u0169ng d\u1ec5 d\u00e0ng t\u1ea1o (scan m\u1ea5t ch\u1eef)<\/p>\n\n\n\n<p><strong>*Kho thu li\u1ec7u: <\/strong>Nh\u1eadp, thu h\u1ed3i c\u00e1c v\u1eadt t\u01b0, nguy\u00ean li\u1ec7u \u0111\u00e3 xu\u1ea5t cho gia c\u00f4ng, c\u00f2n l\u1ea1i c\u00f3 th\u1ec3 thu h\u1ed3i (nh\u01b0 c\u00e1c l\u1ed7, c\u00e1c g\u00f3c,&#8230;). \u0110\u00e2y l\u00e0 kho thu nguy\u00ean li\u1ec7u c\u00f2n l\u1ea1i c\u00f3 th\u1ec3 s\u1eed d\u1ee5ng \u0111\u01b0\u1ee3c nh\u01b0ng kh\u00f4ng c\u00f2n gi\u1eef nguy\u00ean gi\u00e1 tr\u1ecb, ho\u1eb7c v\u1eadt t\u01b0 \u1edf kho ch\u00ednh b\u1ecb h\u01b0 h\u1ecfng m\u1ed9t ph\u1ea7n.<\/p>\n\n\n\n<p><strong>*Kho ph\u1ebf li\u1ec7u: <\/strong>Nh\u1eadp t\u1ea5t c\u1ea3 nh\u1eefng g\u00ec kh\u00f4ng c\u00f2n s\u1eed d\u1ee5ng, ch\u1edd b\u00e1n ph\u1ebf li\u1ec7u. H\u00e0ng h\u00f3a chuy\u1ec3n v\u00e0o kho ph\u1ebf li\u1ec7u c\u1ea7n c\u00f3 phi\u1ebfu chuy\u1ec3n kho n\u1ebfu h\u00e0ng t\u1eeb kho n\u00e0o \u0111\u00f3.<\/p>\n\n\n\n<p><strong>*Kho b\u00e1n th\u00e0nh ph\u1ea9m: <\/strong>Nh\u1eefng s\u1ea3n ph\u1ea9m \u0111ang l\u00e0m v\u00e0 t\u1ea1m d\u1eebng th\u00ec nh\u1eadp kho b\u00e1n th\u00e0nh ph\u1ea9m \u0111\u1ec3 d\u1ec5 ki\u1ec3m so\u00e1t v\u00e0 theo d\u00f5i.<\/p>\n\n\n\n<p><strong>*Kho th\u00e0nh ph\u1ea9m:<\/strong> Sau khi b\u1ed9 ph\u1eadn ki\u1ec3m tra ch\u1ea5t l\u01b0\u1ee3ng s\u1ea3n ph\u1ea9m x\u00e1c nh\u1eadn ho\u00e0n th\u00e0nh th\u00ec s\u1ea3n ph\u1ea9m \u0111\u01b0\u1ee3c nh\u1eadp kho th\u00e0nh ph\u1ea9m. Ph\u00f2ng kinh doanh s\u1ebd xu\u1ea5t h\u00e0ng t\u1eeb kho n\u00e0y.<\/p>\n\n\n\n<p><strong>*Kho v\u0103n ph\u00f2ng ph\u1ea9m: <\/strong>kho n\u00e0y c\u00f3 vai tr\u00f2 xu\u1ea5t &#8211; nh\u1eadp c\u00e1c s\u1ea3n ph\u1ea9m thu\u1ed9c v\u0103n ph\u00f2ng ph\u1ea9m.<\/p>\n\n\n\n<p><strong>L\u1ee3i \u00edch c\u1ee7a h\u1ec7 th\u1ed1ng qu\u1ea3n l\u00fd kho h\u00e0ng DAS:&nbsp;<\/strong><\/p>\n\n\n\n<p>Gi\u1ea3m chi ph\u00ed v\u1eadn h\u00e0nh v\u00e0 th\u00fac \u0111\u1ea9y l\u1ee3i nhu\u1eadn kinh doanh<\/p>\n\n\n\n<p>N\u00e2ng cao hi\u1ec7u su\u1ea5t l\u00e0m vi\u1ec7c&nbsp;<\/p>\n\n\n\n<p>Gi\u1ea3m thi\u1ec3u sai s\u00f3t trong vi\u1ec7c xu\u1ea5t nh\u1eadp v\u1eadt t\u01b0, thi\u1ebft b\u1ecb, s\u1ea3n ph\u1ea9m<\/p>\n\n\n\n<p>Cho ph\u00e9p c\u1eadp nh\u1eadt th\u00f4ng tin m\u1edbi nh\u1ea5t v\u1ec1 kho h\u00e0ng<\/p>\n\n\n\n<p>\u0110\u1ed1i v\u1edbi ng\u01b0\u1eddi d\u00f9ng s\u1eed d\u1ee5ng \u0111i\u1ec7n tho\u1ea1i v\u1eabn c\u00f3 th\u1ec3 thao t\u00e1c xu\u1ea5t nh\u1eadp v\u1eadt t\u01b0 tr\u1ef1c ti\u1ebfp tr\u00ean app m\u00e0 kh\u00f4ng c\u1ea7n ph\u1ea3i m\u1edf m\u00e1y t\u00ednh.<\/p>\n","protected":false},"excerpt":{"rendered":"<p>H\u1ec7 th\u1ed1ng qu\u1ea3n l\u00fd kho h\u00e0ng DAS \u0110\u1ed1i v\u1edbi m\u1ed9t doanh nghi\u1ec7p, \u0111\u1eb7c bi\u1ec7t l\u00e0 doanh nghi\u1ec7p s\u1ea3n xu\u1ea5t, c\u00e1c nh\u00e0 kho c\u00f3 vai tr\u00f2 r\u1ea5t quan tr\u1ecdng, v\u00ec \u0111\u00f3 l\u00e0 n\u01a1i t\u1eadp trung t\u1ea5t c\u1ea3 c\u00e1c nguy\u00ean li\u1ec7u \u0111\u01b0\u1ee3c s\u1eed d\u1ee5ng cho qu\u00e1 tr\u00ecnh s\u1ea3n xu\u1ea5t t\u1eeb nguy\u00ean li\u1ec7u th\u00f4 \u0111\u1ebfn th\u00e0nh ph\u1ea9m. Tuy &#8230; <a title=\"Qu\u1ea3n l\u00fd kho\" class=\"read-more\" href=\"https:\/\/duyanhsms.com\/index.php\/quan-ly-kho\/\" aria-label=\"More on Qu\u1ea3n l\u00fd kho\">\u0110\u1ecdc ti\u1ebfp<\/a><\/p>\n","protected":false},"author":2,"featured_media":248,"parent":0,"menu_order":0,"comment_status":"closed","ping_status":"closed","template":"","meta":{"footnotes":""},"_links":{"self":[{"href":"https:\/\/duyanhsms.com\/index.php\/wp-json\/wp\/v2\/pages\/94"}],"collection":[{"href":"https:\/\/duyanhsms.com\/index.php\/wp-json\/wp\/v2\/pages"}],"about":[{"href":"https:\/\/duyanhsms.com\/index.php\/wp-json\/wp\/v2\/types\/page"}],"author":[{"embeddable":true,"href":"https:\/\/duyanhsms.com\/index.php\/wp-json\/wp\/v2\/users\/2"}],"replies":[{"embeddable":true,"href":"https:\/\/duyanhsms.com\/index.php\/wp-json\/wp\/v2\/comments?post=94"}],"version-history":[{"count":8,"href":"https:\/\/duyanhsms.com\/index.php\/wp-json\/wp\/v2\/pages\/94\/revisions"}],"predecessor-version":[{"id":781,"href":"https:\/\/duyanhsms.com\/index.php\/wp-json\/wp\/v2\/pages\/94\/revisions\/781"}],"wp:featuredmedia":[{"embeddable":true,"href":"https:\/\/duyanhsms.com\/index.php\/wp-json\/"}],"wp:attachment":[{"href":"https:\/\/duyanhsms.com\/index.php\/wp-json\/wp\/v2\/media?parent=94"}],"curies":[{"name":"wp","href":"https:\/\/api.w.org\/{rel}","templated":true}]}}