{"id":73,"date":"2021-08-06T15:09:00","date_gmt":"2021-08-06T08:09:00","guid":{"rendered":"https:\/\/duyanhsms.wordpress.com\/?p=73"},"modified":"2022-12-16T11:25:48","modified_gmt":"2022-12-16T04:25:48","slug":"quan-ly-thiet-bi","status":"publish","type":"page","link":"https:\/\/duyanhsms.com\/index.php\/quan-ly-thiet-bi\/","title":{"rendered":"Qu\u1ea3n l\u00fd thi\u1ebft b\u1ecb"},"content":{"rendered":"\n<figure class=\"wp-block-image size-large is-resized\"><img loading=\"lazy\" decoding=\"async\" src=\"https:\/\/duyanhsms.com\/wp-content\/uploads\/2022\/12\/8.22_banner-quan-ly-thiet-bi-02-1024x768.png\" alt=\"\" class=\"wp-image-627\" width=\"1024\" height=\"768\" srcset=\"https:\/\/duyanhsms.com\/wp-content\/uploads\/2022\/12\/8.22_banner-quan-ly-thiet-bi-02-1024x768.png 1024w, https:\/\/duyanhsms.com\/wp-content\/uploads\/2022\/12\/8.22_banner-quan-ly-thiet-bi-02-300x225.png 300w, https:\/\/duyanhsms.com\/wp-content\/uploads\/2022\/12\/8.22_banner-quan-ly-thiet-bi-02-768x576.png 768w, https:\/\/duyanhsms.com\/wp-content\/uploads\/2022\/12\/8.22_banner-quan-ly-thiet-bi-02-1536x1152.png 1536w, https:\/\/duyanhsms.com\/wp-content\/uploads\/2022\/12\/8.22_banner-quan-ly-thiet-bi-02-2048x1536.png 2048w\" sizes=\"(max-width: 1024px) 100vw, 1024px\" \/><\/figure>\n\n\n\n<p><strong>H\u1ec7 th\u1ed1ng Qu\u1ea3n l\u00fd thi\u1ebft b\u1ecb<\/strong><\/p>\n\n\n\n<p>M\u00e1y m\u00f3c thi\u1ebft b\u1ecb c\u00f3 vai tr\u00f2 r\u1ea5t quan tr\u1ecdng v\u00e0 thi\u1ebft y\u1ebfu trong ho\u1ea1t \u0111\u1ed9ng s\u1ea3n xu\u1ea5t kinh doanh c\u1ee7a m\u1ed9t doanh nghi\u1ec7p. V\u00ec v\u1eady, n\u1ebfu mu\u1ed1n ho\u1ea1t \u0111\u1ed9ng s\u1ea3n xu\u1ea5t \u0111\u1ea1t hi\u1ec7u su\u1ea5t ho\u1ea1t \u0111\u1ed9ng t\u1ed1t nh\u1ea5t th\u00ec doanh nghi\u1ec7p c\u1ea7n quan t\u00e2m \u0111\u1ebfn quy tr\u00ecnh b\u1ea3o tr\u00ec v\u00e0 s\u1eeda ch\u1eefa m\u00e1y m\u00f3c thi\u1ebft b\u1ecb c\u1ee7a m\u00ecnh.<\/p>\n\n\n\n<p>M\u1ed9t quy tr\u00ecnh b\u1ea3o d\u01b0\u1ee1ng v\u00e0 s\u1eeda ch\u1eefa m\u00e1y m\u00f3c thi\u1ebft b\u1ecb th\u00edch h\u1ee3p kh\u00f4ng ch\u1ec9 \u0111\u1ea3m b\u1ea3o cho qu\u00e1 tr\u00ecnh s\u1ea3n xu\u1ea5t \u0111\u00fang ti\u1ebfn \u0111\u1ed9 v\u00e0 an to\u00e0n cho ng\u01b0\u1eddi lao \u0111\u1ed9ng, m\u00e0 c\u00f2n t\u1ed1i \u0111a h\u00f3a \u0111\u01b0\u1ee3c l\u1ee3i \u00edch c\u1ee7a doanh nghi\u1ec7p.<\/p>\n\n\n\n<p>\u0110\u1ec3 gi\u00fap doanh nghi\u1ec7p ti\u1ebft ki\u1ec7m th\u1eddi gian v\u00e0 chi ph\u00ed nh\u01b0ng v\u1eabn \u0111\u1ea3m b\u1ea3o \u0111\u01b0\u1ee3c quy tr\u00ecnh b\u1ea3o tr\u00ec v\u00e0 s\u1eeda ch\u1eefa m\u00e1y m\u00f3c thi\u1ebft b\u1ecb c\u1ee7a m\u00ecnh. DAS \u0111\u00e3 t\u1ea1o ra Ph\u1ea7n m\u1ec1m qu\u1ea3n l\u00fd b\u1ea3o tr\u00ec thi\u1ebft b\u1ecb \u0111\u01b0\u1ee3c t\u1ea1o ra nh\u1eb1m t\u1ed1i \u01b0u h\u00f3a hi\u1ec7u su\u1ea5t c\u1ee7a m\u00e1y m\u00f3c, thi\u1ebft b\u1ecb.<\/p>\n\n\n\n<p>Ph\u1ea7n m\u1ec1m qu\u1ea3n l\u00fd m\u00e1y m\u00f3c thi\u1ebft b\u1ecb DAS \u0111\u01b0\u1ee3c thi\u1ebft k\u1ebf v\u1edbi giao di\u1ec7n r\u00f5 r\u00e0ng bao g\u1ed3m nh\u1eefng ch\u1ee9c n\u0103ng ch\u00ednh sau:<\/p>\n\n\n\n<ol>\n<li>Qu\u1ea3n l\u00fd th\u00f4ng tin l\u00fd l\u1ecbch m\u00e1y:&nbsp;<\/li>\n<\/ol>\n\n\n\n<p>M\u1ed9t trong nh\u1eefng ch\u1ee9c n\u0103ng t\u1ea1o n\u00ean gi\u00e1 tr\u1ecb c\u1ee7a ph\u1ea7n m\u1ec1m n\u00e0y \u0111\u00f3 l\u00e0 kh\u1ea3 n\u0103ng qu\u1ea3n l\u00fd t\u1ea5t c\u1ea3 th\u00f4ng tin c\u0169ng nh\u01b0 nhi\u1ec7m v\u1ee5, ch\u1ee9c n\u0103ng c\u1ee7a t\u1eebng nh\u00f3m m\u00e1y m\u00f3c, thi\u1ebft b\u1ecb c\u1ee5 th\u1ec3 hi\u1ec7n c\u00f3 trong doanh nghi\u1ec7p. D\u1ef1a v\u00e0o \u0111\u00f3, ng\u01b0\u1eddi qu\u1ea3n l\u00fd d\u1ec5 d\u00e0ng theo d\u00f5i trang thi\u1ebft b\u1ecb c\u0169ng nh\u01b0 qu\u00e1 tr\u00ecnh b\u1ea3o tr\u00ec \u0111\u1ec3 c\u00f3 th\u1ec3 \u0111\u01b0a ra k\u1ebf ho\u1ea1ch s\u1ea3n xu\u1ea5t s\u1ea3n xu\u1ea5t hi\u1ec7u qu\u1ea3.&nbsp;<\/p>\n\n\n\n<p>Ch\u1ee9c n\u0103ng n\u00e0y c\u0169ng cung c\u1ea5p ch\u00ednh x\u00e1c, k\u1ecbp th\u1eddi th\u00f4ng tin v\u1ec1 to\u00e0n b\u1ed9 t\u00ecnh tr\u1ea1ng trang thi\u1ebft b\u1ecb m\u00e0 doanh nghi\u1ec7p hi\u1ec7n c\u00f3 \u0111\u1ec3 ng\u01b0\u1eddi qu\u1ea3n l\u00fd c\u0169ng c\u00f3 th\u1ec3 \u0111\u01b0a ra nh\u1eefng k\u1ebf ho\u1ea1ch li\u00ean quan \u0111\u1ebfn vi\u1ec7c kh\u1ea5u hao, ki\u1ec3m k\u00ea c\u0169ng nh\u01b0 x\u00e1c \u0111\u1ecbnh gi\u00e1 tr\u1ecb ban \u0111\u1ea7u, gi\u00e1 tr\u1ecb kh\u1ea5u hao, gi\u00e1 tr\u1ecb c\u00f2n l\u1ea1i v\u00e0 gi\u00e1 tr\u1ecb t\u00ednh chi ph\u00ed s\u1ea3n xu\u1ea5t khi c\u1ea7n thi\u1ebft m\u00e0 kh\u00f4ng m\u1ea5t qu\u00e1 nhi\u1ec1u th\u1eddi gian t\u00ecm ki\u1ebfm.<\/p>\n\n\n<div class=\"wp-block-image\">\n<figure class=\"aligncenter\"><img decoding=\"async\" src=\"https:\/\/lh6.googleusercontent.com\/XVtAVtbpnS1o-PdMtVAIfomquyofr3ATPCEj2LkGzPkWfaPw4kT_uwcFL6ebazvx0e4WX30UtQtayl96GPNFbV1wyKVp15s0rq2eODsKnlxmcS0KS77v87VNs74RMY--8o3DKte5kb2rSU5sLQLMePrTX8GyiqEy1VZCiuR74RSITTtEnBiCnoqFd8QzS5HXnI5fEMj6dQ\" alt=\"\"\/><figcaption class=\"wp-element-caption\">Qu\u1ea3n l\u00fd danh s\u00e1ch m\u00e1y<\/figcaption><\/figure><\/div>\n\n\n<p><\/p>\n\n\n\n<ol start=\"2\">\n<li>B\u1ea3o tr\u00ec v\u00e0 s\u1eeda ch\u1eefa m\u00e1y m\u00f3c, thi\u1ebft b\u1ecb:&nbsp;<\/li>\n<\/ol>\n\n\n\n<p>H\u1ec7 th\u1ed1ng gi\u00fap theo d\u00f5i to\u00e0n b\u1ed9 c\u00e1c ho\u1ea1t \u0111\u1ed9ng li\u00ean quan \u0111\u1ebfn c\u00f4ng vi\u1ec7c b\u1ea3o tr\u00ec nh\u01b0: ki\u1ec3m tra thi\u1ebft b\u1ecb, c\u00e1c thi\u1ebft b\u1ecb trong t\u00ecnh tr\u1ea1ng c\u1ea7n theo d\u00f5i, \u2026. Ch\u1ee9c n\u0103ng n\u00e0y gi\u00fap doanh nghi\u1ec7p b\u1ea3o tr\u00ec thi\u1ebft b\u1ecb \u0111\u00fang quy \u0111\u1ecbnh, th\u1eddi gian \u0111\u1ec3 \u0111\u1ea3m b\u1ea3o thi\u1ebft b\u1ecb ho\u1ea1t \u0111\u1ed9ng xuy\u00ean su\u1ed1t, \u0111\u00fang ti\u1ebfn \u0111\u1ed9 \u0111\u00e1p \u1ee9ng \u0111\u01b0\u1ee3c y\u00eau c\u1ea7u s\u1ea3n xu\u1ea5t.<\/p>\n\n\n\n<p>Ngo\u00e0i ra, trong qu\u00e1 tr\u00ecnh s\u1ea3n xu\u1ea5t n\u1ebfu m\u00e1y m\u00f3c thi\u1ebft b\u1ecb c\u00f3 v\u1ea5n \u0111\u1ec1 th\u00ec ng\u01b0\u1eddi qu\u1ea3n l\u00fd c\u0169ng \u0111\u1ec3 d\u00e0ng ki\u1ec3m tra chi ti\u1ebft qu\u00e1 tr\u00ecnh b\u1ea3o tr\u00ec \u0111\u1ec3 \u0111\u01b0a ra ph\u01b0\u01a1ng \u00e1n x\u1eed l\u00fd ph\u00f9 h\u1ee3p.<\/p>\n\n\n<div class=\"wp-block-image\">\n<figure class=\"aligncenter\"><img decoding=\"async\" src=\"https:\/\/lh3.googleusercontent.com\/_CSp1NsPf8lYfKD1PzoYSfMhKhD80RHAqGvDHhoDwDr3Cf0xkYCSJGtsVR3znVOowrPN47Pg-bM2qSAIUAYzK6N6saCjA2gEJ2S-3erZEqIRvesMIbciM06-Ju_uxA7WBpl8DTzRpxlx_2C1-BhEbHSafCGaQznjriqJ0RWb3pQud_GJ5u-IlSIodnBAJiyGKjMd_kyBag\" alt=\"\"\/><figcaption class=\"wp-element-caption\">B\u1ea3ng t\u1ed5ng h\u1ee3p s\u1eeda ch\u1eefa m\u00e1y<\/figcaption><\/figure><\/div>\n\n\n<p><\/p>\n\n\n\n<ol start=\"3\">\n<li>Gi\u00e1m s\u00e1t m\u00e1y m\u00f3c:&nbsp;<\/li>\n<\/ol>\n\n\n\n<p>H\u1ec7 th\u1ed1ng \u0111\u01b0\u1ee3c trang b\u1ecb th\u00eam ch\u1ee9c n\u0103ng gi\u00e1m s\u00e1t m\u00e1y m\u00f3c nh\u1eb1m gi\u00fap ng\u01b0\u1eddi qu\u1ea3n l\u00fd gi\u00e1m s\u00e1t \u0111\u01b0\u1ee3c tr\u1ea1ng th\u00e1i ho\u1ea1t \u0111\u1ed9ng c\u0169ng nh\u01b0 hi\u1ec7u su\u1ea5t c\u1ee7a m\u00e1y m\u00f3c trong doanh nghi\u1ec7p. Ch\u1ee9c n\u0103ng n\u00e0y gi\u00fap c\u00f4ng khai v\u00e0 minh b\u1ea1ch, r\u00fat g\u1ecdn \u0111\u01b0\u1ee3c th\u1eddi gian qu\u1ea3n l\u00fd \u0111i\u1ec1u ph\u1ed1i, do \u0111\u00f3 r\u00fat g\u1ecdn \u0111\u01b0\u1ee3c h\u1ec7 th\u1ed1ng nh\u00e2n l\u1ef1c v\u1eadn h\u00e0nh, ti\u1ebft ki\u1ec7m chi ph\u00ed h\u01a1n so v\u1edbi ph\u01b0\u01a1ng ph\u00e1p qu\u1ea3n l\u00fd truy\u1ec1n th\u1ed1ng.<\/p>\n\n\n<div class=\"wp-block-image\">\n<figure class=\"aligncenter size-large\"><img loading=\"lazy\" decoding=\"async\" width=\"1024\" height=\"447\" src=\"https:\/\/duyanhsms.com\/wp-content\/uploads\/2022\/12\/image-1-1024x447.png\" alt=\"\" class=\"wp-image-757\" srcset=\"https:\/\/duyanhsms.com\/wp-content\/uploads\/2022\/12\/image-1-1024x447.png 1024w, https:\/\/duyanhsms.com\/wp-content\/uploads\/2022\/12\/image-1-300x131.png 300w, https:\/\/duyanhsms.com\/wp-content\/uploads\/2022\/12\/image-1-768x335.png 768w, https:\/\/duyanhsms.com\/wp-content\/uploads\/2022\/12\/image-1.png 1042w\" sizes=\"(max-width: 1024px) 100vw, 1024px\" \/><figcaption class=\"wp-element-caption\">Ch\u1ee9c n\u0103ng xem tr\u1ea1ng m\u00e1y ho\u1ea1t \u0111\u1ed9ng<\/figcaption><\/figure><\/div>\n\n\n<p><\/p>\n\n\n\n<p>Ph\u1ea7n m\u1ec1m qu\u1ea3n l\u00fd DAS \u0111\u1ea3m b\u1ea3o mang \u0111\u1ebfn th\u00f4ng tin ch\u00ednh x\u00e1c v\u00e0 k\u1ecbp th\u1eddi v\u1ec1 to\u00e0n b\u1ed9 t\u00ecnh tr\u1ea1ng ho\u1ea1t \u0111\u1ed9ng thi\u1ebft b\u1ecb, m\u00e1y m\u00f3c, \u0111\u1ea3m b\u1ea3o thi\u1ebft b\u1ecb v\u1eadn h\u00e0nh t\u1ed1t, an to\u00e0n v\u00e0 hi\u1ec7u qu\u1ea3 cho doanh nghi\u1ec7p. H\u1ea1n ch\u1ebf nh\u1eefng sai s\u00f3t t\u1eeb con ng\u01b0\u1eddi, gi\u00fap doanh nghi\u1ec7p ch\u1ee7 \u0111\u1ed9ng v\u1ec1 ngu\u1ed3n l\u1ef1c \u0111\u1ec3 \u0111\u1ea3m b\u1ea3o ho\u1ea1t \u0111\u1ed9ng s\u1ea3n xu\u1ea5t c\u1ee7a m\u00ecnh.<\/p>\n\n\n\n<ol start=\"4\">\n<li><strong>T\u00ednh chi ph\u00ed v\u1eadn h\u00e0nh m\u00e1y<\/strong><\/li>\n<\/ol>\n\n\n\n<p>Hi\u1ec3u r\u00f5 v\u1ec1 hi\u1ec7u su\u1ea5t m\u00e1y \u0111\u1ec3 c\u00f3 gi\u1ea3i ph\u00e1p qu\u1ea3n tr\u1ecb t\u1ed1t nh\u1ea5t. Ph\u1ea7n m\u1ec1m x\u00e1c \u0111\u1ecbnh \u0111\u01b0\u1ee3c th\u1eddi gian ho\u1ea1t \u0111\u1ed9ng th\u1eadt s\u1ef1 c\u1ee7a m\u00e1y, ki\u1ec3m so\u00e1t \u0111\u01b0\u1ee3c d\u1eef li\u1ec7u nh\u1eadp c\u1ee7a nh\u00e2n vi\u00ean v\u1eadn h\u00e0nh, c\u00f3 th\u1ec3 x\u00e1c \u0111\u1ecbnh s\u1ea3n ph\u1ea9m \u0111\u01b0\u1ee3c gia c\u00f4ng tr\u00ean m\u00e1y, h\u1ea1n ch\u1ebf sai s\u00f3t c\u1ee7a con ng\u01b0\u1eddi. L\u00e0m c\u01a1 s\u1edf t\u00ednh chi ph\u00ed m\u00e1y gia c\u00f4ng cho s\u1ea3n ph\u1ea9m m\u1ed9t c\u00e1ch ch\u00ednh x\u00e1c nh\u1ea5t.<\/p>\n\n\n\n<ol start=\"5\">\n<li><strong>Gi\u00e1m s\u00e1t ho\u1ea1t \u0111\u1ed9ng m\u00e1y m\u00f3c, thi\u1ebft b\u1ecb, ngu\u1ed3n n\u0103ng l\u01b0\u1ee3ng \u0111i\u1ec7n<\/strong><\/li>\n<\/ol>\n\n\n\n<p>Gi\u00e1m s\u00e1t th\u1ef1c th\u1eddi gian ho\u1ea1t \u0111\u1ed9ng c\u1ee7a m\u00e1y<\/p>\n\n\n\n<p>Gi\u00e1m s\u00e1t n\u0103ng l\u01b0\u1ee3ng ti\u00eau hao c\u1ee7a m\u00e1y m\u00f3c, thi\u1ebft b\u1ecb, ngu\u1ed3n ti\u00eau hao n\u0103ng l\u01b0\u1ee3ng \u0111i\u1ec7n c\u1ee7a c\u00e1c khu v\u1ef1c s\u1ea3n xu\u1ea5t, chi\u1ebfu s\u00e1ng,&#8230;<\/p>\n\n\n\n<p>Theo d\u00f5i ch\u1ea5t l\u01b0\u1ee3ng s\u1ea3n ph\u1ea9m s\u1ea3n xu\u1ea5t li\u00ean t\u1ee5c.<\/p>\n\n\n\n<p>Ch\u1ee7 \u0111\u1ed9ng x\u00e1c \u0111\u1ecbnh th\u1eddi gian m\u00e1y, c\u00f4ng c\u1ee5 \u0111ang thi\u1ebft l\u1eadp c\u00e0i \u0111\u1eb7t<\/p>\n\n\n\n<p>Ch\u1ee7 \u0111\u1ed9ng x\u00e1c \u0111\u1ecbnh l\u00fd do m\u00e1y m\u00f3c, thi\u1ebft b\u1ecb ng\u1eebng vi\u1ec7c.<\/p>\n\n\n\n<p>T\u1ea5t c\u1ea3 c\u00e1c th\u00f4ng tin n\u00e0y \u0111\u1ec1u \u0111\u01b0\u1ee3c c\u1eadp nh\u1eadt v\u00e0o server, \u0111\u01b0\u1ee3c ph\u1ea7n m\u1ec1m DAS x\u1eed l\u00fd \u0111\u1ec3 \u0111\u01b0a ra c\u00e1c b\u00e1o c\u00e1o cho ng\u01b0\u1eddi qu\u1ea3n l\u00fd ho\u1eb7c ch\u1ee7 \u0111\u1ed9ng x\u1eed l\u00fd c\u00e1c th\u00f4ng tin \u0111\u01b0\u1ee3c x\u00e1c l\u1eadp.<\/p>\n\n\n\n<figure class=\"wp-block-image size-large\"><img loading=\"lazy\" decoding=\"async\" width=\"1024\" height=\"574\" src=\"https:\/\/duyanhsms.com\/wp-content\/uploads\/2022\/12\/image-3-1024x574.png\" alt=\"\" class=\"wp-image-769\" srcset=\"https:\/\/duyanhsms.com\/wp-content\/uploads\/2022\/12\/image-3-1024x574.png 1024w, https:\/\/duyanhsms.com\/wp-content\/uploads\/2022\/12\/image-3-300x168.png 300w, https:\/\/duyanhsms.com\/wp-content\/uploads\/2022\/12\/image-3-768x430.png 768w, https:\/\/duyanhsms.com\/wp-content\/uploads\/2022\/12\/image-3.png 1149w\" sizes=\"(max-width: 1024px) 100vw, 1024px\" \/><figcaption class=\"wp-element-caption\">Bi\u1ec3u \u0111\u1ed3 tr\u1ea1ng th\u00e1i m\u00e1y<\/figcaption><\/figure>\n\n\n\n<div class=\"wp-block-columns is-layout-flex wp-container-core-columns-is-layout-1 wp-block-columns-is-layout-flex\">\n<div class=\"wp-block-column is-layout-flow wp-block-column-is-layout-flow\">\n<figure class=\"wp-block-image size-large\"><img loading=\"lazy\" decoding=\"async\" width=\"1024\" height=\"683\" src=\"https:\/\/duyanhsms.com\/wp-content\/uploads\/2022\/12\/BGS-1024x683.jpg\" alt=\"\" class=\"wp-image-774\" srcset=\"https:\/\/duyanhsms.com\/wp-content\/uploads\/2022\/12\/BGS-1024x683.jpg 1024w, https:\/\/duyanhsms.com\/wp-content\/uploads\/2022\/12\/BGS-300x200.jpg 300w, https:\/\/duyanhsms.com\/wp-content\/uploads\/2022\/12\/BGS-768x512.jpg 768w, https:\/\/duyanhsms.com\/wp-content\/uploads\/2022\/12\/BGS-1536x1024.jpg 1536w, https:\/\/duyanhsms.com\/wp-content\/uploads\/2022\/12\/BGS.jpg 1872w\" sizes=\"(max-width: 1024px) 100vw, 1024px\" \/><figcaption class=\"wp-element-caption\">B\u1ed9 gi\u00e1m s\u00e1t m\u00e1y<\/figcaption><\/figure>\n<\/div>\n\n\n\n<div class=\"wp-block-column is-layout-flow wp-block-column-is-layout-flow\">\n<figure class=\"wp-block-image size-full is-resized\"><img loading=\"lazy\" decoding=\"async\" src=\"https:\/\/duyanhsms.com\/wp-content\/uploads\/2022\/12\/Bo-GateWay-V2.jpg\" alt=\"\" class=\"wp-image-773\" width=\"362\" height=\"422\" srcset=\"https:\/\/duyanhsms.com\/wp-content\/uploads\/2022\/12\/Bo-GateWay-V2.jpg 699w, https:\/\/duyanhsms.com\/wp-content\/uploads\/2022\/12\/Bo-GateWay-V2-257x300.jpg 257w\" sizes=\"(max-width: 362px) 100vw, 362px\" \/><figcaption class=\"wp-element-caption\">Gateway<\/figcaption><\/figure>\n<\/div>\n<\/div>\n\n\n<div class=\"wp-block-image\">\n<figure class=\"aligncenter size-large\"><img decoding=\"async\" src=\"https:\/\/duyanhsms.files.wordpress.com\/2021\/08\/thunghiembogiamsatnangluong.jpg?w=480\" alt=\"\" class=\"wp-image-83\"\/><figcaption class=\"wp-element-caption\">Th\u1eed nghi\u1ec7m h\u1ec7 th\u1ed1ng<\/figcaption><\/figure><\/div>","protected":false},"excerpt":{"rendered":"<p>H\u1ec7 th\u1ed1ng Qu\u1ea3n l\u00fd thi\u1ebft b\u1ecb M\u00e1y m\u00f3c thi\u1ebft b\u1ecb c\u00f3 vai tr\u00f2 r\u1ea5t quan tr\u1ecdng v\u00e0 thi\u1ebft y\u1ebfu trong ho\u1ea1t \u0111\u1ed9ng s\u1ea3n xu\u1ea5t kinh doanh c\u1ee7a m\u1ed9t doanh nghi\u1ec7p. V\u00ec v\u1eady, n\u1ebfu mu\u1ed1n ho\u1ea1t \u0111\u1ed9ng s\u1ea3n xu\u1ea5t \u0111\u1ea1t hi\u1ec7u su\u1ea5t ho\u1ea1t \u0111\u1ed9ng t\u1ed1t nh\u1ea5t th\u00ec doanh nghi\u1ec7p c\u1ea7n quan t\u00e2m \u0111\u1ebfn quy tr\u00ecnh b\u1ea3o &#8230; <a title=\"Qu\u1ea3n l\u00fd thi\u1ebft b\u1ecb\" class=\"read-more\" href=\"https:\/\/duyanhsms.com\/index.php\/quan-ly-thiet-bi\/\" aria-label=\"More on Qu\u1ea3n l\u00fd thi\u1ebft b\u1ecb\">\u0110\u1ecdc ti\u1ebfp<\/a><\/p>\n","protected":false},"author":2,"featured_media":44,"parent":0,"menu_order":0,"comment_status":"closed","ping_status":"closed","template":"","meta":{"footnotes":""},"_links":{"self":[{"href":"https:\/\/duyanhsms.com\/index.php\/wp-json\/wp\/v2\/pages\/73"}],"collection":[{"href":"https:\/\/duyanhsms.com\/index.php\/wp-json\/wp\/v2\/pages"}],"about":[{"href":"https:\/\/duyanhsms.com\/index.php\/wp-json\/wp\/v2\/types\/page"}],"author":[{"embeddable":true,"href":"https:\/\/duyanhsms.com\/index.php\/wp-json\/wp\/v2\/users\/2"}],"replies":[{"embeddable":true,"href":"https:\/\/duyanhsms.com\/index.php\/wp-json\/wp\/v2\/comments?post=73"}],"version-history":[{"count":15,"href":"https:\/\/duyanhsms.com\/index.php\/wp-json\/wp\/v2\/pages\/73\/revisions"}],"predecessor-version":[{"id":775,"href":"https:\/\/duyanhsms.com\/index.php\/wp-json\/wp\/v2\/pages\/73\/revisions\/775"}],"wp:featuredmedia":[{"embeddable":true,"href":"https:\/\/duyanhsms.com\/index.php\/wp-json\/"}],"wp:attachment":[{"href":"https:\/\/duyanhsms.com\/index.php\/wp-json\/wp\/v2\/media?parent=73"}],"curies":[{"name":"wp","href":"https:\/\/api.w.org\/{rel}","templated":true}]}}