{"id":714,"date":"2022-12-14T17:01:09","date_gmt":"2022-12-14T10:01:09","guid":{"rendered":"https:\/\/duyanhsms.com\/?page_id=714"},"modified":"2022-12-23T08:56:38","modified_gmt":"2022-12-23T01:56:38","slug":"goi-san-pham","status":"publish","type":"page","link":"https:\/\/duyanhsms.com\/index.php\/goi-san-pham\/","title":{"rendered":"G\u00f3i s\u1ea3n ph\u1ea9m"},"content":{"rendered":"\n<p><a href=\"https:\/\/duyanhsms.com\/index.php\/he-thong-quan-tri-erp\/\">H\u1ec7 th\u1ed1ng qu\u1ea3n tr\u1ecb ERP<\/a><\/p>\n\n\n\n<p><a href=\"https:\/\/duyanhsms.com\/index.php\/quan-ly-san-xuat\/\" data-type=\"URL\" data-id=\"https:\/\/duyanhsms.com\/index.php\/quan-ly-san-xuat\/\">Qu\u1ea3n l\u00fd s\u1ea3n xu\u1ea5t<\/a><\/p>\n\n\n\n<p><a href=\"https:\/\/duyanhsms.com\/index.php\/quan-ly-thiet-bi\/\" data-type=\"URL\" data-id=\"https:\/\/duyanhsms.com\/index.php\/quan-ly-thiet-bi\/\">Qu\u1ea3n l\u00fd thi\u1ebft b\u1ecb<\/a><\/p>\n\n\n\n<p><a href=\"https:\/\/duyanhsms.com\/index.php\/lap-ke-hoach-san-xuat\/\" data-type=\"URL\" data-id=\"https:\/\/duyanhsms.com\/index.php\/lap-ke-hoach-san-xuat\/\">L\u1eadp K\u1ebf ho\u1ea1ch s\u1ea3n xu\u1ea5t<\/a><\/p>\n\n\n\n<p><a href=\"https:\/\/duyanhsms.com\/index.php\/quan-ly-kho\/\" data-type=\"URL\" data-id=\"https:\/\/duyanhsms.com\/index.php\/quan-ly-kho\/\">Qu\u1ea3n l\u00fd kho<\/a><\/p>\n\n\n\n<p><a href=\"https:\/\/duyanhsms.com\/index.php\/quan-ly-mua-hang\/\">Qu\u1ea3n l\u00fd Mua h\u00e0ng<\/a><\/p>\n\n\n\n<p><a href=\"https:\/\/duyanhsms.com\/index.php\/quan-ly-ban-hang\/\">Qu\u1ea3n l\u00fd B\u00e1n h\u00e0ng<\/a><\/p>\n\n\n\n<p><a href=\"https:\/\/duyanhsms.com\/index.php\/he-thong-quan-ly-van-chuyen\/\">Qu\u1ea3n l\u00fd v\u1eadn chuy\u1ec3n<\/a><\/p>\n\n\n\n<p><a href=\"https:\/\/duyanhsms.com\/index.php\/quan-ly-nhan-su\/\">Qu\u1ea3n l\u00fd nh\u00e2n s\u1ef1<\/a><\/p>\n\n\n\n<p><a href=\"https:\/\/duyanhsms.com\/index.php\/tinh-chi-phi-va-gia-thanh-san-pham\/\" data-type=\"URL\" data-id=\"https:\/\/duyanhsms.com\/index.php\/tinh-chi-phi-va-gia-thanh-san-pham\/\">T\u1ef1 \u0111\u1ed9ng t\u00ednh chi ph\u00ed v\u00e0 gi\u00e1 th\u00e0nh s\u1ea3n ph\u1ea9m<\/a><\/p>\n","protected":false},"excerpt":{"rendered":"<p>H\u1ec7 th\u1ed1ng qu\u1ea3n tr\u1ecb ERP Qu\u1ea3n l\u00fd s\u1ea3n xu\u1ea5t Qu\u1ea3n l\u00fd thi\u1ebft b\u1ecb L\u1eadp K\u1ebf ho\u1ea1ch s\u1ea3n xu\u1ea5t Qu\u1ea3n l\u00fd kho Qu\u1ea3n l\u00fd Mua h\u00e0ng Qu\u1ea3n l\u00fd B\u00e1n h\u00e0ng Qu\u1ea3n l\u00fd v\u1eadn chuy\u1ec3n Qu\u1ea3n l\u00fd nh\u00e2n s\u1ef1 T\u1ef1 \u0111\u1ed9ng t\u00ednh chi ph\u00ed v\u00e0 gi\u00e1 th\u00e0nh s\u1ea3n ph\u1ea9m<\/p>\n","protected":false},"author":1,"featured_media":0,"parent":0,"menu_order":0,"comment_status":"closed","ping_status":"closed","template":"","meta":{"footnotes":""},"_links":{"self":[{"href":"https:\/\/duyanhsms.com\/index.php\/wp-json\/wp\/v2\/pages\/714"}],"collection":[{"href":"https:\/\/duyanhsms.com\/index.php\/wp-json\/wp\/v2\/pages"}],"about":[{"href":"https:\/\/duyanhsms.com\/index.php\/wp-json\/wp\/v2\/types\/page"}],"author":[{"embeddable":true,"href":"https:\/\/duyanhsms.com\/index.php\/wp-json\/wp\/v2\/users\/1"}],"replies":[{"embeddable":true,"href":"https:\/\/duyanhsms.com\/index.php\/wp-json\/wp\/v2\/comments?post=714"}],"version-history":[{"count":5,"href":"https:\/\/duyanhsms.com\/index.php\/wp-json\/wp\/v2\/pages\/714\/revisions"}],"predecessor-version":[{"id":848,"href":"https:\/\/duyanhsms.com\/index.php\/wp-json\/wp\/v2\/pages\/714\/revisions\/848"}],"wp:attachment":[{"href":"https:\/\/duyanhsms.com\/index.php\/wp-json\/wp\/v2\/media?parent=714"}],"curies":[{"name":"wp","href":"https:\/\/api.w.org\/{rel}","templated":true}]}}