{"id":654,"date":"2022-12-10T15:25:41","date_gmt":"2022-12-10T08:25:41","guid":{"rendered":"https:\/\/duyanhsms.com\/?p=654"},"modified":"2022-12-14T17:00:24","modified_gmt":"2022-12-14T10:00:24","slug":"he-thong-quan-ly-van-chuyen","status":"publish","type":"page","link":"https:\/\/duyanhsms.com\/index.php\/he-thong-quan-ly-van-chuyen\/","title":{"rendered":"Qu\u1ea3n l\u00fd v\u1eadn chuy\u1ec3n"},"content":{"rendered":"\n<figure class=\"wp-block-image size-large\"><img loading=\"lazy\" decoding=\"async\" width=\"1024\" height=\"768\" src=\"https:\/\/duyanhsms.com\/wp-content\/uploads\/2022\/12\/8.22_banner-quan-ly-van-chuyen-02-1024x768.jpg\" alt=\"\" class=\"wp-image-628\" srcset=\"https:\/\/duyanhsms.com\/wp-content\/uploads\/2022\/12\/8.22_banner-quan-ly-van-chuyen-02-1024x768.jpg 1024w, https:\/\/duyanhsms.com\/wp-content\/uploads\/2022\/12\/8.22_banner-quan-ly-van-chuyen-02-300x225.jpg 300w, https:\/\/duyanhsms.com\/wp-content\/uploads\/2022\/12\/8.22_banner-quan-ly-van-chuyen-02-768x576.jpg 768w, https:\/\/duyanhsms.com\/wp-content\/uploads\/2022\/12\/8.22_banner-quan-ly-van-chuyen-02-1536x1152.jpg 1536w, https:\/\/duyanhsms.com\/wp-content\/uploads\/2022\/12\/8.22_banner-quan-ly-van-chuyen-02-2048x1536.jpg 2048w\" sizes=\"(max-width: 1024px) 100vw, 1024px\" \/><\/figure>\n\n\n\n<p><strong>H\u1ec7 th\u1ed1ng qu\u1ea3n l\u00fd v\u1eadn chuy\u1ec3n<\/strong><\/p>\n\n\n\n<p>V\u1eadn chuy\u1ec3n kh\u00f4ng ch\u1ec9 l\u00e0 m\u1ed9t trong nh\u1eefng m\u1eaft x\u00edch quan tr\u1ecdng trong chu\u1ed7i cung \u1ee9ng c\u1ee7a t\u1ea5t c\u1ea3 c\u00e1c doanh nghi\u1ec7p. \u0110\u1ec3 qu\u1ea3n l\u00fd t\u1ed1t h\u1ec7 th\u1ed1ng v\u1eadn chuy\u1ec3n c\u1ee7a doanh nghi\u1ec7p th\u00ec c\u1ea7n m\u1ed9t ph\u1ea7n m\u1ec1m qu\u1ea3n l\u00fd hi\u1ec7u qu\u1ea3.<\/p>\n\n\n\n<p>C\u0169ng nh\u01b0 trang thi\u1ebft b\u1ecb, xe c\u0169ng l\u00e0 m\u1ed9t lo\u1ea1i t\u00e0i s\u1ea3n m\u00e0 c\u00e1c doanh nghi\u1ec7p c\u1ea7n qu\u1ea3n l\u00fd v\u00e0 gi\u00e1m s\u00e1t. M\u1ee5c ti\u00eau cu\u1ed1i c\u00f9ng c\u1ee7a vi\u1ec7c qu\u1ea3n l\u00fd l\u00e0 \u0111\u1ea3m b\u1ea3o s\u1eed d\u1ee5ng xe \u0111\u00fang m\u1ee5c \u0111\u00edch, hi\u1ec7u qu\u1ea3 nh\u1ea5t. B\u00ean c\u1ea1nh \u0111\u00f3, xe c\u0169ng c\u1ea7n c\u00f3 k\u1ebf ho\u1ea1ch b\u1ea3o d\u01b0\u1ee1ng, s\u1eeda ch\u1eefa xe theo \u0111\u00fang quy tr\u00ecnh k\u1ef9 thu\u1eadt \u0111\u1ec3 xe lu\u00f4n trong tr\u1ea1ng th\u00e1i t\u1ed1t, nh\u1eb1m ph\u1ee5c v\u1ee5 cho vi\u1ec7c \u0111i l\u1ea1i c\u0169ng nh\u01b0&nbsp; ho\u1ea1t \u0111\u1ed9ng giao nh\u1eadn h\u00e0ng h\u00f3a, v\u1eadt t\u01b0, nguy\u00ean v\u1eadt li\u1ec7u,\u2026 m\u1ed9t c\u00e1ch hi\u1ec7u qu\u1ea3.<\/p>\n\n\n\n<p>DAS \u0111\u00e3 ph\u00e1t tri\u1ec3n <strong>H\u1ec7 th\u1ed1ng qu\u1ea3n l\u00fd v\u1eadn chuy\u1ec3n<\/strong> \u0111\u1ec3 gi\u00fap doanh nghi\u1ec7p qu\u1ea3n l\u00fd hi\u1ec7u qu\u1ea3 h\u01a1n khi khai th\u00e1c v\u00e0 \u0111i\u1ec1u ph\u1ed1i xe trong qu\u00e1 tr\u00ecnh ho\u1ea1t \u0111\u1ed9ng kinh doanh c\u1ee7a doanh nghi\u1ec7p.<\/p>\n\n\n\n<ol>\n<li><strong>Qu\u1ea3n l\u00fd danh m\u1ee5c xe c\u1ee7a doanh nghi\u1ec7p:<\/strong><\/li>\n<\/ol>\n\n\n\n<p>\u0110i\u1ec1u quan tr\u1ecdng c\u1ee7a vi\u1ec7c qu\u1ea3n l\u00fd xe l\u00e0 ki\u1ec3m so\u00e1t \u0111\u01b0\u1ee3c vi\u1ec7c s\u1eed d\u1ee5ng xe, c\u00e1c lo\u1ea1i chi ph\u00ed s\u1eed d\u1ee5ng x\u0103ng, \u0111\u1ea3m b\u1ea3o kh\u00f4ng b\u1ecf l\u1ee1 c\u00e1c \u0111\u1ee3t \u0111\u0103ng ki\u1ec3m, b\u1ea3o d\u01b0\u1ee1ng. Ch\u1ee9c n\u0103ng qu\u1ea3n l\u00fd danh m\u1ee5c xe s\u1ebd gi\u00fap ph\u00e2n lo\u1ea1i v\u00e0 theo d\u00f5i chi ti\u1ebft th\u00f4ng tin c\u1ee7a t\u1eebng xe \u0111\u1ec3 c\u00f3 th\u1ec3 qu\u1ea3n l\u00fd c\u00e1c xe \u0111ang s\u1eeda ch\u1eefa v\u00e0 \u0111\u01b0a ra ph\u01b0\u01a1ng \u00e1n \u0111i\u1ec1u xe m\u1ed9t c\u00e1ch t\u1ed1i \u01b0u.<\/p>\n\n\n\n<figure class=\"wp-block-image\"><img decoding=\"async\" src=\"https:\/\/lh6.googleusercontent.com\/a6E2tDF-f_PcFFY9TfT43XN97S6vYtfO_bhte0Wa8Pne1dak2XxD_DMvdqvAjgfkUouzYGXGMvXd87c1ATMjkWkwwkJVQcE5t3ePNMyQ2f_Pocssi--Dsf_7-8EEFbxj0tAq4ZImh4owNE_Yx9do4gdKwZRNTo03HM468arJP68hn2222vc8IXKccwGRoKD4K1LRz79HjQ\" alt=\"\"\/><\/figure>\n\n\n\n<p><em>(App qu\u1ea3n l\u00fd xe \u1ee9ng d\u1ee5ng t\u1ea1i c\u00f4ng ty C\u01a1 kh\u00ed Duy Khanh)<\/em><\/p>\n\n\n\n<ol start=\"2\">\n<li>Qu\u1ea3n l\u00fd t\u00ecnh tr\u1ea1ng ho\u1ea1t \u0111\u1ed9ng s\u1eed d\u1ee5ng xe:<\/li>\n<\/ol>\n\n\n\n<p>Nh\u01b0 t\u00ean g\u1ecdi c\u1ee7a n\u00f3, ch\u1ee9c n\u0103ng n\u00e0y gi\u00fap ng\u01b0\u1eddi qu\u1ea3n l\u00fd d\u00f9 kh\u00f4ng c\u00f3 m\u1eb7t \u1edf c\u01a1 quan c\u0169ng c\u00f3 th\u1ec3 bi\u1ebft \u0111\u01b0\u1ee3c t\u00ecnh tr\u1ea1ng ho\u1ea1t \u0111\u1ed9ng c\u1ee7a xe \u0111\u1ec3 \u0111\u01b0a ra l\u1ec7nh v\u1eadn chuy\u1ec3n ph\u00f9 h\u1ee3p.<\/p>\n\n\n\n<figure class=\"wp-block-image\"><img decoding=\"async\" src=\"https:\/\/lh5.googleusercontent.com\/VK0SWw3IyJwUwBRr6uJpo16kqCjRkUGAVOnhFcwa5yGNvCqeHfGuuoBE3b58K8qrtDIcV3ag_Yxzg3R4PJj8V7a-J36R5JotoUcLj28DU5fm7pm8EnwdMr3w3qLMZtxY_CWCj1kQnbXEMw-YWDRK_RgfvsgD0ZGe92j6ppqJ7r5p8T2fRYGOGa3y8SyPIQ_9J4XR_cEUUw\" alt=\"\"\/><\/figure>\n\n\n\n<p><em>(App qu\u1ea3n l\u00fd xe \u1ee9ng d\u1ee5ng t\u1ea1i c\u00f4ng ty C\u01a1 kh\u00ed Duy Khanh)<\/em><\/p>\n\n\n\n<ol start=\"3\">\n<li>Qu\u1ea3n l\u00fd danh m\u1ee5c t\u00e0i x\u1ebf c\u1ee7a Doanh nghi\u1ec7p<\/li>\n<\/ol>\n\n\n\n<p>V\u1edbi ch\u1ee9c n\u0103ng qu\u1ea3n l\u00fd danh m\u1ee5c t\u00e0i x\u1ebf c\u1ee7a ph\u1ea7n m\u1ec1m, nh\u00e0 qu\u1ea3n l\u00fd c\u00f3 th\u1ec3 ki\u1ec3m so\u00e1t \u0111\u01b0\u1ee3c nh\u00e2n s\u1ef1 \u0111ang s\u1eed d\u1ee5ng xe. Trong tr\u01b0\u1eddng h\u1ee3p c\u00f3 s\u1ef1 c\u1ed1 x\u1ea3y ra trong qu\u00e1 tr\u00ecnh v\u1eadn chuy\u1ec3n, ho\u1eb7c giao nh\u1eadn ho\u00e1 th\u00ec c\u0169ng c\u00f3 th\u1ec3 ch\u1ee7 \u0111\u1ed9ng n\u1eafm \u0111\u01b0\u1ee3c t\u00ecnh h\u00ecnh \u0111\u1ec3 c\u00f3 ph\u01b0\u01a1ng \u00e1n gi\u1ea3i quy\u1ebft h\u1ee3p l\u00fd.<\/p>\n\n\n\n<figure class=\"wp-block-image\"><img decoding=\"async\" src=\"https:\/\/lh4.googleusercontent.com\/TiQ7sgLuIsi0ZShRtmfPwvHoSqcKA5SnktcBB83vw_H-i2GHvU3-d6Dt57uqohWeDyPVq0Zv1A_ySZePxuZ_OujycgcMhaqW_EH233KsgnF_IT4Gb-AYDsiqEMWFYEfVHUh-RFDzm1VTMHDliIbgoYGwaX5TJsd2o360phzi8-_dk8SsQ5VRqXtiXapxVJzFSV_HtcXpEg\" alt=\"\"\/><\/figure>\n\n\n\n<p><em>(App qu\u1ea3n l\u00fd xe \u1ee9ng d\u1ee5ng t\u1ea1i c\u00f4ng ty C\u01a1 kh\u00ed Duy Khanh)<\/em><\/p>\n\n\n\n<p>Ph\u1ea7n m\u1ec1m qu\u1ea3n l\u00fd xe c\u1ee7a C\u00f4ng ty k\u1ebft h\u1ee3p v\u1edbi App qu\u1ea3n l\u00fd xe s\u1eed d\u1ee5ng c\u00f4ng ngh\u1ec7 \u0111\u1ecbnh v\u1ecb cung c\u1ea5p cho t\u00e0i x\u1ebf h\u01b0\u1edbng d\u1eabn \u0111\u01b0\u1eddng \u0111i chi ti\u1ebft v\u00e0 c\u1eadp nh\u1eadt giao th\u00f4ng theo th\u1eddi gian th\u1ef1c t\u1ebf.&nbsp;<\/p>\n\n\n\n<p>\u0110\u1ea3m b\u1ea3o s\u1eed d\u1ee5ng xe \u0111\u00fang m\u1ee5c \u0111\u00edch, khi t\u1ef1 \u0111\u1ed9ng ghi l\u1ea1i c\u00e1c n\u01a1i \u0111\u1ebfn c\u1ee7a xe.<\/p>\n\n\n\n<p>Khi t\u00e0i x\u1ebf \u0111\u1ebfn v\u00e0 \u0111\u0103ng nh\u1eadp t\u1ea1i c\u00e1c \u0111i\u1ec3m ti\u1ebfp nhi\u00ean li\u1ec7u, b\u1ea3o d\u01b0\u1ee1ng ho\u1eb7c khi x\u1ea3y ra s\u1ef1 c\u1ed1 th\u00ec h\u1ec7 th\u1ed1ng c\u0169ng t\u1ef1 \u0111\u1ed9ng c\u1eadp nh\u1eadt v\u00e0 th\u1ed1ng k\u00ea l\u1ea1i qu\u00e1 tr\u00ecnh v\u1eadn h\u00e0nh xe \u0111\u1ec3 ng\u01b0\u1eddi qu\u1ea3n l\u00fd d\u1ec5 d\u00e0ng theo d\u00f5i.<\/p>\n\n\n\n<p>4. C\u00e1c lo\u1ea1i b\u00e1o c\u00e1o<\/p>\n\n\n\n<p>&#8211; B\u00e1o c\u00e1o chi ph\u00ed: Hao ph\u00ed Nhi\u00ean li\u1ec7u, c\u1ea7u \u0111\u01b0\u1eddng, s\u1eeda ch\u1eefa,<\/p>\n\n\n\n<p>&#8211; B\u00e1o c\u00e1o hi\u1ec7u qu\u1ea3 s\u1eed d\u1ee5ng xe.<\/p>\n\n\n\n<figure class=\"wp-block-image\"><img decoding=\"async\" src=\"https:\/\/lh4.googleusercontent.com\/HyP7PtnNLYD4qi0zofaMtElE7HVtRNzPCUlfPYtksXIN3ZCdtp1BFxOFmHtnd3YnaToSdqBGstCi8eGuBS5OxZrylleFBwPJSP0xq7QIZHqZ0jyfZVk1vlbUYM-BzeqF0T5o6GVoBD7_pAJsed5lJrGkBj3_Fk-ZO5hjLeuZDGfG1kq7fXMANO0VAmkiFpi1fgWyIOW8MA\" alt=\"\"\/><\/figure>\n\n\n\n<figure class=\"wp-block-image\"><img decoding=\"async\" src=\"https:\/\/lh5.googleusercontent.com\/uAecMQ4rwyT3cC_O3YkSlyk2Hu6ll-uIJcNWf9PA8rES2AGXn1L519HP04q4ac1NxIG0-NoZuGWm6k8K6T3-Zu9y3kHAchdLy0EdTySQyYHBq4SEjC6AiA21-x52lmGMMrvOhRza05XK0ExUH0dhA-BZUj5B71fvrLgBaSzUzI6K6Rw1ul-t124z0ujb39SOZVIVOAZBoA\" alt=\"\"\/><\/figure>\n\n\n\n<figure class=\"wp-block-image\"><img decoding=\"async\" src=\"https:\/\/lh3.googleusercontent.com\/bbwjffve9I02e2wg0ilr8cNqqbIcwiS2-q5jld5D9VDq9fadIseLL3j72Jt-3Qq0zufPsLZEnafXsXnfhOrKAO8GndzY1quQ8UmEPz1Uc9y4n0_h65HtZIKHpbwD7gXVq1d6HazPudufoFY9oTd89XrXjMUGd-eXDq-527skxi2j3AXRVH2shsEHEpXsQqGgjBAMtk9W4g\" alt=\"\"\/><\/figure>\n\n\n\n<figure class=\"wp-block-image\"><img decoding=\"async\" src=\"https:\/\/lh5.googleusercontent.com\/0yKpmgw9eFlpqQAkq2QXZ-LYFjKstpJRoLh7P7X_v83bj6-R82nP2AvaURilY4VcWplTNjD00eYvWdJuAqjMepCIV4CPnfTt-487vRAS_qCrcQ7U2snoDXA0nTeLPoaQG2qMydndy9dwSgTmyCIJV2875FFDBs59_YLHNGGN1pOM6RZKnCOZo38vL12yYnJ52vs3trxBQg\" alt=\"\"\/><\/figure>\n\n\n\n<p><em>(App Qu\u1ea3n l\u00fd xe \u1ee9ng d\u1ee5ng t\u1ea1i c\u00f4ng ty C\u01a1 kh\u00ed Duy Khanh)<\/em><\/p>\n","protected":false},"excerpt":{"rendered":"<p>H\u1ec7 th\u1ed1ng qu\u1ea3n l\u00fd v\u1eadn chuy\u1ec3n V\u1eadn chuy\u1ec3n kh\u00f4ng ch\u1ec9 l\u00e0 m\u1ed9t trong nh\u1eefng m\u1eaft x\u00edch quan tr\u1ecdng trong chu\u1ed7i cung \u1ee9ng c\u1ee7a t\u1ea5t c\u1ea3 c\u00e1c doanh nghi\u1ec7p. \u0110\u1ec3 qu\u1ea3n l\u00fd t\u1ed1t h\u1ec7 th\u1ed1ng v\u1eadn chuy\u1ec3n c\u1ee7a doanh nghi\u1ec7p th\u00ec c\u1ea7n m\u1ed9t ph\u1ea7n m\u1ec1m qu\u1ea3n l\u00fd hi\u1ec7u qu\u1ea3. C\u0169ng nh\u01b0 trang thi\u1ebft b\u1ecb, xe c\u0169ng &#8230; <a title=\"Qu\u1ea3n l\u00fd v\u1eadn chuy\u1ec3n\" class=\"read-more\" href=\"https:\/\/duyanhsms.com\/index.php\/he-thong-quan-ly-van-chuyen\/\" aria-label=\"More on Qu\u1ea3n l\u00fd v\u1eadn chuy\u1ec3n\">\u0110\u1ecdc ti\u1ebfp<\/a><\/p>\n","protected":false},"author":1,"featured_media":0,"parent":0,"menu_order":0,"comment_status":"closed","ping_status":"closed","template":"","meta":{"footnotes":""},"_links":{"self":[{"href":"https:\/\/duyanhsms.com\/index.php\/wp-json\/wp\/v2\/pages\/654"}],"collection":[{"href":"https:\/\/duyanhsms.com\/index.php\/wp-json\/wp\/v2\/pages"}],"about":[{"href":"https:\/\/duyanhsms.com\/index.php\/wp-json\/wp\/v2\/types\/page"}],"author":[{"embeddable":true,"href":"https:\/\/duyanhsms.com\/index.php\/wp-json\/wp\/v2\/users\/1"}],"replies":[{"embeddable":true,"href":"https:\/\/duyanhsms.com\/index.php\/wp-json\/wp\/v2\/comments?post=654"}],"version-history":[{"count":3,"href":"https:\/\/duyanhsms.com\/index.php\/wp-json\/wp\/v2\/pages\/654\/revisions"}],"predecessor-version":[{"id":716,"href":"https:\/\/duyanhsms.com\/index.php\/wp-json\/wp\/v2\/pages\/654\/revisions\/716"}],"wp:attachment":[{"href":"https:\/\/duyanhsms.com\/index.php\/wp-json\/wp\/v2\/media?parent=654"}],"curies":[{"name":"wp","href":"https:\/\/api.w.org\/{rel}","templated":true}]}}