{"id":577,"date":"2022-09-10T06:37:33","date_gmt":"2022-09-09T23:37:33","guid":{"rendered":"https:\/\/duyanhsms.com\/main\/?p=577"},"modified":"2022-12-17T13:43:44","modified_gmt":"2022-12-17T06:43:44","slug":"lap-ke-hoach-san-xuat","status":"publish","type":"page","link":"https:\/\/duyanhsms.com\/index.php\/lap-ke-hoach-san-xuat\/","title":{"rendered":"L\u1eadp k\u1ebf ho\u1ea1ch s\u1ea3n xu\u1ea5t"},"content":{"rendered":"<div class=\"wp-block-image\">\n<figure class=\"aligncenter size-large\"><img loading=\"lazy\" decoding=\"async\" width=\"1024\" height=\"768\" src=\"https:\/\/duyanhsms.com\/wp-content\/uploads\/2022\/12\/8.22_banner-Lap-KHGC-01-1024x768.png\" alt=\"\" class=\"wp-image-630\" srcset=\"https:\/\/duyanhsms.com\/wp-content\/uploads\/2022\/12\/8.22_banner-Lap-KHGC-01-1024x768.png 1024w, https:\/\/duyanhsms.com\/wp-content\/uploads\/2022\/12\/8.22_banner-Lap-KHGC-01-300x225.png 300w, https:\/\/duyanhsms.com\/wp-content\/uploads\/2022\/12\/8.22_banner-Lap-KHGC-01-768x576.png 768w, https:\/\/duyanhsms.com\/wp-content\/uploads\/2022\/12\/8.22_banner-Lap-KHGC-01-1536x1152.png 1536w, https:\/\/duyanhsms.com\/wp-content\/uploads\/2022\/12\/8.22_banner-Lap-KHGC-01-2048x1535.png 2048w\" sizes=\"(max-width: 1024px) 100vw, 1024px\" \/><\/figure><\/div>\n\n\n<p><strong>L\u00ean k\u1ebf ho\u1ea1ch s\u1ea3n xu\u1ea5t<\/strong><\/p>\n\n\n\n<p>K\u1ebf ho\u1ea1ch \u0111\u00f3ng vai tr\u00f2 quan tr\u1ecdng cho s\u1ef1 th\u00e0nh c\u00f4ng c\u1ee7a b\u1ea5t c\u1ee9 ng\u00e0nh ngh\u1ec1 n\u00e0o. \u0110\u1eb7c bi\u1ec7t \u0111\u1ed1i v\u1edbi doanh nghi\u1ec7p s\u1ea3n xu\u1ea5t, m\u1ed9t k\u1ebf ho\u1ea1ch gia c\u00f4ng c\u00e0ng quan tr\u1ecdng h\u01a1n v\u00ec g\u00f3p ph\u1ea7n gi\u00fap quy tr\u00ecnh s\u1ea3n xu\u1ea5t c\u1ee7a doanh nghi\u1ec7p \u0111\u1ea1t hi\u1ec7u qu\u1ea3 t\u1ed1t nh\u1ea5t.<\/p>\n\n\n\n<p>&nbsp;Module l\u00ean k\u1ebf ho\u1ea1ch s\u1ea3n xu\u1ea5t c\u1ee7a DAS:&nbsp;&nbsp;<\/p>\n\n\n\n<ul>\n<li>S\u1eed d\u1ee5ng c\u00f4ng c\u1ee5 Google OR tool cho b\u00e0i to\u00e1n quy ho\u1ea1ch, \u0111\u1ea3m b\u1ea3o x\u1ebfp k\u1ebf ho\u1ea1ch d\u1ef1a tr\u00ean th\u00f4ng tin \u0111\u1ea7u v\u00e0o m\u1ed9t c\u00e1ch ch\u00ednh x\u00e1c v\u00e0 khoa h\u1ecdc.&nbsp;<\/li>\n\n\n\n<li>C\u00e1c th\u00f4ng tin \u0111\u1ea7u v\u00e0o \u0111a d\u1ea1ng, t\u1eeb nguy\u00ean v\u1eadt li\u1ec7u, c\u00f4ng c\u1ee5 d\u1ee5ng c\u1ee5,&#8230; \u0111\u1ebfn ngu\u1ed3n l\u1ef1c m\u00e1y, l\u1ecbch ho\u1ea1t \u0111\u1ed9ng m\u00e1y.<\/li>\n\n\n\n<li>Sau khi thu th\u1eadp \u0111\u1ee7 d\u1eef li\u1ec7u \u0111\u1ea7u v\u00e0o, ch\u1ee9c n\u0103ng l\u00ean k\u1ebf ho\u1ea1ch s\u1ebd s\u1eafp x\u1ebfp th\u1ee9 t\u1ef1 c\u00f4ng vi\u1ec7c, t\u00ednh to\u00e1n th\u1eddi gian b\u1eaft \u0111\u1ea7u &#8211; k\u1ebft th\u00fac c\u1ee7a t\u1eebng c\u00f4ng \u0111o\u1ea1n. K\u1ebft qu\u1ea3 cho ra b\u1ea3ng k\u1ebf ho\u1ea1ch kh\u1edbp th\u00f4ng tin \u0111\u1ea7u v\u00e0o, \u0111\u1ed3ng th\u1eddi \u0111\u1ea3m b\u1ea3o t\u1eadn d\u1ee5ng t\u1ed1i \u0111a ngu\u1ed3n l\u1ef1c \u0111\u1ec3 ho\u00e0n th\u00e0nh t\u1ea5t c\u1ea3 c\u00f4ng \u0111o\u1ea1n trong th\u1eddi gian ng\u1eafn nh\u1ea5t.<\/li>\n\n\n\n<li>D\u1ef1a tr\u00ean b\u1ea3ng k\u1ebf ho\u1ea1ch s\u1ea3n xu\u1ea5t n\u00e0y, ng\u01b0\u1eddi d\u00f9ng c\u00f3 th\u1ec3 d\u1ec5 d\u00e0ng x\u1ebfp th\u1ee9 t\u1ef1 \u01b0u ti\u00ean cho c\u00e1c c\u00f4ng vi\u1ec7c ph\u00e1t sinh, c\u1ea7n ph\u1ea3i th\u1ef1c hi\u1ec7n tr\u01b0\u1edbc. Ph\u1ea7n m\u1ec1m s\u1ebd c\u0103n theo \u01b0u ti\u00ean \u0111\u1ec3 s\u1eafp x\u1ebfp l\u1ea1i k\u1ebf ho\u1ea1ch v\u00e0 t\u00ednh to\u00e1n l\u1ea1i th\u1eddi gian ho\u00e0n to\u00e0n t\u1ef1 \u0111\u1ed9ng.&nbsp;<\/li>\n\n\n\n<li>T\u1eeb b\u1ea3ng k\u1ebf ho\u1ea1ch c\u00e1c ph\u00f2ng ban s\u1ebd n\u1eafm \u0111\u01b0\u1ee3c ti\u1ebfn \u0111\u1ed9 s\u1ea3n xu\u1ea5t, qu\u1ea3n l\u00fd c\u00f4ng vi\u1ec7c hi\u1ec7u qu\u1ea3 h\u01a1n, \u0111\u01b0a ra c\u00e1c quy\u1ebft \u0111\u1ecbnh s\u1ea3n xu\u1ea5t, t\u1eadn d\u1ee5ng ngu\u1ed3n l\u1ef1c m\u00e1y m\u00f3c. Ng\u01b0\u1eddi c\u00f4ng nh\u00e2n bi\u1ebft \u0111\u01b0\u1ee3c kh\u1ed1i l\u01b0\u1ee3ng c\u00f4ng vi\u1ec7c c\u1ee7a m\u00ecnh. Ng\u01b0\u1eddi qu\u1ea3n l\u00fd hi\u1ec7n tr\u01b0\u1eddng bi\u1ebft \u0111\u01b0\u1ee3c danh s\u00e1ch c\u00f4ng vi\u1ec7c s\u1eafp t\u1edbi, ph\u00e2n c\u00f4ng &#8211; \u0111i\u1ec1u ph\u1ed1i &#8211; s\u1eafp x\u1ebfp c\u00f4ng vi\u1ec7c ch\u1ee7 \u0111\u1ed9ng h\u01a1n, hi\u1ec7u qu\u1ea3 h\u01a1n.<\/li>\n<\/ul>\n\n\n<div class=\"wp-block-image\">\n<figure class=\"aligncenter\"><img decoding=\"async\" src=\"https:\/\/lh5.googleusercontent.com\/CL-l2koeWX2tHYOZ4x70wZN-5tumeLSTSAusZRfR7d6uXQ-QfYbqq9pco0oF9WBTr38p7HMUqqY1t-3QZR1rZJzVp7qDZIh3kIJdg73IYrkfB6tSHH7wQPw_7h0IIIPz7AUHRCfaRQbbPJtF5C6m5E_pbY417uAxSYzaaZASjsIuEv8lSnNtoe8uOViwQnFShv0ZgyD4SA\" alt=\"\"\/><figcaption class=\"wp-element-caption\"><em>Giao di\u1ec7n l\u00ean l\u1ecbch ho\u1ea1t \u0111\u1ed9ng m\u00e1y<\/em><\/figcaption><\/figure><\/div>\n\n<div class=\"wp-block-image\">\n<figure class=\"aligncenter\"><img decoding=\"async\" src=\"https:\/\/lh6.googleusercontent.com\/fumxf7kB6JkjLIVJ4WsphL9ZA0TJk4LUVJUPCLMCm5ZAwOVBqejNxj9mnBQtWBYVZWtKZJtMUfgvcE8dUJivFtuSR7lhxky2TsD2B3zRXwSAjey1tINdu7CHD_RyNwEGEsigQCswcrNUelD68UzEXv4r_Zv1Vn0glN-0eyMxH9rrzu2qbu6HKu42ZvyU6x4aY6_rS1vVTg\" alt=\"\"\/><figcaption class=\"wp-element-caption\"><em>Giao di\u1ec7n l\u00ean k\u1ebf ho\u1ea1ch&nbsp;<\/em><\/figcaption><\/figure><\/div>\n\n\n<p>Nh\u1eefng ch\u1ee9c n\u0103ng ch\u00ednh:<\/p>\n\n\n\n<ol>\n<li>Khai b\u00e1o th\u00f4ng tin n\u0103ng l\u1ef1c m\u00e1y, nh\u00e2n vi\u00ean v\u1eadn h\u00e0nh.<\/li>\n\n\n\n<li>T\u1ef1 \u0111\u1ed9ng t\u1ed5ng h\u1ee3p d\u1eef li\u1ec7u c\u00e1c y\u1ebfu t\u1ed1 \u0111\u1ea7u v\u00e0o v\u1ec1 v\u1eadt t\u01b0, d\u1ee5ng c\u1ee5, ch\u01b0\u01a1ng tr\u00ecnh.<\/li>\n\n\n\n<li>T\u1ef1 \u0111\u1ed9ng thi\u1ebft l\u1eadp k\u1ebf ho\u1ea1ch s\u1ea3n xu\u1ea5t:\n<ol>\n<li>T\u1ef1 \u0111\u1ed9ng t\u00ednh to\u00e1n, s\u1eafp x\u1ebfp tr\u00ecnh t\u1ef1 gia c\u00f4ng h\u1ee3p l\u00fd theo c\u00e1c y\u1ebfu t\u1ed1 \u0111\u1ea7u v\u00e0o<\/li>\n\n\n\n<li>T\u00ednh to\u00e1n ch\u00ednh x\u00e1c gi\u1edd b\u1eaft \u0111\u1ea7u, k\u1ebft th\u00fac cho t\u1eebng c\u00f4ng \u0111o\u1ea1n tr\u00ean t\u1eebng m\u00e1y<\/li>\n\n\n\n<li>T\u00ednh to\u00e1n k\u1ebf ho\u1ea1ch t\u1ed1i \u01b0u v\u00e0 k\u1ebf ho\u1ea1ch th\u1ef1c t\u1ebf<\/li>\n\n\n\n<li>D\u1ef1 to\u00e1n chi ph\u00ed l\u01b0\u01a1ng cho k\u1ebf ho\u1ea1ch \u0111\u01b0\u1ee3c l\u1eadp ra<\/li>\n<\/ol>\n<\/li>\n\n\n\n<li>L\u1eadp b\u00e1o c\u00e1o, bi\u1ec3u \u0111\u1ed3 so s\u00e1nh, t\u00ednh to\u00e1n hi\u1ec7u su\u1ea5t d\u1ef1a tr\u00ean hai k\u1ebf ho\u1ea1ch t\u1ed1i \u01b0u v\u00e0 th\u1ef1c t\u1ebf.<\/li>\n<\/ol>\n","protected":false},"excerpt":{"rendered":"<p>L\u00ean k\u1ebf ho\u1ea1ch s\u1ea3n xu\u1ea5t K\u1ebf ho\u1ea1ch \u0111\u00f3ng vai tr\u00f2 quan tr\u1ecdng cho s\u1ef1 th\u00e0nh c\u00f4ng c\u1ee7a b\u1ea5t c\u1ee9 ng\u00e0nh ngh\u1ec1 n\u00e0o. \u0110\u1eb7c bi\u1ec7t \u0111\u1ed1i v\u1edbi doanh nghi\u1ec7p s\u1ea3n xu\u1ea5t, m\u1ed9t k\u1ebf ho\u1ea1ch gia c\u00f4ng c\u00e0ng quan tr\u1ecdng h\u01a1n v\u00ec g\u00f3p ph\u1ea7n gi\u00fap quy tr\u00ecnh s\u1ea3n xu\u1ea5t c\u1ee7a doanh nghi\u1ec7p \u0111\u1ea1t hi\u1ec7u qu\u1ea3 t\u1ed1t nh\u1ea5t. &#8230; <a title=\"L\u1eadp k\u1ebf ho\u1ea1ch s\u1ea3n xu\u1ea5t\" class=\"read-more\" href=\"https:\/\/duyanhsms.com\/index.php\/lap-ke-hoach-san-xuat\/\" aria-label=\"More on L\u1eadp k\u1ebf ho\u1ea1ch s\u1ea3n xu\u1ea5t\">\u0110\u1ecdc ti\u1ebfp<\/a><\/p>\n","protected":false},"author":4,"featured_media":0,"parent":0,"menu_order":0,"comment_status":"closed","ping_status":"closed","template":"","meta":{"footnotes":""},"_links":{"self":[{"href":"https:\/\/duyanhsms.com\/index.php\/wp-json\/wp\/v2\/pages\/577"}],"collection":[{"href":"https:\/\/duyanhsms.com\/index.php\/wp-json\/wp\/v2\/pages"}],"about":[{"href":"https:\/\/duyanhsms.com\/index.php\/wp-json\/wp\/v2\/types\/page"}],"author":[{"embeddable":true,"href":"https:\/\/duyanhsms.com\/index.php\/wp-json\/wp\/v2\/users\/4"}],"replies":[{"embeddable":true,"href":"https:\/\/duyanhsms.com\/index.php\/wp-json\/wp\/v2\/comments?post=577"}],"version-history":[{"count":8,"href":"https:\/\/duyanhsms.com\/index.php\/wp-json\/wp\/v2\/pages\/577\/revisions"}],"predecessor-version":[{"id":777,"href":"https:\/\/duyanhsms.com\/index.php\/wp-json\/wp\/v2\/pages\/577\/revisions\/777"}],"wp:attachment":[{"href":"https:\/\/duyanhsms.com\/index.php\/wp-json\/wp\/v2\/media?parent=577"}],"curies":[{"name":"wp","href":"https:\/\/api.w.org\/{rel}","templated":true}]}}