{"id":574,"date":"2022-09-10T06:36:59","date_gmt":"2022-09-09T23:36:59","guid":{"rendered":"https:\/\/duyanhsms.com\/main\/?p=574"},"modified":"2022-12-17T13:59:05","modified_gmt":"2022-12-17T06:59:05","slug":"quan-ly-ban-hang","status":"publish","type":"page","link":"https:\/\/duyanhsms.com\/index.php\/quan-ly-ban-hang\/","title":{"rendered":"Qu\u1ea3n l\u00fd B\u00e1n h\u00e0ng"},"content":{"rendered":"\n<figure class=\"wp-block-image size-large\"><img loading=\"lazy\" decoding=\"async\" width=\"1024\" height=\"768\" src=\"https:\/\/duyanhsms.com\/wp-content\/uploads\/2022\/12\/8.22_banner-QL-ban-hang-01-1024x768.png\" alt=\"\" class=\"wp-image-622\" srcset=\"https:\/\/duyanhsms.com\/wp-content\/uploads\/2022\/12\/8.22_banner-QL-ban-hang-01-1024x768.png 1024w, https:\/\/duyanhsms.com\/wp-content\/uploads\/2022\/12\/8.22_banner-QL-ban-hang-01-300x225.png 300w, https:\/\/duyanhsms.com\/wp-content\/uploads\/2022\/12\/8.22_banner-QL-ban-hang-01-768x576.png 768w, https:\/\/duyanhsms.com\/wp-content\/uploads\/2022\/12\/8.22_banner-QL-ban-hang-01-1536x1152.png 1536w, https:\/\/duyanhsms.com\/wp-content\/uploads\/2022\/12\/8.22_banner-QL-ban-hang-01-2048x1535.png 2048w\" sizes=\"(max-width: 1024px) 100vw, 1024px\" \/><\/figure>\n\n\n\n<p><strong>PH\u1ea6N M\u1ec0M QU\u1ea2N L\u00dd B\u00c1N\u00a0H\u00c0NG<\/strong><\/p>\n\n\n\n<p>M\u1ed9t doanh nghi\u1ec7p kh\u00f4ng th\u1ec3 ho\u1ea1t \u0111\u1ed9ng hi\u1ec7u qu\u1ea3 n\u1ebfu kh\u00f4ng c\u00f3 m\u1ed9t h\u1ec7 th\u1ed1ng <strong>qu\u1ea3n l\u00fd b\u00e1n h\u00e0ng<\/strong> v\u1eadn h\u00e0nh m\u1ed9t c\u00e1ch \u0111\u1ed3ng b\u1ed9 v\u00e0 khoa h\u1ecdc.&nbsp;<\/p>\n\n\n\n<p>V\u1edbi nh\u1eefng c\u1ea3i ti\u1ebfn v\u1ec1 c\u00f4ng ngh\u1ec7, DAS cung c\u1ea5p gi\u1ea3i ph\u00e1p qu\u1ea3n l\u00fd b\u00e1n h\u00e0ng, gi\u00fap cho ng\u01b0\u1eddi d\u00f9ng \u0111\u1eb7c bi\u1ec7t l\u00e0 c\u00e1c doanh nghi\u1ec7p d\u1ec5 d\u00e0ng x\u1eed l\u00fd c\u00e1c nghi\u1ec7p v\u1ee5 b\u00e1n h\u00e0ng, qu\u1ea3n l\u00fd doanh thu, d\u00f2ng ti\u1ec1n, qu\u1ea3n l\u00fd kho m\u1ed9t c\u00e1ch ch\u1eb7t ch\u1ebd, khoa h\u1ecdc v\u00e0 ti\u1ebft ki\u1ec7m th\u1eddi gian.<\/p>\n\n\n\n<p>H\u1ec7 th\u1ed1ng qu\u1ea3n l\u00fd b\u00e1n h\u00e0ng t\u1eeb DAS g\u1ed3m nh\u1eefng ch\u1ee9c n\u0103ng sau:<br>Qu\u1ea3n l\u00fd danh s\u00e1ch kh\u00e1ch h\u00e0ng: to\u00e0n b\u1ed9 th\u00f4ng tin kh\u00e1ch h\u00e0ng \u0111\u01b0\u1ee3c ph\u1ea7n m\u1ec1m l\u01b0u tr\u1eef, gi\u00fap ng\u01b0\u1eddi b\u00e1n d\u1ec5 d\u00e0ng nh\u1eadn ra \u0111\u00f3 l\u00e0 kh\u00e1ch m\u1edbi hay kh\u00e1ch c\u0169 \u0111\u1ec3 t\u1eeb \u0111\u00f3 c\u00f3 \u0111\u01b0\u1ee3c ch\u01b0\u01a1ng tr\u00ecnh b\u00e1n h\u00e0ng khuy\u1ebfn m\u00e3i ho\u1eb7c h\u1eadu m\u00e3i ph\u00f9 h\u1ee3p.<\/p>\n\n\n<div class=\"wp-block-image\">\n<figure class=\"aligncenter\"><img decoding=\"async\" src=\"https:\/\/lh5.googleusercontent.com\/YlMoo5ls797-AriAWg_l75qQz9YJa6yAvqEeD7lCoqzs0SSATaXZInbpldPuswlXpfRzaUEHpwXT1jNwGupL91ahbE9UDKo19o6GuBYJoVi2R0HhD-DLlCu9RtnFQAYKpWrXOpb27FiUvY0RxYUbnesNe6BBcCRIAI8JTHRrOk54kAdhZ_r2qq_TL3GcBwO-sMyhgs_cBg\" alt=\"\"\/><figcaption class=\"wp-element-caption\">Danh s\u00e1ch kh\u00e1ch h\u00e0ng<\/figcaption><\/figure><\/div>\n\n\n<p>Qu\u1ea3n l\u00fd c\u00e1c \u0111\u01a1n h\u00e0ng, l\u1ec7nh s\u1ea3n xu\u1ea5t: Qu\u1ea3n l\u00fd t\u00ecnh tr\u1ea1ng c\u00e1c \u0111\u01a1n h\u00e0ng, l\u1ec7nh s\u1ea3n xu\u1ea5t trong \u0111\u01a1n v\u1ecb, ph\u1ee5c v\u1ee5 cho vi\u1ec7c theo d\u00f5i ti\u1ebfn \u0111\u1ed9 s\u1ea3n xu\u1ea5t v\u00e0 xu\u1ea5t nguy\u00ean v\u1eadt li\u1ec7u cho s\u1ea3n xu\u1ea5t. Ngo\u00e0i ra ch\u1ee9c n\u0103ng n\u00e0y c\u00f2n gi\u00fap ng\u01b0\u1eddi qu\u1ea3n l\u00fd c\u00f3 th\u1ec3 tra c\u1ee9u t\u00ecm ki\u1ebfm theo th\u1eddi gian, t\u00ecnh tr\u1ea1ng th\u1ef1c hi\u1ec7n khi c\u1ea7n thi\u1ebft.<\/p>\n\n\n<div class=\"wp-block-image\">\n<figure class=\"aligncenter\"><img decoding=\"async\" src=\"https:\/\/lh6.googleusercontent.com\/3RPGhMeAs2_y8Fd_RozRHQjz_soXu4WPapJOofq7A7jT6YIGtIJ3eKU4S5ArYRHROcY0tNTTDQhGfIfnBPetiGI5yxzOp52yVMioeeqeJ4WZxOM8bBeMGkNwY4Yz8j3U9n2j8HUseFqDrvLXQ0_HbXdiBUp0Zj5tLYg62oUcylwYZ2mPlDeAhoTpNsBq4xjp_V_CYHb9dg\" alt=\"\"\/><figcaption class=\"wp-element-caption\">Danh s\u00e1ch kh\u00e1ch h\u00e0ng<\/figcaption><\/figure><\/div>\n\n\n<p>Ch\u1ee9c n\u0103ng qu\u1ea3n l\u00fd danh m\u1ee5c s\u1ea3n ph\u1ea9m trong \u0111\u01a1n h\u00e0ng: V\u1edbi ch\u1ee9c n\u0103ng n\u00e0y, h\u1ec7 th\u1ed1ng DAS gi\u00fap ng\u01b0\u1eddi qu\u1ea3n l\u00fd c\u00f3 th\u1ec3 ki\u1ec3m so\u00e1t \u0111\u01b0\u1ee3c s\u1ea3n ph\u1ea9m trong \u0111\u01a1n h\u00e0ng \u0111ang \u1edf giai \u0111o\u1ea1n n\u00e0o c\u1ee7a qu\u00e1 tr\u00ecnh s\u1ea3n xu\u1ea5t \u0111\u1ec3 c\u00f3 ph\u01b0\u01a1ng \u00e1n kinh doanh ph\u00f9 h\u1ee3p.<\/p>\n\n\n\n<figure class=\"wp-block-image\"><img decoding=\"async\" src=\"https:\/\/lh4.googleusercontent.com\/aQuNMelZfEZi5cpFTB4JUWsoKuxF1EGweLwq5VbAFMKs8AAvc89x0sI9TYT7RTiN1gHD2mhCeAiq39Lj5nB7AqNuMiBEm2fCcfh2c8dYCqc6Nt_t4mLGeoXMS3b_fkOgH96rBg8aJyKIvQ8BQCriHaBUkuw4aD9FSBzHf82celvWHMCT1XMNsP77XXjqD93VmS92nOT5QQ\" alt=\"\"\/><\/figure>\n\n\n\n<p>Ch\u1ee9c n\u0103ng b\u00e1o c\u00e1o: H\u1ec7 th\u1ed1ng kh\u00f4ng ch\u1ec9 l\u01b0u tr\u1eef m\u00e0 c\u00f2n c\u00f3 ch\u1ee9c n\u0103ng h\u1ed7 tr\u1ee3 xu\u1ea5t b\u00e1o c\u00e1o li\u00ean quan \u0111\u1ebfn vi\u1ec7c b\u00e1n h\u00e0ng nh\u01b0: nh\u1eadt k\u00fd b\u00e1n h\u00e0ng, b\u1ea3ng k\u00ea b\u00e1n h\u00e0ng, doanh s\u1ed1 theo \u0111\u01a1n h\u00e0ng, t\u00ecnh tr\u1ea1ng \u0111\u01a1n h\u00e0ng, l\u1ecbch giao h\u00e0ng\u2026 m\u1ed9t c\u00e1ch ch\u00ednh x\u00e1c nh\u1ea5t.<\/p>\n\n\n\n<p>M\u1ed9t h\u1ec7 th\u1ed1ng gi\u00fap qu\u1ea3n l\u00fd b\u00e1n h\u00e0ng ph\u00f9 h\u1ee3p s\u1ebd gi\u00fap doanh nghi\u1ec7p gi\u1ea3m chi ph\u00ed ho\u1ea1t \u0111\u1ed9ng \u0111\u1ed3ng th\u1eddi th\u00fac \u0111\u1ea9y ho\u1ea1t \u0111\u1ed9ng kinh doanh cho doanh nghi\u1ec7p. D\u1ef1a tr\u00ean nh\u1eefng th\u00f4ng tin m\u00e0 h\u1ec7 th\u1ed1ng l\u01b0u tr\u1eef, nh\u00e0 qu\u1ea3n l\u00fd d\u1ec5 d\u00e0ng theo d\u00f5i t\u00ecnh h\u00ecnh b\u00e1n h\u00e0ng c\u1ee7a doanh nghi\u1ec7p \u0111\u1ec3 t\u1eeb \u0111\u00f3 \u0111\u01b0a ra c\u00e1c ch\u01b0\u01a1ng tr\u00ecnh khuy\u1ebfn m\u00e3i ho\u1eb7c nh\u1eefng gi\u1ea3i ph\u00e1p x\u1eed l\u00fd s\u1ef1 c\u1ed1 ph\u00f9 h\u1ee3p.<\/p>\n\n\n\n<p>\ufeff<\/p>\n","protected":false},"excerpt":{"rendered":"<p>PH\u1ea6N M\u1ec0M QU\u1ea2N L\u00dd B\u00c1N\u00a0H\u00c0NG M\u1ed9t doanh nghi\u1ec7p kh\u00f4ng th\u1ec3 ho\u1ea1t \u0111\u1ed9ng hi\u1ec7u qu\u1ea3 n\u1ebfu kh\u00f4ng c\u00f3 m\u1ed9t h\u1ec7 th\u1ed1ng qu\u1ea3n l\u00fd b\u00e1n h\u00e0ng v\u1eadn h\u00e0nh m\u1ed9t c\u00e1ch \u0111\u1ed3ng b\u1ed9 v\u00e0 khoa h\u1ecdc.&nbsp; V\u1edbi nh\u1eefng c\u1ea3i ti\u1ebfn v\u1ec1 c\u00f4ng ngh\u1ec7, DAS cung c\u1ea5p gi\u1ea3i ph\u00e1p qu\u1ea3n l\u00fd b\u00e1n h\u00e0ng, gi\u00fap cho ng\u01b0\u1eddi d\u00f9ng \u0111\u1eb7c bi\u1ec7t &#8230; <a title=\"Qu\u1ea3n l\u00fd B\u00e1n h\u00e0ng\" class=\"read-more\" href=\"https:\/\/duyanhsms.com\/index.php\/quan-ly-ban-hang\/\" aria-label=\"More on Qu\u1ea3n l\u00fd B\u00e1n h\u00e0ng\">\u0110\u1ecdc ti\u1ebfp<\/a><\/p>\n","protected":false},"author":4,"featured_media":0,"parent":0,"menu_order":0,"comment_status":"closed","ping_status":"closed","template":"","meta":{"footnotes":""},"_links":{"self":[{"href":"https:\/\/duyanhsms.com\/index.php\/wp-json\/wp\/v2\/pages\/574"}],"collection":[{"href":"https:\/\/duyanhsms.com\/index.php\/wp-json\/wp\/v2\/pages"}],"about":[{"href":"https:\/\/duyanhsms.com\/index.php\/wp-json\/wp\/v2\/types\/page"}],"author":[{"embeddable":true,"href":"https:\/\/duyanhsms.com\/index.php\/wp-json\/wp\/v2\/users\/4"}],"replies":[{"embeddable":true,"href":"https:\/\/duyanhsms.com\/index.php\/wp-json\/wp\/v2\/comments?post=574"}],"version-history":[{"count":4,"href":"https:\/\/duyanhsms.com\/index.php\/wp-json\/wp\/v2\/pages\/574\/revisions"}],"predecessor-version":[{"id":784,"href":"https:\/\/duyanhsms.com\/index.php\/wp-json\/wp\/v2\/pages\/574\/revisions\/784"}],"wp:attachment":[{"href":"https:\/\/duyanhsms.com\/index.php\/wp-json\/wp\/v2\/media?parent=574"}],"curies":[{"name":"wp","href":"https:\/\/api.w.org\/{rel}","templated":true}]}}