{"id":570,"date":"2022-09-10T06:36:16","date_gmt":"2022-09-09T23:36:16","guid":{"rendered":"https:\/\/duyanhsms.com\/main\/?p=570"},"modified":"2022-12-17T14:28:13","modified_gmt":"2022-12-17T07:28:13","slug":"quan-ly-mua-hang","status":"publish","type":"page","link":"https:\/\/duyanhsms.com\/index.php\/quan-ly-mua-hang\/","title":{"rendered":"Qu\u1ea3n l\u00fd Mua h\u00e0ng"},"content":{"rendered":"\n<figure class=\"wp-block-image size-large\"><img loading=\"lazy\" decoding=\"async\" width=\"1024\" height=\"768\" src=\"https:\/\/duyanhsms.com\/wp-content\/uploads\/2022\/12\/8.22_banner-QL-mua-hang-01-1024x768.png\" alt=\"\" class=\"wp-image-623\" srcset=\"https:\/\/duyanhsms.com\/wp-content\/uploads\/2022\/12\/8.22_banner-QL-mua-hang-01-1024x768.png 1024w, https:\/\/duyanhsms.com\/wp-content\/uploads\/2022\/12\/8.22_banner-QL-mua-hang-01-300x225.png 300w, https:\/\/duyanhsms.com\/wp-content\/uploads\/2022\/12\/8.22_banner-QL-mua-hang-01-768x576.png 768w, https:\/\/duyanhsms.com\/wp-content\/uploads\/2022\/12\/8.22_banner-QL-mua-hang-01-1536x1152.png 1536w, https:\/\/duyanhsms.com\/wp-content\/uploads\/2022\/12\/8.22_banner-QL-mua-hang-01-2048x1535.png 2048w\" sizes=\"(max-width: 1024px) 100vw, 1024px\" \/><\/figure>\n\n\n\n<p><strong>H\u1ec7 th\u1ed1ng Qu\u1ea3n l\u00fd mua h\u00e0ng<\/strong><\/p>\n\n\n\n<p>\u0110\u1ed1i v\u1edbi m\u1ed9t doanh nghi\u1ec7p s\u1ea3n xu\u1ea5t, ki\u1ec3m so\u00e1t ch\u1ea5t l\u01b0\u1ee3ng v\u00e0 qu\u1ea3n l\u00fd ti\u1ebfn \u0111\u1ed9 h\u00e0ng h\u00f3a trong qu\u00e1 tr\u00ecnh mua h\u00e0ng l\u00e0 v\u00f4 c\u00f9ng c\u1ea7n thi\u1ebft. Khi doanh nghi\u1ec7p thi\u1ebft l\u1eadp \u0111\u01b0\u1ee3c m\u1ed9t quy tr\u00ecnh mua h\u00e0ng h\u1ee3p l\u00fd th\u00ec kh\u00f4ng ch\u1ec9 c\u00e2n \u0111\u1ed1i \u0111\u01b0\u1ee3c th\u1eddi gian m\u00e0 c\u00f2n t\u1ed1i \u01b0u \u0111\u01b0\u1ee3c chi ph\u00ed v\u00e0 nh\u00e2n c\u00f4ng trong qu\u00e1 tr\u00ecnh s\u1ea3n xu\u1ea5t c\u1ee7a m\u00ecnh.&nbsp;<\/p>\n\n\n\n<p>Tuy nhi\u00ean, vi\u1ec7c \u0111\u1ea3m b\u1ea3o mua \u0111\u00fang l\u01b0\u1ee3ng h\u00e0ng t\u1eeb c\u00e1c nh\u00e0 cung c\u1ea5p ch\u1ea5t l\u01b0\u1ee3ng \u0111\u1ec3 \u0111\u00e1p \u1ee9ng c\u00e1c \u0111\u01a1n \u0111\u1eb7t h\u00e0ng c\u1ee7a kh\u00e1ch h\u00e0ng, c\u0169ng nh\u01b0 \u0111\u1ea3m b\u1ea3o \u0111\u01b0\u1ee3c l\u01b0\u1ee3ng h\u00e0ng d\u1ef1 tr\u1eef trong kho l\u00e0 m\u1ed9t b\u00e0i to\u00e1n nan gi\u1ea3i. \u0110i\u1ec1u n\u00e0y bu\u1ed9c nh\u00e0 qu\u1ea3n l\u00fd ph\u1ea3i c\u00f3 t\u1ea7m nh\u00ecn s\u00e2u v\u00e0o chu\u1ed7i cung \u1ee9ng \u0111\u1ec3 c\u00f3 th\u1ec3 gi\u1ea3i quy\u1ebft \u0111\u01b0\u1ee3c b\u00e0i to\u00e1n qu\u1ea3n l\u00fd mua h\u00e0ng. H\u1ec7 th\u1ed1ng qu\u1ea3n l\u00fd mua h\u00e0ng DAS ra \u0111\u1eddi v\u00e0 kh\u00f4ng ng\u1eebng c\u1ea3i ti\u1ebfn gi\u00fap doanh nghi\u1ec7p ki\u1ec3m so\u00e1t chi ph\u00ed, qu\u1ea3n l\u00fd nh\u00e0 cung c\u1ea5p m\u1ed9t c\u00e1ch d\u1ec5 d\u00e0ng v\u00e0 hi\u1ec7u qu\u1ea3 \u0111\u00e1p \u1ee9ng \u0111\u01b0\u1ee3c nhu c\u1ea7u s\u1ea3n xu\u1ea5t c\u1ee7a doanh nghi\u1ec7p.<\/p>\n\n\n\n<p>H\u1ec7 th\u1ed1ng kh\u00f4ng ch\u1ec9 l\u01b0u tr\u1eef m\u1ed9t c\u00e1ch chi ti\u1ebft v\u00e0 d\u1ec5 d\u00e0ng c\u1eadp nh\u1eadt nh\u1eefng th\u00f4ng tin li\u00ean quan \u0111\u1ebfn nh\u00e0 cung c\u1ea5p m\u00e0 c\u00f2n c\u00f3 quy tr\u00ecnh \u0111\u00e1nh gi\u00e1 nh\u00e0 cung c\u1ea5p d\u1ef1a tr\u00ean t\u1eebng \u0111\u01a1n h\u00e0ng \u0111\u00e3 th\u1ef1c hi\u1ec7n \u0111\u1ec3 doanh nghi\u1ec7p c\u00f3 th\u1ec3 tham kh\u1ea3o \u0111i\u1ec1u ch\u1ec9nh cho ph\u00f9 h\u1ee3p. B\u00ean c\u1ea1nh \u0111\u00f3, quy tr\u00ecnh \u0111\u00e1nh gi\u00e1 nh\u00e0 cung c\u1ea5p s\u1ebd \u0111\u01b0\u1ee3c th\u1ef1c hi\u1ec7n th\u01b0\u1eddng xuy\u00ean \u0111\u1ec3 gi\u00fap doanh nghi\u1ec7p x\u00e1c \u0111\u1ecbnh \u0111\u01b0\u1ee3c ch\u1ea5t l\u01b0\u1ee3ng c\u1ee7a nh\u00e0 cung c\u1ea5p c\u00f3 \u1ed5n \u0111\u1ecbnh kh\u00f4ng. T\u1eeb \u0111\u00f3 c\u00f3 th\u1ec3 \u0111\u01b0a ra k\u1ebf ho\u1ea1ch mua s\u1eafm chu\u1ea9n x\u00e1c c\u0169ng nh\u01b0 l\u1ef1a ch\u1ecdn \u0111\u01b0\u1ee3c nh\u1eefng nh\u00e0 cung c\u1ea5p ph\u00f9 h\u1ee3p nh\u1ea5t.<\/p>\n\n\n<div class=\"wp-block-image\">\n<figure class=\"aligncenter\"><img decoding=\"async\" src=\"https:\/\/lh4.googleusercontent.com\/2833_CftbMml1JOQD6pMhLvSvTDAhSr92PdurPRliSGEzqNnvortF4EhhQgP2O_cFR9ycgg-gavqz0LCskSzS5KazVCjf9MzJhBIrdfFHMonNf1765r8piUImeUEoVFnnXn5Y3fJQHTiptMJSnPb15-6oVx4qI5lX3aAbBVVa-l5i6VX9J_un00byEe-cnhWQro6srRsCQ\" alt=\"\"\/><\/figure><\/div>\n\n\n<p>H\u1ec7 th\u1ed1ng qu\u1ea3n l\u00fd mua h\u00e0ng DAS c\u00f3 nh\u1eefng ch\u1ee9c n\u0103ng ch\u00ednh sau:<\/p>\n\n\n\n<ol>\n<li><strong>Qu\u1ea3n l\u00fd danh s\u00e1ch nh\u00e0 cung c\u1ea5p:&nbsp;<\/strong><\/li>\n<\/ol>\n\n\n\n<p>H\u1ec7 th\u1ed1ng qu\u1ea3n l\u00fd v\u00e0 l\u01b0u tr\u1eef th\u00f4ng tin c\u1ee7a c\u00e1c nh\u00e0 cung c\u1ea5p sau m\u1ed7i l\u1ea7n mua h\u00e0ng. T\u1eeb \u0111\u00f3, h\u1ec7 th\u1ed1ng s\u1ebd \u0111\u00e1nh qu\u00e1 tr\u00ecnh mua h\u00e0ng c\u0169ng nh\u01b0 ch\u1ea5t l\u01b0\u1ee3ng nh\u00e0 cung c\u1ea5p theo nhi\u1ec1u ti\u00eau ch\u00ed nh\u01b0 th\u1eddi gian giao nh\u1eadn h\u00e0ng, ch\u1ea5t l\u01b0\u1ee3ng h\u00e0ng h\u00f3a v\u00e0 b\u1ea3o tr\u00ec,&#8230; \u0111\u1ec3 gi\u00fap doanh nghi\u1ec7p c\u00f3 c\u00e1i nh\u00ecn t\u1ed5ng quan t\u1eeb \u0111\u00f3 l\u1ef1a ch\u1ecdn \u0111\u01b0\u1ee3c nh\u00e0 cung c\u1ea5p ph\u00f9 h\u1ee3p cho lo\u1ea1i h\u00e0ng h\u00f3a t\u01b0\u01a1ng \u1ee9ng c\u1ee7a doanh nghi\u1ec7p.<\/p>\n\n\n<div class=\"wp-block-image\">\n<figure class=\"aligncenter\"><img decoding=\"async\" src=\"https:\/\/lh4.googleusercontent.com\/vgV7EEqqECgl05oAhX97ySIX0Grr6HoJD2Z143gMFmBsggU_LL5ELIdf0xMamO7FNXYhD7q6Gmh_2NX0nl_JIuWRgJ1mc3gZL8ow0aXA_iITSiLeG4S_gnYfAX3VgLtF6MZZuEMz3o9095qYav5kq0M8aRHBVMSZ9I9zCdUXBzylFLPiHT2Bcw_mH3Abp_gI3P31nhj_xg\" alt=\"\"\/><\/figure><\/div>\n\n\n<ol start=\"2\">\n<li><strong>Qu\u1ea3n l\u00fd vi\u1ec7c mua v\u1eadt t\u01b0 c\u1ee7a Doanh nghi\u1ec7p:&nbsp;<\/strong><\/li>\n<\/ol>\n\n\n\n<p>V\u1edbi ch\u1ee9c n\u0103ng n\u00e0y, h\u1ec7 th\u1ed1ng s\u1ebd thi\u1ebft l\u1eadp v\u00e0 th\u1ef1c hi\u1ec7n quy tr\u00ecnh ph\u00ea duy\u1ec7t \u0111\u1ec1 ngh\u1ecb mua h\u00e0ng. Quy tr\u00ecnh n\u00e0y \u0111\u01b0\u1ee3c t\u00ednh to\u00e1n nh\u1eb1m \u0111\u1ea3m b\u1ea3o t\u00ednh t\u1ed1i \u01b0u t\u1ed3n kho cho v\u1eadt t\u01b0 h\u00e0ng h\u00f3a. B\u00ean c\u1ea1nh \u0111\u00f3, h\u1ec7 th\u1ed1ng c\u0169ng qu\u1ea3n l\u00fd theo d\u00f5i, ki\u1ec3m so\u00e1t ti\u1ebfn \u0111\u1ed9 mua h\u00e0ng, v\u1eadt t\u01b0 gi\u00fap doanh nghi\u1ec7p ch\u1ee7 \u0111\u1ed9ng trong c\u00f4ng t\u00e1c s\u1ea3n xu\u1ea5t c\u1ee7a \u0111\u01a1n v\u1ecb.<\/p>\n\n\n<div class=\"wp-block-image\">\n<figure class=\"aligncenter\"><img decoding=\"async\" src=\"https:\/\/lh3.googleusercontent.com\/pwovPI4mCd2VVEFpm6s9EPDniqhzBV7vI676ln1O6SLkLknVodvGOREQah7kvAprwNCUugdQICeWCAHNeuJtSdp1O0I_vwTSGSb2xJDPb0oqmsMLtMbc5V6BqeomQh7w9enyrNZJ6hvIGfpF3TmIDsAOqNo_LAI-9aSjq3LxY-t8gHkG_xKluti4Blvd88nUx0sGfwCxww\" alt=\"\"\/><figcaption class=\"wp-element-caption\"><em>Phi\u1ebfu y\u00eau c\u1ea7u mua h\u00e0ng \u1ee9ng d\u1ee5ng t\u1ea1i C\u00f4ng ty C\u01a1 kh\u00ed Duy Khanh<\/em><\/figcaption><\/figure><\/div>\n\n<div class=\"wp-block-image\">\n<figure class=\"aligncenter size-full\"><img loading=\"lazy\" decoding=\"async\" width=\"943\" height=\"525\" src=\"https:\/\/duyanhsms.com\/wp-content\/uploads\/2022\/12\/image-5.png\" alt=\"\" class=\"wp-image-795\" srcset=\"https:\/\/duyanhsms.com\/wp-content\/uploads\/2022\/12\/image-5.png 943w, https:\/\/duyanhsms.com\/wp-content\/uploads\/2022\/12\/image-5-300x167.png 300w, https:\/\/duyanhsms.com\/wp-content\/uploads\/2022\/12\/image-5-768x428.png 768w\" sizes=\"(max-width: 943px) 100vw, 943px\" \/><figcaption class=\"wp-element-caption\">T\u1ea1o \u0111\u01a1n \u0111\u1eb7t h\u00e0ng<\/figcaption><\/figure><\/div>\n\n\n<p><\/p>\n\n\n<div class=\"wp-block-image\">\n<figure class=\"aligncenter size-full\"><img loading=\"lazy\" decoding=\"async\" width=\"998\" height=\"720\" src=\"https:\/\/duyanhsms.com\/wp-content\/uploads\/2022\/12\/DonDatHang2.png\" alt=\"\" class=\"wp-image-787\" srcset=\"https:\/\/duyanhsms.com\/wp-content\/uploads\/2022\/12\/DonDatHang2.png 998w, https:\/\/duyanhsms.com\/wp-content\/uploads\/2022\/12\/DonDatHang2-300x216.png 300w, https:\/\/duyanhsms.com\/wp-content\/uploads\/2022\/12\/DonDatHang2-768x554.png 768w\" sizes=\"(max-width: 998px) 100vw, 998px\" \/><figcaption class=\"wp-element-caption\">In \u0111\u01a1n \u0111\u1eb7t h\u00e0ng<\/figcaption><\/figure><\/div>\n\n\n<ol start=\"3\">\n<li><strong>Qu\u1ea3n l\u00fd vi\u1ec7c thu\u00ea ngo\u00e0i c\u1ee7a Doanh nghi\u1ec7p:&nbsp;<\/strong><\/li>\n<\/ol>\n\n\n\n<p>Qu\u1ea3n l\u00fd vi\u1ec7c thu\u00ea ngo\u00e0i c\u1ee7a Doanh nghi\u1ec7p c\u0169ng l\u00e0 m\u1ed9t ch\u1ee9c n\u0103ng m\u00e0 h\u1ec7 th\u1ed1ng DAS mu\u1ed1n mang \u0111\u1ebfn cho kh\u00e1ch h\u00e0ng c\u1ee7a m\u00ecnh. Thu\u00ea ngo\u00e0i d\u1ecbch v\u1ee5 c\u00f2n \u0111\u01b0\u1ee3c bi\u1ebft \u0111\u1ebfn nh\u01b0 m\u1ed9t c\u00f4ng c\u1ee5 gi\u00fap doanh nghi\u1ec7p gi\u1ea3m b\u1edbt chi ph\u00ed tuy nhi\u00ean do thi\u1ebfu s\u1ef1 ki\u1ec3m so\u00e1t n\u00ean c\u00f4ng vi\u1ec7c kh\u00f4ng \u0111\u01b0\u1ee3c th\u1ef1c hi\u1ec7n theo \u0111\u00fang ti\u1ebfn \u0111\u1ed9 c\u0169ng nh\u01b0 ch\u1ea5t l\u01b0\u1ee3ng y\u00eau c\u1ea7u.&nbsp; Ph\u1ea7n m\u1ec1m DAS s\u1ebd gi\u00fap Doanh nghi\u1ec7p qu\u1ea3n l\u00fd theo d\u00f5i ti\u1ebfn \u0111\u1ed9 c\u0169ng nh\u01b0 ch\u1ea5t l\u01b0\u1ee3ng c\u1ee7a c\u00e1c s\u1ea3n ph\u1ea9m thu\u00ea ngo\u00e0i c\u1ee7a m\u00ecnh \u0111\u1ec3 c\u00f3 h\u01b0\u1edbng gi\u1ea3i quy\u1ebft ph\u00f9 h\u1ee3p n\u1ebfu x\u1ea3y ra s\u1ef1 c\u1ed1.<\/p>\n\n\n\n<figure class=\"wp-block-image size-full\"><img loading=\"lazy\" decoding=\"async\" width=\"911\" height=\"426\" src=\"https:\/\/duyanhsms.com\/wp-content\/uploads\/2022\/12\/image-6.png\" alt=\"\" class=\"wp-image-797\" srcset=\"https:\/\/duyanhsms.com\/wp-content\/uploads\/2022\/12\/image-6.png 911w, https:\/\/duyanhsms.com\/wp-content\/uploads\/2022\/12\/image-6-300x140.png 300w, https:\/\/duyanhsms.com\/wp-content\/uploads\/2022\/12\/image-6-768x359.png 768w\" sizes=\"(max-width: 911px) 100vw, 911px\" \/><\/figure>\n","protected":false},"excerpt":{"rendered":"<p>H\u1ec7 th\u1ed1ng Qu\u1ea3n l\u00fd mua h\u00e0ng \u0110\u1ed1i v\u1edbi m\u1ed9t doanh nghi\u1ec7p s\u1ea3n xu\u1ea5t, ki\u1ec3m so\u00e1t ch\u1ea5t l\u01b0\u1ee3ng v\u00e0 qu\u1ea3n l\u00fd ti\u1ebfn \u0111\u1ed9 h\u00e0ng h\u00f3a trong qu\u00e1 tr\u00ecnh mua h\u00e0ng l\u00e0 v\u00f4 c\u00f9ng c\u1ea7n thi\u1ebft. Khi doanh nghi\u1ec7p thi\u1ebft l\u1eadp \u0111\u01b0\u1ee3c m\u1ed9t quy tr\u00ecnh mua h\u00e0ng h\u1ee3p l\u00fd th\u00ec kh\u00f4ng ch\u1ec9 c\u00e2n \u0111\u1ed1i \u0111\u01b0\u1ee3c th\u1eddi gian &#8230; <a title=\"Qu\u1ea3n l\u00fd Mua h\u00e0ng\" class=\"read-more\" href=\"https:\/\/duyanhsms.com\/index.php\/quan-ly-mua-hang\/\" aria-label=\"More on Qu\u1ea3n l\u00fd Mua h\u00e0ng\">\u0110\u1ecdc ti\u1ebfp<\/a><\/p>\n","protected":false},"author":4,"featured_media":0,"parent":0,"menu_order":0,"comment_status":"closed","ping_status":"closed","template":"","meta":{"footnotes":""},"_links":{"self":[{"href":"https:\/\/duyanhsms.com\/index.php\/wp-json\/wp\/v2\/pages\/570"}],"collection":[{"href":"https:\/\/duyanhsms.com\/index.php\/wp-json\/wp\/v2\/pages"}],"about":[{"href":"https:\/\/duyanhsms.com\/index.php\/wp-json\/wp\/v2\/types\/page"}],"author":[{"embeddable":true,"href":"https:\/\/duyanhsms.com\/index.php\/wp-json\/wp\/v2\/users\/4"}],"replies":[{"embeddable":true,"href":"https:\/\/duyanhsms.com\/index.php\/wp-json\/wp\/v2\/comments?post=570"}],"version-history":[{"count":11,"href":"https:\/\/duyanhsms.com\/index.php\/wp-json\/wp\/v2\/pages\/570\/revisions"}],"predecessor-version":[{"id":799,"href":"https:\/\/duyanhsms.com\/index.php\/wp-json\/wp\/v2\/pages\/570\/revisions\/799"}],"wp:attachment":[{"href":"https:\/\/duyanhsms.com\/index.php\/wp-json\/wp\/v2\/media?parent=570"}],"curies":[{"name":"wp","href":"https:\/\/api.w.org\/{rel}","templated":true}]}}