{"id":518,"date":"2022-07-27T08:22:57","date_gmt":"2022-07-27T01:22:57","guid":{"rendered":"https:\/\/duyanhsms.com\/main\/?page_id=518"},"modified":"2022-12-15T09:20:47","modified_gmt":"2022-12-15T02:20:47","slug":"trang-chu","status":"publish","type":"page","link":"https:\/\/duyanhsms.com\/","title":{"rendered":"Trang ch\u1ee7"},"content":{"rendered":"\n<div class=\"wp-block-nextend-smartslider3\"><\/div>\n\n\n\n<h4 class=\"has-accent-color has-text-color has-medium-font-size wp-block-heading\">GI\u1edaI THI\u1ec6U V\u1ec0 DAS<\/h4>\n\n\n\n<h3 class=\"has-medium-font-size wp-block-heading\">&#8220;DAS chuy\u00ean cung c\u1ea5p <strong>gi\u1ea3i ph\u00e1p ph\u1ea7n c\u1ee9ng &amp; ph\u1ea7n m\u1ec1m ERP<\/strong> to\u00e0n di\u1ec7n cho kh\u00e1ch h\u00e0ng c\u00f3 nhu c\u1ea7u <strong>chuy\u1ec3n \u0111\u1ed5i s\u1ed1, m\u1edf r\u1ed9ng quy m\u00f4<\/strong> trong m\u1ecdi ng\u00e0nh s\u1ea3n xu\u1ea5t v\u00e0 kinh doanh.&#8221;<\/h3>\n\n\n\n<h2 class=\"has-text-align-center has-large-font-size wp-block-heading\" style=\"font-style:normal;font-weight:700\">H\u1ec7 th\u1ed1ng ERP<\/h2>\n\n\n\n<h5 class=\"wp-block-heading\" style=\"font-size:15px\">Ph\u1ea7n m\u1ec1m <strong>qu\u1ea3n l\u00fd c\u00e1c ho\u1ea1t \u0111\u1ed9ng<\/strong> c\u1ee7a doanh nghi\u1ec7p<\/h5>\n\n\n\n<h5 class=\"wp-block-heading\" style=\"font-size:15px\">T\u00edch h\u1ee3p t\u1ea5t c\u1ea3 c\u00e1c kh\u00eda c\u1ea1nh c\u1ee7a <strong>s\u1ea3n xu\u1ea5t &#8211; kinh doanh<\/strong> nh\u01b0 l\u1eadp k\u1ebf ho\u1ea1ch, s\u1ea3n xu\u1ea5t, mua h\u00e0ng, b\u00e1n h\u00e0ng, &#8230;<\/h5>\n\n\n\n<div class=\"wp-block-media-text alignwide is-stacked-on-mobile\"><figure class=\"wp-block-media-text__media\"><img loading=\"lazy\" decoding=\"async\" width=\"1024\" height=\"768\" src=\"https:\/\/duyanhsms.com\/main\/wp-content\/uploads\/2022\/07\/5.12_ERP-01-1024x768.png\" alt=\"\" class=\"wp-image-467 size-full\" srcset=\"https:\/\/duyanhsms.com\/wp-content\/uploads\/2022\/07\/5.12_ERP-01-1024x768.png 1024w, https:\/\/duyanhsms.com\/wp-content\/uploads\/2022\/07\/5.12_ERP-01-300x225.png 300w, https:\/\/duyanhsms.com\/wp-content\/uploads\/2022\/07\/5.12_ERP-01-768x576.png 768w, https:\/\/duyanhsms.com\/wp-content\/uploads\/2022\/07\/5.12_ERP-01-1536x1152.png 1536w, https:\/\/duyanhsms.com\/wp-content\/uploads\/2022\/07\/5.12_ERP-01-2048x1536.png 2048w\" sizes=\"(max-width: 1024px) 100vw, 1024px\" \/><\/figure><div class=\"wp-block-media-text__content\">\n<p class=\"has-text-align-justify\">H\u1ec7 th\u1ed1ng ho\u1ea1ch \u0111\u1ecbnh t\u00e0i nguy\u00ean doanh nghi\u1ec7p <strong>ERP &#8211; Enterprise Resource Planning<\/strong>.<\/p>\n\n\n\n<p>ERP h\u1ed7 tr\u1ee3 c\u00e1c <strong>quy tr\u00ecnh trong doanh nghi\u1ec7p<\/strong> v\u1edbi m\u1ee5c ti\u00eau <strong>t\u1eadp trung &#8211; t\u1ed1i \u01b0u th\u00f4ng tin, k\u1ebft n\u1ed1i chia s\u1ebb d\u1eef li\u1ec7u<\/strong> gi\u1eefa c\u00e1c b\u1ed9 ph\u1eadn c\u1ee7a doanh nghi\u1ec7p, gi\u1eefa c\u00e1c ho\u1ea1t \u0111\u1ed9ng <strong>s\u1ea3n xu\u1ea5t &#8211; kinh doanh, v\u00e0 c\u1ea3 v\u1edbi c\u00e1c nh\u00e0 cung c\u1ea5p v\u00e0 kh\u00e1ch h\u00e0ng<\/strong>. ERP cung c\u1ea5p m\u1ed9t <strong>c\u00e1i nh\u00ecn t\u1ed5ng quan <\/strong>v\u1ec1 t\u1ea5t c\u1ea3 ho\u1ea1t \u0111\u1ed9ng v\u1edbi kh\u1ea3 n\u0103ng hi\u1ec3n th\u1ecb \u0111\u1ea7y \u0111\u1ee7 c\u00e1c th\u00f4ng tin v\u00e0 d\u1eef li\u1ec7u c\u1ee7a t\u1ed5 ch\u1ee9c.<\/p>\n<\/div><\/div>\n\n\n\n<p class=\"has-medium-font-size\"><strong>\u01afu \u0111i\u1ec3m c\u1ee7a DAS<\/strong><\/p>\n\n\n\n<div class=\"wp-block-columns is-layout-flex wp-container-core-columns-is-layout-1 wp-block-columns-is-layout-flex\">\n<div class=\"wp-block-column is-layout-flow wp-block-column-is-layout-flow\">\n<figure class=\"wp-block-image size-large\"><img loading=\"lazy\" decoding=\"async\" width=\"1024\" height=\"396\" src=\"https:\/\/duyanhsms.com\/main\/wp-content\/uploads\/2022\/07\/image-1024x396.png\" alt=\"\" class=\"wp-image-524\" srcset=\"https:\/\/duyanhsms.com\/wp-content\/uploads\/2022\/07\/image-1024x396.png 1024w, https:\/\/duyanhsms.com\/wp-content\/uploads\/2022\/07\/image-300x116.png 300w, https:\/\/duyanhsms.com\/wp-content\/uploads\/2022\/07\/image-768x297.png 768w, https:\/\/duyanhsms.com\/wp-content\/uploads\/2022\/07\/image-1536x594.png 1536w, https:\/\/duyanhsms.com\/wp-content\/uploads\/2022\/07\/image-2048x792.png 2048w\" sizes=\"(max-width: 1024px) 100vw, 1024px\" \/><\/figure>\n<\/div>\n\n\n\n<div class=\"wp-block-column is-layout-flow wp-block-column-is-layout-flow\">\n<figure class=\"wp-block-image size-large\"><img loading=\"lazy\" decoding=\"async\" width=\"1024\" height=\"328\" src=\"https:\/\/duyanhsms.com\/main\/wp-content\/uploads\/2022\/07\/image-1-1024x328.png\" alt=\"\" class=\"wp-image-525\" srcset=\"https:\/\/duyanhsms.com\/wp-content\/uploads\/2022\/07\/image-1-1024x328.png 1024w, https:\/\/duyanhsms.com\/wp-content\/uploads\/2022\/07\/image-1-300x96.png 300w, https:\/\/duyanhsms.com\/wp-content\/uploads\/2022\/07\/image-1-768x246.png 768w, https:\/\/duyanhsms.com\/wp-content\/uploads\/2022\/07\/image-1-1536x493.png 1536w, https:\/\/duyanhsms.com\/wp-content\/uploads\/2022\/07\/image-1-2048x657.png 2048w\" sizes=\"(max-width: 1024px) 100vw, 1024px\" \/><\/figure>\n<\/div>\n\n\n\n<div class=\"wp-block-column is-layout-flow wp-block-column-is-layout-flow\">\n<figure class=\"wp-block-image size-large\"><img loading=\"lazy\" decoding=\"async\" width=\"1024\" height=\"262\" src=\"https:\/\/duyanhsms.com\/main\/wp-content\/uploads\/2022\/07\/image-2-1024x262.png\" alt=\"\" class=\"wp-image-526\" srcset=\"https:\/\/duyanhsms.com\/wp-content\/uploads\/2022\/07\/image-2-1024x262.png 1024w, https:\/\/duyanhsms.com\/wp-content\/uploads\/2022\/07\/image-2-300x77.png 300w, https:\/\/duyanhsms.com\/wp-content\/uploads\/2022\/07\/image-2-768x197.png 768w, https:\/\/duyanhsms.com\/wp-content\/uploads\/2022\/07\/image-2-1536x394.png 1536w, https:\/\/duyanhsms.com\/wp-content\/uploads\/2022\/07\/image-2-2048x525.png 2048w\" sizes=\"(max-width: 1024px) 100vw, 1024px\" \/><\/figure>\n<\/div>\n<\/div>\n\n\n\n<div class=\"wp-block-columns is-layout-flex wp-container-core-columns-is-layout-2 wp-block-columns-is-layout-flex\">\n<div class=\"wp-block-column is-layout-flow wp-block-column-is-layout-flow\">\n<figure class=\"wp-block-image size-large\"><img loading=\"lazy\" decoding=\"async\" width=\"1024\" height=\"302\" src=\"https:\/\/duyanhsms.com\/main\/wp-content\/uploads\/2022\/07\/image-6-1024x302.png\" alt=\"\" class=\"wp-image-532\" srcset=\"https:\/\/duyanhsms.com\/wp-content\/uploads\/2022\/07\/image-6-1024x302.png 1024w, https:\/\/duyanhsms.com\/wp-content\/uploads\/2022\/07\/image-6-300x89.png 300w, https:\/\/duyanhsms.com\/wp-content\/uploads\/2022\/07\/image-6-768x227.png 768w, https:\/\/duyanhsms.com\/wp-content\/uploads\/2022\/07\/image-6-1536x454.png 1536w, https:\/\/duyanhsms.com\/wp-content\/uploads\/2022\/07\/image-6-2048x605.png 2048w\" sizes=\"(max-width: 1024px) 100vw, 1024px\" \/><\/figure>\n<\/div>\n\n\n\n<div class=\"wp-block-column is-layout-flow wp-block-column-is-layout-flow\">\n<figure class=\"wp-block-image size-large\"><img loading=\"lazy\" decoding=\"async\" width=\"1024\" height=\"319\" src=\"https:\/\/duyanhsms.com\/main\/wp-content\/uploads\/2022\/07\/image-5-1024x319.png\" alt=\"\" class=\"wp-image-531\" srcset=\"https:\/\/duyanhsms.com\/wp-content\/uploads\/2022\/07\/image-5-1024x319.png 1024w, https:\/\/duyanhsms.com\/wp-content\/uploads\/2022\/07\/image-5-300x93.png 300w, https:\/\/duyanhsms.com\/wp-content\/uploads\/2022\/07\/image-5-768x239.png 768w, https:\/\/duyanhsms.com\/wp-content\/uploads\/2022\/07\/image-5-1536x479.png 1536w, https:\/\/duyanhsms.com\/wp-content\/uploads\/2022\/07\/image-5-2048x638.png 2048w\" sizes=\"(max-width: 1024px) 100vw, 1024px\" \/><\/figure>\n<\/div>\n\n\n\n<div class=\"wp-block-column is-layout-flow wp-block-column-is-layout-flow\"><\/div>\n<\/div>\n\n\n\n<p class=\"has-text-align-center has-accent-color has-text-color\" style=\"font-size:28px\"><strong>C\u00c1C G\u00d3I GI\u1ea2I PH\u00c1P<\/strong><\/p>\n\n\n\n<div class=\"wp-block-columns is-layout-flex wp-container-core-columns-is-layout-3 wp-block-columns-is-layout-flex\">\n<div class=\"wp-block-column has-text-color has-background has-link-color wp-elements-0be9b5f819582e0ee48dc704aa06de0c is-layout-flow wp-block-column-is-layout-flow\" style=\"color:#000000;background-color:#ffe97d;padding-top:2em;padding-right:2em;padding-bottom:2em;padding-left:2em\">\n<h2 class=\"has-medium-font-size wp-block-heading\" id=\"single\" style=\"font-style:normal;font-weight:700\"><a href=\"https:\/\/duyanhsms.com\/index.php\/quan-ly-san-xuat\/\" data-type=\"URL\" data-id=\"https:\/\/duyanhsms.com\/index.php\/quan-ly-san-xuat\/\">Qu\u1ea3n l\u00fd s\u1ea3n xu\u1ea5t<\/a><\/h2>\n\n\n\n<hr class=\"wp-block-separator has-text-color has-css-opacity has-background is-style-wide\" style=\"background-color:#000000;color:#000000\"\/>\n\n\n\n<ul>\n<li>L\u1ec7nh s\u1ea3n xu\u1ea5t<\/li>\n\n\n\n<li>Thi\u1ebft k\u1ebf<\/li>\n\n\n\n<li>Chi ti\u1ebft s\u1ea3n xu\u1ea5t<\/li>\n\n\n\n<li>V\u1eadt t\u01b0 s\u1ea3n xu\u1ea5t<\/li>\n\n\n\n<li>Gia c\u00f4ng<\/li>\n\n\n\n<li>Th\u00e0nh ph\u1ea9m<\/li>\n<\/ul>\n\n\n\n<div class=\"wp-block-buttons is-layout-flex wp-block-buttons-is-layout-flex\"><\/div>\n<\/div>\n\n\n\n<div class=\"wp-block-column has-text-color has-background has-link-color wp-elements-911feb36928ea78c0af426683e7d3901 is-layout-flow wp-block-column-is-layout-flow\" style=\"color:#000000;background-color:#d1d1e1;padding-top:2em;padding-right:2em;padding-bottom:2em;padding-left:2em\">\n<h2 class=\"has-medium-font-size wp-block-heading\" id=\"family\"><strong><a href=\"https:\/\/duyanhsms.com\/index.php\/quan-ly-thiet-bi\/\">Qu\u1ea3n l\u00fd thi\u1ebft b<\/a>\u1ecb<\/strong><\/h2>\n\n\n\n<hr class=\"wp-block-separator has-css-opacity is-style-wide\"\/>\n\n\n\n<ul>\n<li>Th\u00f4ng tin l\u00fd l\u1ecbch m\u00e1y<\/li>\n\n\n\n<li>B\u1ea3o tr\u00ec v\u00e0 s\u1eeda ch\u1eefa<\/li>\n\n\n\n<li>Gi\u00e1m s\u00e1t ho\u1ea1t \u0111\u1ed9ng<\/li>\n\n\n\n<li>Chi ph\u00ed v\u1eadn h\u00e0nh<\/li>\n\n\n\n<li>N\u0103ng l\u01b0\u1ee3ng ti\u00eau th\u1ee5<\/li>\n<\/ul>\n<\/div>\n\n\n\n<div class=\"wp-block-column has-text-color has-background has-link-color wp-elements-50581d14922f2e648c882055e969ae27 is-layout-flow wp-block-column-is-layout-flow\" style=\"color:#000000;background-color:#c0ebf1;padding-top:2em;padding-right:2em;padding-bottom:2em;padding-left:2em\">\n<h2 class=\"has-medium-font-size wp-block-heading\" id=\"patron\"><strong><a href=\"https:\/\/duyanhsms.com\/index.php\/quan-ly-kho\/\">Qu\u1ea3n l\u00fd kho<\/a><\/strong><\/h2>\n\n\n\n<hr class=\"wp-block-separator has-css-opacity is-style-wide\"\/>\n\n\n\n<ul>\n<li>Danh m\u1ee5c V\u1eadt t\u01b0<\/li>\n\n\n\n<li>T\u1ed3n kho<\/li>\n\n\n\n<li>Xu\u1ea5t nh\u1eadp<\/li>\n\n\n\n<li>M\u01b0\u1ee3n tr\u1ea3 d\u1ee5ng c\u1ee5<\/li>\n<\/ul>\n<\/div>\n<\/div>\n\n\n\n<div class=\"wp-block-columns is-layout-flex wp-container-core-columns-is-layout-4 wp-block-columns-is-layout-flex\">\n<div class=\"wp-block-column is-layout-flow wp-block-column-is-layout-flow\">\n<p><strong>V\u1ec1 ch\u00fang t\u00f4i <\/strong><\/p>\n\n\n\n<p>\u0110\u01b0\u1ee3c tin t\u01b0\u1edfng b\u1edfi kh\u00e1ch h\u00e0ng, c\u00f4ng ty gi\u1ea3i ph\u00e1p ph\u1ea7n m\u1ec1m h\u1ec7 th\u1ed1ng Duy Anh s\u1ebd mang \u0111\u1ebfn cho doanh nghi\u1ec7p c\u1ee7a b\u1ea1n nh\u1eefng s\u1ea3n ph\u1ea9m v\u00e0 gi\u1ea3i ph\u00e1p chuy\u1ec3n \u0111\u1ed5i s\u1ed1 t\u1ed1t nh\u1ea5t<\/p>\n<\/div>\n\n\n\n<div class=\"wp-block-column is-layout-flow wp-block-column-is-layout-flow\">\n<p><strong>Li\u00ean h\u1ec7 <\/strong><\/p>\n\n\n\n<p>Hotline: 0906897264<\/p>\n\n\n\n<p><em>duyanhsms@gmail.com<\/em><\/p>\n\n\n\n<p>23 Qu\u00e1ch V\u0169, Ph\u01b0\u1eddng Hi\u1ec7p T\u00e2n, Qu\u1eadn T\u00e2n Ph\u00fa<\/p>\n<\/div>\n\n\n\n<div class=\"wp-block-column is-layout-flow wp-block-column-is-layout-flow\">\n<p><strong>Cty Gi\u1ea3i ph\u00e1p qu\u1ea3n tr\u1ecb h\u1ec7 th\u1ed1ng Duy Anh<\/strong><\/p>\n\n\n\n<p>Duy Anh System Management Solution Co., Ltd<\/p>\n<\/div>\n<\/div>\n","protected":false},"excerpt":{"rendered":"<p>GI\u1edaI THI\u1ec6U V\u1ec0 DAS &#8220;DAS chuy\u00ean cung c\u1ea5p gi\u1ea3i ph\u00e1p ph\u1ea7n c\u1ee9ng &amp; ph\u1ea7n m\u1ec1m ERP to\u00e0n di\u1ec7n cho kh\u00e1ch h\u00e0ng c\u00f3 nhu c\u1ea7u chuy\u1ec3n \u0111\u1ed5i s\u1ed1, m\u1edf r\u1ed9ng quy m\u00f4 trong m\u1ecdi ng\u00e0nh s\u1ea3n xu\u1ea5t v\u00e0 kinh doanh.&#8221; H\u1ec7 th\u1ed1ng ERP Ph\u1ea7n m\u1ec1m qu\u1ea3n l\u00fd c\u00e1c ho\u1ea1t \u0111\u1ed9ng c\u1ee7a doanh nghi\u1ec7p T\u00edch h\u1ee3p t\u1ea5t &#8230; <a title=\"Trang ch\u1ee7\" class=\"read-more\" href=\"https:\/\/duyanhsms.com\/\" aria-label=\"More on Trang ch\u1ee7\">\u0110\u1ecdc ti\u1ebfp<\/a><\/p>\n","protected":false},"author":1,"featured_media":0,"parent":0,"menu_order":0,"comment_status":"closed","ping_status":"closed","template":"","meta":{"footnotes":""},"_links":{"self":[{"href":"https:\/\/duyanhsms.com\/index.php\/wp-json\/wp\/v2\/pages\/518"}],"collection":[{"href":"https:\/\/duyanhsms.com\/index.php\/wp-json\/wp\/v2\/pages"}],"about":[{"href":"https:\/\/duyanhsms.com\/index.php\/wp-json\/wp\/v2\/types\/page"}],"author":[{"embeddable":true,"href":"https:\/\/duyanhsms.com\/index.php\/wp-json\/wp\/v2\/users\/1"}],"replies":[{"embeddable":true,"href":"https:\/\/duyanhsms.com\/index.php\/wp-json\/wp\/v2\/comments?post=518"}],"version-history":[{"count":42,"href":"https:\/\/duyanhsms.com\/index.php\/wp-json\/wp\/v2\/pages\/518\/revisions"}],"predecessor-version":[{"id":843,"href":"https:\/\/duyanhsms.com\/index.php\/wp-json\/wp\/v2\/pages\/518\/revisions\/843"}],"wp:attachment":[{"href":"https:\/\/duyanhsms.com\/index.php\/wp-json\/wp\/v2\/media?parent=518"}],"curies":[{"name":"wp","href":"https:\/\/api.w.org\/{rel}","templated":true}]}}