{"id":143,"date":"2021-08-09T11:46:07","date_gmt":"2021-08-09T04:46:07","guid":{"rendered":"https:\/\/duyanhsms.wordpress.com\/?page_id=143"},"modified":"2022-12-14T11:02:49","modified_gmt":"2022-12-14T04:02:49","slug":"tuyen-dung","status":"publish","type":"page","link":"https:\/\/duyanhsms.com\/index.php\/tuyen-dung\/","title":{"rendered":"Tuy\u1ec3n d\u1ee5ng"},"content":{"rendered":"\n<p><strong>TUY\u1ec2N D\u1ee4NG: 2 k\u1ef9 s\u01b0 ph\u1ea7n m\u1ec1m, 2 sinh vi\u00ean th\u1ef1c t\u1eadp.<\/strong><\/p>\n\n\n\n<p><strong>1. M\u00f4 t\u1ea3 c\u00f4ng vi\u1ec7c<\/strong><br>Tham gia ph\u00e1t tri\u1ec3n ph\u1ea7n m\u1ec1m qu\u1ea3n l\u00fd doanh nghi\u1ec7p ERP, bao<br>g\u1ed3m:<\/p>\n\n\n\n<ul>\n<li>Qu\u1ea3n l\u00fd mua h\u00e0ng \/ b\u00e1n h\u00e0ng<\/li>\n\n\n\n<li>Qu\u1ea3n l\u00fd s\u1ea3n xu\u1ea5t<\/li>\n\n\n\n<li>Qu\u1ea3n l\u00fd m\u00e1y m\u00f3c thi\u1ebft b\u1ecb<\/li>\n\n\n\n<li>Qu\u1ea3n l\u00fd kho<\/li>\n\n\n\n<li>Qu\u1ea3n l\u00fd k\u1ebf to\u00e1n, t\u00e0i ch\u00ednh<\/li>\n\n\n\n<li>Qu\u1ea3n l\u00fd c\u00f4ng vi\u1ec7c, ghi vi\u1ec7c<\/li>\n\n\n\n<li>Qu\u1ea3n l\u00fd d\u1ef1 \u00e1n<\/li>\n<\/ul>\n\n\n\n<p><strong>2. Y\u00eau c\u1ea7u<\/strong><\/p>\n\n\n\n<ul>\n<li>&nbsp;Sinh vi\u00ean\/k\u1ef9 s\u01b0 ng\u00e0nh c\u00f4ng ngh\u1ec7 ph\u1ea7n m\u1ec1m ho\u1eb7c h\u1ec7 th\u1ed1ng th\u00f4ng tin<\/li>\n\n\n\n<li>&nbsp;C\u00f3 ki\u1ebfn th\u1ee9c v\u1ec1 c\u01a1 s\u1edf d\u1eef li\u1ec7u v\u00e0 ng\u00f4n ng\u1eef C#<\/li>\n\n\n\n<li>\u00a0\u01afu ti\u00ean \u1ee9ng vi\u00ean bi\u1ebft h\u1ec7 th\u1ed1ng ERP v\u00e0 c\u00e1c c\u00f4ng ngh\u1ec7 React Native, Flutter, DevExpress<\/li>\n\n\n\n<li>&nbsp;\u0110\u1ecdc hi\u1ec3u ti\u1ebfng Anh chuy\u00ean ng\u00e0nh t\u1ed1t<\/li>\n<\/ul>\n\n\n\n<p><strong>3. Quy\u1ec1n l\u1ee3i:<\/strong><\/p>\n\n\n\n<ul>\n<li>&nbsp;\u0110\u01b0\u1ee3c \u0111\u00e0o t\u1ea1o v\u1ec1 x\u00e2y d\u1ef1ng h\u1ec7 th\u1ed1ng ERP<\/li>\n\n\n\n<li>&nbsp;L\u01b0\u01a1ng h\u1ea5p d\u1eabn theo n\u0103ng l\u1ef1c v\u00e0 ph\u1ee5 c\u1ea5p (c\u01a1m tr\u01b0a, x\u0103ng, \u2026)<\/li>\n<\/ul>\n\n\n\n<p><strong>Ghi ch\u00fa:<\/strong>&nbsp;\u01afu ti\u00ean sinh vi\u00ean t\u1ed1t nghi\u1ec7p t\u1eeb tr\u01b0\u1eddng \u0110H B\u00e1ch Khoa, tr\u01b0\u1eddng \u0110H KH T\u1ef1 Nhi\u00ean, \u0110H CNTT. C\u00f4ng ty c\u00f3 h\u1ee3p t\u00e1c nghi\u00ean c\u1ee9u v\u1edbi Khoa \u0110i\u1ec7n-\u0110i\u1ec7n t\u1eed \u0110\u1ea1i h\u1ecdc B\u00e1ch Khoa nghi\u00ean c\u1ee9u x\u00e2y d\u1ef1ng h\u1ec7 th\u1ed1ng IoT (Internet of Things) \u0111\u1ec3 \u1ee9ng d\u1ee5ng cho h\u1ec7 th\u1ed1ng qu\u1ea3n tr\u1ecb doanh nghi\u1ec7p. Sinh vi\u00ean s\u1ebd \u0111\u01b0\u1ee3c l\u00e0m vi\u1ec7c chung v\u1edbi nh\u00f3m nghi\u00ean c\u1ee9u c\u1ee7a c\u00e1c th\u1ea7y trong tr\u01b0\u1eddng B\u00e1ch Khoa.<\/p>\n\n\n\n<p>Li\u00ean h\u1ec7 th\u1ea7y Tr\u01b0\u01a1ng Quang Vinh (<a href=\"mailto:tqvinh@hcmut.edu.vn\">tqvinh@hcmut.edu.vn<\/a>)<\/p>\n","protected":false},"excerpt":{"rendered":"<p>TUY\u1ec2N D\u1ee4NG: 2 k\u1ef9 s\u01b0 ph\u1ea7n m\u1ec1m, 2 sinh vi\u00ean th\u1ef1c t\u1eadp. 1. M\u00f4 t\u1ea3 c\u00f4ng vi\u1ec7cTham gia ph\u00e1t tri\u1ec3n ph\u1ea7n m\u1ec1m qu\u1ea3n l\u00fd doanh nghi\u1ec7p ERP, baog\u1ed3m: 2. Y\u00eau c\u1ea7u 3. Quy\u1ec1n l\u1ee3i: Ghi ch\u00fa:&nbsp;\u01afu ti\u00ean sinh vi\u00ean t\u1ed1t nghi\u1ec7p t\u1eeb tr\u01b0\u1eddng \u0110H B\u00e1ch Khoa, tr\u01b0\u1eddng \u0110H KH T\u1ef1 Nhi\u00ean, \u0110H CNTT. C\u00f4ng ty &#8230; <a title=\"Tuy\u1ec3n d\u1ee5ng\" class=\"read-more\" href=\"https:\/\/duyanhsms.com\/index.php\/tuyen-dung\/\" aria-label=\"More on Tuy\u1ec3n d\u1ee5ng\">\u0110\u1ecdc ti\u1ebfp<\/a><\/p>\n","protected":false},"author":3,"featured_media":0,"parent":0,"menu_order":0,"comment_status":"closed","ping_status":"closed","template":"","meta":{"footnotes":""},"_links":{"self":[{"href":"https:\/\/duyanhsms.com\/index.php\/wp-json\/wp\/v2\/pages\/143"}],"collection":[{"href":"https:\/\/duyanhsms.com\/index.php\/wp-json\/wp\/v2\/pages"}],"about":[{"href":"https:\/\/duyanhsms.com\/index.php\/wp-json\/wp\/v2\/types\/page"}],"author":[{"embeddable":true,"href":"https:\/\/duyanhsms.com\/index.php\/wp-json\/wp\/v2\/users\/3"}],"replies":[{"embeddable":true,"href":"https:\/\/duyanhsms.com\/index.php\/wp-json\/wp\/v2\/comments?post=143"}],"version-history":[{"count":1,"href":"https:\/\/duyanhsms.com\/index.php\/wp-json\/wp\/v2\/pages\/143\/revisions"}],"predecessor-version":[{"id":619,"href":"https:\/\/duyanhsms.com\/index.php\/wp-json\/wp\/v2\/pages\/143\/revisions\/619"}],"wp:attachment":[{"href":"https:\/\/duyanhsms.com\/index.php\/wp-json\/wp\/v2\/media?parent=143"}],"curies":[{"name":"wp","href":"https:\/\/api.w.org\/{rel}","templated":true}]}}