{"id":12,"date":"2021-07-24T01:01:51","date_gmt":"2021-07-23T18:01:51","guid":{"rendered":"https:\/\/duyanhsms.wordpress.com\/?p=7"},"modified":"2022-12-14T17:05:52","modified_gmt":"2022-12-14T10:05:52","slug":"gioithieu","status":"publish","type":"page","link":"https:\/\/duyanhsms.com\/index.php\/gioithieu\/","title":{"rendered":"Gi\u1edbi thi\u1ec7u"},"content":{"rendered":"\n<p>C\u00f4ng ty TNHH Gi\u1ea3i Ph\u00e1p Qu\u1ea3n L\u00fd H\u1ec7 Th\u1ed1ng Duy Anh cung c\u1ea5p c\u00e1c gi\u1ea3i ph\u00e1p \u0111\u1ec3 qu\u1ea3n tr\u1ecb doanh nghi\u1ec7p, x\u00ed nghi\u1ec7p s\u1ea3n xu\u1ea5t m\u1ed9t c\u00e1ch hi\u1ec7u qu\u1ea3 v\u1edbi m\u00f4 h\u00ecnh ERP (Enterprise Resource Planning). B\u1eaft \u0111\u1ea7u v\u00e0 n\u0103m 2017, ch\u00fang t\u00f4i x\u00e2y d\u1ef1ng h\u1ec7 th\u1ed1ng qu\u1ea3n tr\u1ecb ERP d\u1ef1a tr\u00ean n\u1ec1n t\u1ea3ng IoT (Internet of Things &#8211; K\u1ebft n\u1ed1i internet v\u1ea1n v\u1eadt) \u0111\u1ec3 gi\u00fap c\u00e1c doanh nghi\u1ec7p v\u1eeba v\u00e0 nh\u1ecf qu\u1ea3n l\u00fd ho\u1ea1t \u0111\u1ed9ng m\u1ed9t c\u00e1ch hi\u1ec7u qu\u1ea3.<\/p>\n\n\n\n<figure class=\"wp-block-image size-full\"><img decoding=\"async\" src=\"https:\/\/duyanhsms.files.wordpress.com\/2021\/07\/erp.png\" alt=\"\" class=\"wp-image-30\" \/><\/figure>\n\n\n\n<p><strong>Cung c\u1ea5p gi\u1ea3i ph\u00e1p cho doanh nghi\u1ec7p v\u1eeba v\u00e0 nh\u1ecf<\/strong><\/p>\n\n\n\n<p>\u0110\u1ed1i v\u1edbi doanh nghi\u1ec7p v\u1eeba v\u00e0 nh\u1ecf, vi\u1ec7c qu\u1ea3n l\u00fd t\u1ed5 ch\u1ee9c v\u00e0 ph\u00e2n b\u1ed5 ngu\u1ed3n l\u1ef1c lu\u00f4n g\u1eb7p v\u1ea5n \u0111\u1ec1 do b\u1ecb gi\u1edbi h\u1ea1n v\u1ec1 ngu\u1ed3n l\u1ef1c \u0111\u1ea7u t\u01b0. V\u00ec v\u1eady, vi\u1ec7c gi\u1ea3m thi\u1ec3u chi ph\u00ed s\u1ea3n xu\u1ea5t, l\u1eadp k\u1ebf ho\u1ea1ch kinh doanh t\u1ed1i \u01b0u r\u1ea5t quan tr\u1ecdng \u0111\u1ec3 \u0111\u1ea3m b\u1ea3o doanh nghi\u1ec7p t\u1ed3n t\u1ea1i. \u0110\u1ec3 t\u1ea1o ra m\u1ed9t h\u1ec7 th\u1ed1ng qu\u1ea3n l\u00fd kinh doanh s\u1ea3n xu\u1ea5t hi\u1ec7u qu\u1ea3, nh\u00e0 qu\u1ea3n l\u00fd c\u1ea7n ph\u1ea3i ra quy\u1ebft \u0111\u1ecbnh nhanh ch\u00f3ng, v\u00e0 ch\u00ednh x\u00e1c, \u0111\u00e1p \u1ee9ng linh ho\u1ea1t v\u1edbi nhu c\u1ea7u c\u1ee7a kh\u00e1ch h\u00e0ng v\u00e0 th\u1ecb tr\u01b0\u1eddng. T\u1eeb \u0111\u00f3, ch\u00fang t\u00f4i t\u1ea1o ra c\u00f4ng c\u1ee5 qu\u1ea3n tr\u1ecb h\u1ec7 th\u1ed1ng m\u1ed9t c\u00e1ch hi\u1ec7u qu\u1ea3 gi\u00fap cho c\u00e1c doanh nghi\u1ec7p v\u1eeba v\u00e0 nh\u1ecf \u0111\u1ea1t t\u1ed1i \u0111a h\u00f3a l\u1ee3i nhu\u1eadn v\u1edbi chi ph\u00ed t\u1ed1i thi\u1ec3u.<\/p>\n\n\n\n<p><strong>\u00c1p d\u1ee5ng c\u00f4ng ngh\u1ec7 4.0 cho c\u00e1c doanh nghi\u1ec7p Vi\u1ec7t Nam<\/strong><\/p>\n\n\n\n<p>C\u00f4ng nghi\u1ec7p 4.0 l\u00e0 xu h\u01b0\u1edbng hi\u1ec7n th\u1eddi trong vi\u1ec7c t\u1ef1 \u0111\u1ed9ng h\u00f3a v\u00e0 trao \u0111\u1ed5i d\u1eef li\u1ec7u trong c\u00f4ng ngh\u1ec7 s\u1ea3n xu\u1ea5t. C\u00f4ng nghi\u1ec7p 4.0 t\u1ea1o ra nh\u1eefng &#8220;nh\u00e0 m\u00e1y th\u00f4ng minh&#8221; v\u1edbi h\u1ec7 th\u1ed1ng qu\u1ea3n tr\u1ecb t\u1eadp trung g\u1ed3m nhi\u1ec1u module k\u1ebft n\u1ed1i v\u1edbi nhau trong kh\u00f4ng gian internet. M\u1ecdi th\u00f4ng tin c\u1ee7a doanh nghi\u1ec7p \u0111\u1ec1u \u0111\u01b0\u1ee3c c\u1eadp nh\u1eadt k\u1ecbp th\u1eddi v\u00e0 ch\u00ednh x\u00e1c. H\u1ec7 th\u1ed1ng qu\u1ea3n tr\u1ecb do Duy Anh SMS x\u00e2y d\u1ef1ng d\u1ef1a tr\u00ean n\u1ec1n t\u1ea3ng IoT k\u1ebft n\u1ed1i t\u1ea5t c\u1ea3 thi\u1ebft b\u1ecb \u0111\u1ec3 thu th\u1eadp d\u1eef li\u1ec7u qu\u1ea3n l\u00fd c\u1ee7a doanh nghi\u1ec7p, gi\u00fap nh\u00e0 \u0111i\u1ec1u h\u00e0nh d\u1ec5 d\u00e0ng qu\u1ea3n l\u00fd m\u1ecdi l\u00fac m\u1ecdi n\u01a1i.<\/p>\n\n\n\n<p><strong><a href=\"https:\/\/duyanhsms.wordpress.com\/2021\/08\/06\/he-thong-quan-tri-erp\/\">H\u1ec7 th\u1ed1ng qu\u1ea3n tr\u1ecb ERP<\/a><\/strong><\/p>\n\n\n\n<p><strong><a href=\"https:\/\/duyanhsms.wordpress.com\/2021\/08\/06\/he-thong-giam-sat-nang-luong\/\">H\u1ec7 th\u1ed1ng gi\u00e1m s\u00e1t n\u0103ng l\u01b0\u1ee3ng<\/a><\/strong><\/p>\n\n\n\n<p><a href=\"https:\/\/duyanhsms.wordpress.com\/2021\/08\/06\/he-thong-quan-ly-kho\/\"><strong>H\u1ec7 th\u1ed1ng qu\u1ea3n l\u00fd&nbsp;kho<\/strong><\/a><\/p>\n\n\n\n<p><strong><a href=\"https:\/\/duyanhsms.wordpress.com\/2021\/08\/06\/he-thong-quan-ly-san-xuat\/\">H\u1ec7 th\u1ed1ng qu\u1ea3n l\u00fd s\u1ea3n&nbsp;xu\u1ea5t<\/a><\/strong><\/p>\n","protected":false},"excerpt":{"rendered":"<p>C\u00f4ng ty TNHH Gi\u1ea3i Ph\u00e1p Qu\u1ea3n L\u00fd H\u1ec7 Th\u1ed1ng Duy Anh cung c\u1ea5p c\u00e1c gi\u1ea3i ph\u00e1p \u0111\u1ec3 qu\u1ea3n tr\u1ecb doanh nghi\u1ec7p, x\u00ed nghi\u1ec7p s\u1ea3n xu\u1ea5t m\u1ed9t c\u00e1ch hi\u1ec7u qu\u1ea3 v\u1edbi m\u00f4 h\u00ecnh ERP (Enterprise Resource Planning). B\u1eaft \u0111\u1ea7u v\u00e0 n\u0103m 2017, ch\u00fang t\u00f4i x\u00e2y d\u1ef1ng h\u1ec7 th\u1ed1ng qu\u1ea3n tr\u1ecb ERP d\u1ef1a tr\u00ean n\u1ec1n t\u1ea3ng IoT &#8230; <a title=\"Gi\u1edbi thi\u1ec7u\" class=\"read-more\" href=\"https:\/\/duyanhsms.com\/index.php\/gioithieu\/\" aria-label=\"More on Gi\u1edbi thi\u1ec7u\">\u0110\u1ecdc ti\u1ebfp<\/a><\/p>\n","protected":false},"author":2,"featured_media":52,"parent":0,"menu_order":0,"comment_status":"closed","ping_status":"closed","template":"","meta":{"footnotes":""},"_links":{"self":[{"href":"https:\/\/duyanhsms.com\/index.php\/wp-json\/wp\/v2\/pages\/12"}],"collection":[{"href":"https:\/\/duyanhsms.com\/index.php\/wp-json\/wp\/v2\/pages"}],"about":[{"href":"https:\/\/duyanhsms.com\/index.php\/wp-json\/wp\/v2\/types\/page"}],"author":[{"embeddable":true,"href":"https:\/\/duyanhsms.com\/index.php\/wp-json\/wp\/v2\/users\/2"}],"replies":[{"embeddable":true,"href":"https:\/\/duyanhsms.com\/index.php\/wp-json\/wp\/v2\/comments?post=12"}],"version-history":[{"count":1,"href":"https:\/\/duyanhsms.com\/index.php\/wp-json\/wp\/v2\/pages\/12\/revisions"}],"predecessor-version":[{"id":319,"href":"https:\/\/duyanhsms.com\/index.php\/wp-json\/wp\/v2\/pages\/12\/revisions\/319"}],"wp:featuredmedia":[{"embeddable":true,"href":"https:\/\/duyanhsms.com\/index.php\/wp-json\/"}],"wp:attachment":[{"href":"https:\/\/duyanhsms.com\/index.php\/wp-json\/wp\/v2\/media?parent=12"}],"curies":[{"name":"wp","href":"https:\/\/api.w.org\/{rel}","templated":true}]}}